{"id":939,"date":"2022-04-12T18:40:48","date_gmt":"2022-04-12T18:40:48","guid":{"rendered":"https:\/\/enelsol.es\/\/?page_id=939"},"modified":"2026-05-11T12:09:24","modified_gmt":"2026-05-11T12:09:24","slug":"todas-las-caminatas-senderismo","status":"publish","type":"page","link":"https:\/\/enelsol.es\/?page_id=939","title":{"rendered":"A caminar: Pr\u00f3ximas Caminatas"},"content":{"rendered":"\n<h1 class=\"wp-block-heading has-text-align-center has-text-color has-background has-link-color has-large-font-size wp-elements-bbbfbc2f7342598824f2fffe78b26d56\" style=\"color:#ed7e32;background-color:#1e3231\"><strong>Calendario <\/strong>primavera &#8211; verano 2026<\/h1>\n\n\n\n<p class=\"has-text-align-center has-sitebg-background-color has-text-color has-background has-link-color has-normal-font-size wp-elements-ad821b17df972504a318cd4f97807ce2\" style=\"color:#1e3231\"><em>Nota: <strong><mark style=\"background-color:rgba(0, 0, 0, 0);color:#ed7e32\" class=\"has-inline-color\">Actualizado 11\/05\/2026<\/mark><\/strong>. <\/em><\/p>\n\n\n\n<h2 class=\"wp-block-heading has-text-align-center has-text-color has-link-color has-large-font-size wp-elements-b684c45f61d8eb72f0574c93d365edc4\" style=\"color:#ed7e32\"><strong>Abril 2026<\/strong><\/h2>\n\n\n\n<div class=\"wp-block-media-text is-stacked-on-mobile has-sitebg-background-color has-background\"><figure class=\"wp-block-media-text__media\"><img loading=\"lazy\" decoding=\"async\" width=\"1024\" height=\"768\" src=\"https:\/\/enelsol.es\/wp-content\/uploads\/2026\/03\/Robellanos_1-1024x768.jpg\" alt=\"\" class=\"wp-image-6344 size-full\" srcset=\"https:\/\/enelsol.es\/wp-content\/uploads\/2026\/03\/Robellanos_1-1024x768.jpg 1024w, https:\/\/enelsol.es\/wp-content\/uploads\/2026\/03\/Robellanos_1-300x225.jpg 300w, https:\/\/enelsol.es\/wp-content\/uploads\/2026\/03\/Robellanos_1-768x576.jpg 768w, https:\/\/enelsol.es\/wp-content\/uploads\/2026\/03\/Robellanos_1-383x287.jpg 383w, https:\/\/enelsol.es\/wp-content\/uploads\/2026\/03\/Robellanos_1.jpg 1082w\" sizes=\"auto, (max-width: 1024px) 100vw, 1024px\" \/><\/figure><div class=\"wp-block-media-text__content\">\n<p class=\"has-text-align-center has-text-color has-background has-link-color wp-elements-b6a9bb61a3ba7cb60bc7d7e20bb91164\" style=\"color:#ed7e32;background-color:#1e3231\"><em>11 de abril: <\/em><strong>CASCADA DE ROVELLANOS<\/strong><\/p>\n\n\n\n<p class=\"has-text-color has-link-color wp-elements-ac3cbb5187119c821ea5809bf6422895\" style=\"color:#1e3231\">Aprovecharemos que a\u00fan corren con agua abundante para visitar esta espectacular triple cascad. El resto de la caminata es un precioso recorrido entre prados, arroyos cantarines y inigualables vistas de las sierras circundantes (montes Carpetanos y Ayll\u00f3n en el horizonte).<\/p>\n\n\n\n<div class=\"wp-block-buttons is-content-justification-center is-layout-flex wp-container-core-buttons-is-layout-16018d1d wp-block-buttons-is-layout-flex\">\n<div class=\"wp-block-button\"><a class=\"wp-block-button__link wp-element-button\" href=\"https:\/\/enelsol.es\/?page_id=28\">Reservas<\/a><\/div>\n\n\n\n<div class=\"wp-block-button\"><a class=\"wp-block-button__link wp-element-button\" href=\"https:\/\/enelsol.es\/?page_id=6372\">M\u00e1s info<\/a><\/div>\n<\/div>\n<\/div><\/div>\n\n\n\n<p class=\"has-sitebg-color has-text-color has-link-color wp-elements-f306afb9d21bab070df56952c1a77350\">.<\/p>\n\n\n\n<div class=\"wp-block-media-text has-media-on-the-right is-stacked-on-mobile\"><div class=\"wp-block-media-text__content\">\n<p class=\"has-text-align-center has-text-color has-background has-link-color wp-elements-55c78dcaf10af7202b208ae5e35e3fc4\" style=\"color:#ed7e32;background-color:#1e3231\"><em>18 de abril<\/em>.  VALLE DE LOS \u00c1RBOLES CENTENARIOS. CEREZOS EN FLOR<\/p>\n\n\n\n<p class=\"has-text-color has-link-color wp-elements-0788dcfb53f89dcb3deae2b73654069f\" style=\"color:#1e3231\">Una bella caminata entre robles centenarios, \u00e1rboles singulares y cerezos que estar\u00e1n en flor, por la sierra del Rinc\u00f3n, reserva de la Biosfera.<\/p>\n\n\n\n<p class=\"has-text-color has-link-color wp-elements-fb37628ff1135bdfff12aaf9ca6170d3\" style=\"color:#1e3231\">Y entre tanta belleza, obras de arte que jalonan parte del recorrido .<\/p>\n\n\n\n<div class=\"wp-block-buttons is-content-justification-center is-layout-flex wp-container-core-buttons-is-layout-16018d1d wp-block-buttons-is-layout-flex\">\n<div class=\"wp-block-button\"><a class=\"wp-block-button__link wp-element-button\" href=\"https:\/\/enelsol.es\/?page_id=28\">Reservas<\/a><\/div>\n\n\n\n<div class=\"wp-block-button\"><a class=\"wp-block-button__link wp-element-button\" href=\"https:\/\/enelsol.es\/?page_id=3881\">M\u00e1s info<\/a><\/div>\n<\/div>\n<\/div><figure class=\"wp-block-media-text__media\"><img loading=\"lazy\" decoding=\"async\" width=\"1024\" height=\"768\" src=\"https:\/\/enelsol.es\/wp-content\/uploads\/2024\/04\/Puebla_2-1024x768.jpg\" alt=\"\" class=\"wp-image-3895 size-full\" srcset=\"https:\/\/enelsol.es\/wp-content\/uploads\/2024\/04\/Puebla_2-1024x768.jpg 1024w, https:\/\/enelsol.es\/wp-content\/uploads\/2024\/04\/Puebla_2-300x225.jpg 300w, https:\/\/enelsol.es\/wp-content\/uploads\/2024\/04\/Puebla_2-768x576.jpg 768w, https:\/\/enelsol.es\/wp-content\/uploads\/2024\/04\/Puebla_2-383x287.jpg 383w, https:\/\/enelsol.es\/wp-content\/uploads\/2024\/04\/Puebla_2.jpg 1082w\" sizes=\"auto, (max-width: 1024px) 100vw, 1024px\" \/><\/figure><\/div>\n\n\n\n<p class=\"has-sitebg-color has-text-color has-link-color wp-elements-f306afb9d21bab070df56952c1a77350\">.<\/p>\n\n\n\n<div class=\"wp-block-media-text is-stacked-on-mobile has-sitebg-background-color has-background\"><figure class=\"wp-block-media-text__media\"><img loading=\"lazy\" decoding=\"async\" width=\"1024\" height=\"768\" src=\"https:\/\/enelsol.es\/wp-content\/uploads\/2025\/03\/Patones_1-1024x768.jpg\" alt=\"\" class=\"wp-image-4966 size-full\" srcset=\"https:\/\/enelsol.es\/wp-content\/uploads\/2025\/03\/Patones_1-1024x768.jpg 1024w, https:\/\/enelsol.es\/wp-content\/uploads\/2025\/03\/Patones_1-300x225.jpg 300w, https:\/\/enelsol.es\/wp-content\/uploads\/2025\/03\/Patones_1-768x576.jpg 768w, https:\/\/enelsol.es\/wp-content\/uploads\/2025\/03\/Patones_1-383x287.jpg 383w, https:\/\/enelsol.es\/wp-content\/uploads\/2025\/03\/Patones_1.jpg 1082w\" sizes=\"auto, (max-width: 1024px) 100vw, 1024px\" \/><\/figure><div class=\"wp-block-media-text__content\">\n<p class=\"has-text-align-center has-text-color has-background has-link-color wp-elements-70ad74bd8ac45bb155c80dfe7a7b9040\" style=\"color:#ed7e32;background-color:#1e3231\"><em>25 de abril<\/em> <strong>Fiordos de la Sierra Norte<\/strong><\/p>\n\n\n\n<p class=\"has-text-color has-link-color wp-elements-1b143cb18cec3219e8db032597603632\" style=\"color:#1e3231\">El alto de Cancho Cabeza es un mirador privilegiado desde el que se pueden divisar los innumerables brazos del embalse de El Atazar, la sierra de Ayll\u00f3n y la del Rinc\u00f3n con sus principales cimas. Pero no es el \u00fanico aliciente, un entretenido recorrido por la orilla del arroyo Patones, romeros, cantuesos y jaras todos en flor y para redondear el pueblo de Patones de Arriba.<\/p>\n\n\n\n<p class=\"has-text-color has-link-color wp-elements-c256cb2a8632ce509087034a3a0b4432\" style=\"color:#1e3231\"><\/p>\n\n\n\n<div class=\"wp-block-buttons is-content-justification-center is-layout-flex wp-container-core-buttons-is-layout-16018d1d wp-block-buttons-is-layout-flex\">\n<div class=\"wp-block-button\"><a class=\"wp-block-button__link wp-element-button\" href=\"https:\/\/enelsol.es\/?page_id=28\">Reservas<\/a><\/div>\n\n\n\n<div class=\"wp-block-button\"><a class=\"wp-block-button__link wp-element-button\" href=\"https:\/\/enelsol.es\/?page_id=4972\" target=\"_blank\" rel=\"noreferrer noopener\">M\u00e1s info<\/a><\/div>\n<\/div>\n<\/div><\/div>\n\n\n\n<p class=\"has-sitebg-color has-text-color has-link-color wp-elements-f306afb9d21bab070df56952c1a77350\">.<\/p>\n\n\n\n<h2 class=\"wp-block-heading has-text-align-center has-text-color has-link-color has-large-font-size wp-elements-6dba61c72dfa62ceae2c6d0aea290296\" style=\"color:#ed7e32\"><strong>Mayo 2026<\/strong><\/h2>\n\n\n\n<div class=\"wp-block-media-text is-stacked-on-mobile has-background\" style=\"background-color:#ed7e32\"><figure class=\"wp-block-media-text__media\"><img loading=\"lazy\" decoding=\"async\" width=\"1024\" height=\"766\" src=\"https:\/\/enelsol.es\/wp-content\/uploads\/2022\/06\/Arcipreste_2-1024x766.jpg\" alt=\"\" class=\"wp-image-1691 size-full\" srcset=\"https:\/\/enelsol.es\/wp-content\/uploads\/2022\/06\/Arcipreste_2-1024x766.jpg 1024w, https:\/\/enelsol.es\/wp-content\/uploads\/2022\/06\/Arcipreste_2-300x224.jpg 300w, https:\/\/enelsol.es\/wp-content\/uploads\/2022\/06\/Arcipreste_2-768x574.jpg 768w, https:\/\/enelsol.es\/wp-content\/uploads\/2022\/06\/Arcipreste_2-383x286.jpg 383w, https:\/\/enelsol.es\/wp-content\/uploads\/2022\/06\/Arcipreste_2.jpg 1082w\" sizes=\"auto, (max-width: 1024px) 100vw, 1024px\" \/><\/figure><div class=\"wp-block-media-text__content\">\n<p class=\"has-text-align-center has-text-color has-background has-link-color wp-elements-94fa0fd1b7c7fb3d1ad3ca3c458c26ba\" style=\"color:#ed7e32;background-color:#1e3231\"><em>16 de mayo<\/em> <strong>CAMBRO\u00d1OS, LA SIERRA ENGALANADA<\/strong><\/p>\n\n\n\n<p class=\"has-text-color has-link-color wp-elements-92bf69cf799a92f35ad447c5de098cda\" style=\"color:#1e3231\">Con la explosi\u00f3n de la primavera la sierra de llena de color, amarillo del cambro\u00f1o, morado de las lavandas y cantuesos, blancos de las jaras y multicolor de las flores. es la excusa perfecta para recorrer sus laderas. En el recorrido visitaremos las Pe\u00f1as del Arcipreste, monumento natural, donde buscaremos el cofre que contiene El Libro del Buen Amor, firmaremos en el libro de firmas y terminaremos ascendiendo a Cabeza Lijar, con unas vistas portentosas de la sierra<\/p>\n\n\n\n<div class=\"wp-block-buttons is-content-justification-center is-layout-flex wp-container-core-buttons-is-layout-16018d1d wp-block-buttons-is-layout-flex\">\n<div class=\"wp-block-button\"><a class=\"wp-block-button__link wp-element-button\" href=\"https:\/\/enelsol.es\/?page_id=28\">Reservas<\/a><\/div>\n\n\n\n<div class=\"wp-block-button\"><a class=\"wp-block-button__link wp-element-button\" href=\"https:\/\/enelsol.es\/?page_id=6411\" target=\"_blank\" rel=\"noreferrer noopener\">Mas Info<\/a><\/div>\n<\/div>\n<\/div><\/div>\n\n\n\n<p class=\"has-sitebg-color has-text-color has-link-color wp-elements-f306afb9d21bab070df56952c1a77350\">.<\/p>\n\n\n\n<div class=\"wp-block-media-text has-media-on-the-right is-stacked-on-mobile\"><div class=\"wp-block-media-text__content\">\n<p class=\"has-text-align-center has-text-color has-background has-link-color wp-elements-94409d72a55d2502ddea377989066ab0\" style=\"color:#ed7e32;background-color:#1e3231\"> <em>30 de mayo:<\/em> <strong>CASCADAS DEL ALJIBE<\/strong><\/p>\n\n\n\n<p class=\"has-text-color has-link-color wp-elements-70a5f307c505cde5e20fa3e9fdf557ab\" style=\"color:#1e3231\">En la sierra de Ayll\u00f3n, al pie del pico Ocej\u00f3n, en la comarca de los pueblos negros de Guadalajara, encontramos este bello conjunto de cascadas. La flor blanca de la jara, el puente medieval y la aldea abandonada de Matallana completan los atractivos de esta actividad.<\/p>\n\n\n\n<div class=\"wp-block-buttons is-content-justification-center is-layout-flex wp-container-core-buttons-is-layout-16018d1d wp-block-buttons-is-layout-flex\">\n<div class=\"wp-block-button\"><a class=\"wp-block-button__link wp-element-button\" href=\"https:\/\/enelsol.es\/?page_id=28\">Reservas<\/a><\/div>\n\n\n\n<div class=\"wp-block-button\"><a class=\"wp-block-button__link wp-element-button\" href=\"https:\/\/enelsol.es\/?page_id=2827\">M\u00e1s info<\/a><\/div>\n<\/div>\n<\/div><figure class=\"wp-block-media-text__media\"><img loading=\"lazy\" decoding=\"async\" width=\"1024\" height=\"766\" src=\"https:\/\/enelsol.es\/wp-content\/uploads\/2023\/03\/aljibe_1-1024x766.jpg\" alt=\"\" class=\"wp-image-2795 size-full\" srcset=\"https:\/\/enelsol.es\/wp-content\/uploads\/2023\/03\/aljibe_1-1024x766.jpg 1024w, https:\/\/enelsol.es\/wp-content\/uploads\/2023\/03\/aljibe_1-300x224.jpg 300w, https:\/\/enelsol.es\/wp-content\/uploads\/2023\/03\/aljibe_1-768x574.jpg 768w, https:\/\/enelsol.es\/wp-content\/uploads\/2023\/03\/aljibe_1-383x286.jpg 383w, https:\/\/enelsol.es\/wp-content\/uploads\/2023\/03\/aljibe_1.jpg 1082w\" sizes=\"auto, (max-width: 1024px) 100vw, 1024px\" \/><\/figure><\/div>\n\n\n\n<p class=\"has-sitebg-color has-text-color has-link-color wp-elements-f306afb9d21bab070df56952c1a77350\">.<\/p>\n\n\n\n<h2 class=\"wp-block-heading has-text-align-center has-text-color has-link-color has-large-font-size wp-elements-04e6a8e1208fcf53f2da3f338c66cf76\" style=\"color:#ed7e32\">Previsi\u00f3n j<strong>unio &#8211; julio 2026<\/strong><\/h2>\n\n\n\n<p class=\"has-text-align-center has-sitebg-background-color has-text-color has-background has-link-color has-normal-font-size wp-elements-6a49b7ac90a700e3fad18002a68d3dd8\" style=\"color:#1e3231\"><em>Nota: <strong><mark style=\"background-color:rgba(0, 0, 0, 0);color:#ed7e32\" class=\"has-inline-color\">Las fechas de las caminatas ser\u00e1n 6, 13 y 27 de junio y 4 y 18 de julio.<\/mark><\/strong><\/em><\/p>\n\n\n\n<p class=\"has-text-align-center has-sitebg-background-color has-text-color has-background has-link-color has-normal-font-size wp-elements-cfca82d721b647a91401dfaf20b4bc70\" style=\"color:#1e3231\">Queda mucho hasta entonces y, como ya sab\u00e9is, nos adaptamos a las circunstancias clim\u00e1ticas y meteorol\u00f3gicas para mayor disfrute de los participantes. No obstante, adelantamos nuestras ideas y ya las iremos concretando.<\/p>\n\n\n\n<div class=\"wp-block-media-text is-stacked-on-mobile has-sitebg-background-color has-background\"><figure class=\"wp-block-media-text__media\"><img loading=\"lazy\" decoding=\"async\" width=\"1024\" height=\"768\" src=\"https:\/\/enelsol.es\/wp-content\/uploads\/2026\/05\/Mierlo_3-1024x768.jpg\" alt=\"\" class=\"wp-image-6593 size-full\" srcset=\"https:\/\/enelsol.es\/wp-content\/uploads\/2026\/05\/Mierlo_3-1024x768.jpg 1024w, https:\/\/enelsol.es\/wp-content\/uploads\/2026\/05\/Mierlo_3-300x225.jpg 300w, https:\/\/enelsol.es\/wp-content\/uploads\/2026\/05\/Mierlo_3-768x576.jpg 768w, https:\/\/enelsol.es\/wp-content\/uploads\/2026\/05\/Mierlo_3-383x287.jpg 383w, https:\/\/enelsol.es\/wp-content\/uploads\/2026\/05\/Mierlo_3.jpg 1082w\" sizes=\"auto, (max-width: 1024px) 100vw, 1024px\" \/><\/figure><div class=\"wp-block-media-text__content\">\n<p class=\"has-text-align-center has-text-color has-background has-link-color wp-elements-593408450777e8eee9af9e7bc05c02b8\" style=\"color:#ed7e32;background-color:#1e3231\"><strong>LA CRUZ DEL MIERLO, DE LA PEDRIZA A LOS PORRONES. <\/strong><\/p>\n\n\n\n<p class=\"has-text-color has-link-color wp-elements-40b87c42fcc57e950851ea73cfea1e1e\" style=\"color:#1e3231\">Bella y asequible caminata por la Pedriza que nos llevar\u00e1 tras las huellas de los bandoleros, lugares emblem\u00e1ticos, miradores con magn\u00edficas panor\u00e1micas y dos fant\u00e1sticos alcornoques centenarios incrustados en la roca. Una jornada redonda a la que no le falta ning\u00fan ingrediente para dejarnos maravillados<\/p>\n\n\n\n<p class=\"has-text-color has-link-color wp-elements-c256cb2a8632ce509087034a3a0b4432\" style=\"color:#1e3231\"><\/p>\n\n\n\n<div class=\"wp-block-buttons is-content-justification-center is-layout-flex wp-container-core-buttons-is-layout-16018d1d wp-block-buttons-is-layout-flex\">\n<div class=\"wp-block-button\"><a class=\"wp-block-button__link wp-element-button\" href=\"https:\/\/enelsol.es\/?page_id=28\">Reservas<\/a><\/div>\n\n\n\n<div class=\"wp-block-button\"><a class=\"wp-block-button__link wp-element-button\" href=\"https:\/\/enelsol.es\/?page_id=6701\" target=\"_blank\" rel=\"noreferrer noopener\">M\u00e1s info<\/a><\/div>\n<\/div>\n<\/div><\/div>\n\n\n\n<p class=\"has-sitebg-color has-text-color has-link-color wp-elements-f306afb9d21bab070df56952c1a77350\">.<\/p>\n\n\n\n<div class=\"wp-block-media-text has-media-on-the-right is-stacked-on-mobile has-sitebg-background-color has-background\"><div class=\"wp-block-media-text__content\">\n<p class=\"has-text-align-center has-text-color has-background has-link-color wp-elements-34e7d78251f8ec1d3e5d906117780062\" style=\"color:#ed7e32;background-color:#1e3231\"><strong>VALLE DE LA BARRANCA<\/strong><\/p>\n\n\n\n<p class=\"has-text-color has-link-color wp-elements-8c44b737d5f313c68701c1b68512ac74\" style=\"color:#1e3231\">Circundado por la sierra de los Porrones, La Maliciosa y los Emburriaderos se encuentra el valle de la Barranca, un tesoro al que no le falta nada: peque\u00f1os lagos, espectaculares pinares, miradores y leyendas sorprendentes. <\/p>\n\n\n\n<p class=\"has-text-color has-link-color wp-elements-c256cb2a8632ce509087034a3a0b4432\" style=\"color:#1e3231\"><\/p>\n\n\n\n<div class=\"wp-block-buttons is-content-justification-center is-layout-flex wp-container-core-buttons-is-layout-16018d1d wp-block-buttons-is-layout-flex\">\n<div class=\"wp-block-button\"><a class=\"wp-block-button__link wp-element-button\" href=\"https:\/\/enelsol.es\/?page_id=28\">Reservas<\/a><\/div>\n\n\n\n<div class=\"wp-block-button\"><a class=\"wp-block-button__link wp-element-button\" href=\"https:\/\/enelsol.es\/?page_id=5674\">M\u00e1s info<\/a><\/div>\n<\/div>\n<\/div><figure class=\"wp-block-media-text__media\"><img loading=\"lazy\" decoding=\"async\" width=\"1024\" height=\"768\" src=\"https:\/\/enelsol.es\/wp-content\/uploads\/2025\/08\/Barranca_1-1024x768.jpg\" alt=\"\" class=\"wp-image-5545 size-full\" srcset=\"https:\/\/enelsol.es\/wp-content\/uploads\/2025\/08\/Barranca_1-1024x768.jpg 1024w, https:\/\/enelsol.es\/wp-content\/uploads\/2025\/08\/Barranca_1-300x225.jpg 300w, https:\/\/enelsol.es\/wp-content\/uploads\/2025\/08\/Barranca_1-768x576.jpg 768w, https:\/\/enelsol.es\/wp-content\/uploads\/2025\/08\/Barranca_1-383x287.jpg 383w, https:\/\/enelsol.es\/wp-content\/uploads\/2025\/08\/Barranca_1.jpg 1082w\" sizes=\"auto, (max-width: 1024px) 100vw, 1024px\" \/><\/figure><\/div>\n\n\n\n<p class=\"has-sitebg-color has-text-color has-link-color wp-elements-f306afb9d21bab070df56952c1a77350\">.<\/p>\n\n\n\n<div class=\"wp-block-media-text is-stacked-on-mobile\" style=\"grid-template-columns:29% auto\"><figure class=\"wp-block-media-text__media\"><img loading=\"lazy\" decoding=\"async\" width=\"215\" height=\"286\" src=\"https:\/\/enelsol.es\/wp-content\/uploads\/2024\/09\/SietePicos_mini_4.jpg\" alt=\"\" class=\"wp-image-4170 size-full\"\/><\/figure><div class=\"wp-block-media-text__content\">\n<p class=\"has-text-color has-link-color wp-elements-339ab91d2099f04bab129aa676e13a03\" style=\"color:#1e3231\">Haremos alguna cumbre, quiz\u00e1s en busca de la leyenda del nombre original de nuestra querida sierra de Guadarrama, la <em>Sierra del Drag\u00f3n<\/em>. Y contaremos los picos y veremos cuantos nos sal\u00e9n o si nos falta alguno.<\/p>\n<\/div><\/div>\n\n\n\n<p class=\"has-sitebg-color has-text-color has-link-color wp-elements-f306afb9d21bab070df56952c1a77350\">.<\/p>\n\n\n\n<div class=\"wp-block-media-text has-media-on-the-right is-stacked-on-mobile\" style=\"grid-template-columns:auto 36%\"><div class=\"wp-block-media-text__content\">\n<p class=\"has-text-color has-link-color wp-elements-0064e3458c91fc93984ddf3bd0ecee48\" style=\"color:#1e3231\">Y para los d\u00edas m\u00e1s calurosos, cuando la can\u00edcula haga insoportable la ciudad, buscaremos los rincones m\u00e1s frondosos de nuestra sierra, donde podremos aliviar el agobio estival.<\/p>\n<\/div><figure class=\"wp-block-media-text__media\"><img loading=\"lazy\" decoding=\"async\" width=\"1024\" height=\"766\" src=\"https:\/\/enelsol.es\/wp-content\/uploads\/2023\/03\/Socrates_1-1024x766.jpg\" alt=\"\" class=\"wp-image-2788 size-full\" srcset=\"https:\/\/enelsol.es\/wp-content\/uploads\/2023\/03\/Socrates_1-1024x766.jpg 1024w, https:\/\/enelsol.es\/wp-content\/uploads\/2023\/03\/Socrates_1-300x224.jpg 300w, https:\/\/enelsol.es\/wp-content\/uploads\/2023\/03\/Socrates_1-768x574.jpg 768w, https:\/\/enelsol.es\/wp-content\/uploads\/2023\/03\/Socrates_1-383x286.jpg 383w, https:\/\/enelsol.es\/wp-content\/uploads\/2023\/03\/Socrates_1.jpg 1082w\" sizes=\"auto, (max-width: 1024px) 100vw, 1024px\" \/><\/figure><\/div>\n\n\n\n<p><\/p>\n","protected":false},"excerpt":{"rendered":"<p>Calendario primavera &#8211; verano 2026 Nota: Actualizado 11\/05\/2026. Abril 2026 . . . Mayo 2026 . . Previsi\u00f3n junio &#8211; julio 2026 Nota: Las fechas &hellip;<\/p>\n","protected":false},"author":1,"featured_media":2285,"parent":2,"menu_order":1,"comment_status":"closed","ping_status":"closed","template":"","meta":{"advanced_seo_description":"","jetpack_seo_html_title":"","jetpack_seo_noindex":false,"footnotes":""},"class_list":["post-939","page","type-page","status-publish","has-post-thumbnail","hentry"],"jetpack_sharing_enabled":true,"_links":{"self":[{"href":"https:\/\/enelsol.es\/index.php?rest_route=\/wp\/v2\/pages\/939","targetHints":{"allow":["GET"]}}],"collection":[{"href":"https:\/\/enelsol.es\/index.php?rest_route=\/wp\/v2\/pages"}],"about":[{"href":"https:\/\/enelsol.es\/index.php?rest_route=\/wp\/v2\/types\/page"}],"author":[{"embeddable":true,"href":"https:\/\/enelsol.es\/index.php?rest_route=\/wp\/v2\/users\/1"}],"replies":[{"embeddable":true,"href":"https:\/\/enelsol.es\/index.php?rest_route=%2Fwp%2Fv2%2Fcomments&post=939"}],"version-history":[{"count":203,"href":"https:\/\/enelsol.es\/index.php?rest_route=\/wp\/v2\/pages\/939\/revisions"}],"predecessor-version":[{"id":6742,"href":"https:\/\/enelsol.es\/index.php?rest_route=\/wp\/v2\/pages\/939\/revisions\/6742"}],"up":[{"embeddable":true,"href":"https:\/\/enelsol.es\/index.php?rest_route=\/wp\/v2\/pages\/2"}],"wp:featuredmedia":[{"embeddable":true,"href":"https:\/\/enelsol.es\/index.php?rest_route=\/wp\/v2\/media\/2285"}],"wp:attachment":[{"href":"https:\/\/enelsol.es\/index.php?rest_route=%2Fwp%2Fv2%2Fmedia&parent=939"}],"curies":[{"name":"wp","href":"https:\/\/api.w.org\/{rel}","templated":true}]}}