{"id":6372,"date":"2026-03-31T17:26:34","date_gmt":"2026-03-31T17:26:34","guid":{"rendered":"https:\/\/enelsol.es\/?page_id=6372"},"modified":"2026-04-04T09:50:05","modified_gmt":"2026-04-04T09:50:05","slug":"cascadas-de-rovellanos","status":"publish","type":"page","link":"https:\/\/enelsol.es\/?page_id=6372","title":{"rendered":"Cascadas de Rovellanos"},"content":{"rendered":"\n<h2 class=\"wp-block-heading has-text-align-center has-text-color\" style=\"color:#ed7e31\">Cascadas de Rovellanos<\/h2>\n\n\n\n<div class=\"wp-block-columns is-not-stacked-on-mobile is-layout-flex wp-container-core-columns-is-layout-9d6595d7 wp-block-columns-is-layout-flex\">\n<div class=\"wp-block-column is-layout-flow wp-block-column-is-layout-flow\" style=\"flex-basis:20%\">\n<div class=\"wp-block-media-text is-stacked-on-mobile is-vertically-aligned-top has-accent-1-color has-text-color\" style=\"grid-template-columns:21% auto\"><figure class=\"wp-block-media-text__media\"><img loading=\"lazy\" decoding=\"async\" width=\"33\" height=\"33\" src=\"https:\/\/enelsol.es\/\/wp-content\/uploads\/2022\/04\/calendario_mini_i.png\" alt=\"\" class=\"wp-image-644 size-full\"\/><\/figure><div class=\"wp-block-media-text__content\">\n<p class=\"has-text-color has-small-font-size\" style=\"color:#1e3231\">11\/04\/2026<\/p>\n<\/div><\/div>\n\n\n\n<p class=\"has-sitebg-color has-text-color has-link-color wp-elements-f306afb9d21bab070df56952c1a77350\">.<\/p>\n\n\n\n<div class=\"wp-block-columns is-layout-flex wp-container-core-columns-is-layout-9d6595d7 wp-block-columns-is-layout-flex\">\n<div class=\"wp-block-column is-layout-flow wp-block-column-is-layout-flow\">\n<div class=\"wp-block-media-text is-stacked-on-mobile is-vertically-aligned-bottom\" style=\"grid-template-columns:20% auto\"><figure class=\"wp-block-media-text__media\"><img loading=\"lazy\" decoding=\"async\" width=\"33\" height=\"33\" src=\"https:\/\/enelsol.es\/\/wp-content\/uploads\/2022\/04\/reloj_mini_i.png\" alt=\"\" class=\"wp-image-964 size-full\"\/><\/figure><div class=\"wp-block-media-text__content\">\n<p class=\"has-text-color has-small-font-size\" style=\"color:#1e3231\">09:00<\/p>\n<\/div><\/div>\n<\/div>\n<\/div>\n\n\n\n<p class=\"has-sitebg-color has-text-color has-link-color wp-elements-f306afb9d21bab070df56952c1a77350\">.<\/p>\n\n\n\n<div class=\"wp-block-media-text is-stacked-on-mobile is-vertically-aligned-bottom has-accent-1-color has-text-color\" style=\"grid-template-columns:20% auto\"><figure class=\"wp-block-media-text__media\"><img loading=\"lazy\" decoding=\"async\" width=\"33\" height=\"33\" src=\"https:\/\/enelsol.es\/\/wp-content\/uploads\/2022\/04\/itinerario_mini_i.png\" alt=\"\" class=\"wp-image-638 size-full\"\/><\/figure><div class=\"wp-block-media-text__content\">\n<p class=\"has-text-color has-small-font-size\" style=\"color:#1e3231\">15.5 km<\/p>\n<\/div><\/div>\n\n\n\n<div class=\"wp-block-columns is-layout-flex wp-container-core-columns-is-layout-9d6595d7 wp-block-columns-is-layout-flex\">\n<div class=\"wp-block-column is-layout-flow wp-block-column-is-layout-flow\"><\/div>\n<\/div>\n\n\n\n<p class=\"has-sitebg-color has-text-color has-link-color wp-elements-f306afb9d21bab070df56952c1a77350\">.<\/p>\n\n\n\n<div class=\"wp-block-media-text is-stacked-on-mobile is-vertically-aligned-bottom has-accent-1-color has-text-color\" style=\"grid-template-columns:20% auto\"><figure class=\"wp-block-media-text__media\"><a href=\"https:\/\/enelsol.es\/\/?page_id=156\" target=\"_blank\" rel=\"noopener\"><img loading=\"lazy\" decoding=\"async\" width=\"33\" height=\"33\" src=\"https:\/\/enelsol.es\/wp-content\/uploads\/2022\/04\/N1_mini_i.png\" alt=\"\" class=\"wp-image-640 size-full\"\/><\/a><\/figure><div class=\"wp-block-media-text__content\">\n<p class=\"has-text-color has-small-font-size\" style=\"color:#1e3231\">Nivel 1+<\/p>\n<\/div><\/div>\n<\/div>\n\n\n\n<div class=\"wp-block-column is-vertically-aligned-center is-layout-flow wp-block-column-is-layout-flow\" style=\"flex-basis:55%\">\t\t<div id=\"serious-slider-103-rnd8133\" class=\"cryout-serious-slider seriousslider serious-slider-103-rnd8133 serious-slider-103 seriousslider-overlay1 seriousslider-light seriousslider-shadow-none seriousslider-responsive-maintain seriousslider-hidetitles-1 seriousslider-slide seriousslider-sizing0 seriousslider-aligncenter seriousslider-caption-animation-slide seriousslider-textstyle-textshadow\" data-ride=\"seriousslider\">\n\t\t\t<div class=\"seriousslider-inner\" role=\"listbox\">\n\n\t\t\t\n\t\t\t<div class=\"item slide-1 active\" role=\"option\">\n\t\t\t\t\t\t\t\t<a  >\n\t\t\t\t\t<img decoding=\"async\" class=\"item-image\" src=\"https:\/\/enelsol.es\/wp-content\/uploads\/2026\/03\/Robellanos_mini_1.jpg\" alt=\"Rovellanos_mini_1\" >\n\t\t\t\t<\/a>\n\t\t\t\t\t\t\t\t\t\t\t\t<div class=\"seriousslider-caption\">\n\t\t\t\t\t<div class=\"seriousslider-caption-inside\">\n\t\t\t\t\t\t\t\t\t\t\t\t\t\t\t\t\t\t<div class=\"seriousslider-caption-buttons\">\n\t\t\t\t\t\t\t\t\t\t\t\t\t\t\t\t\t\t\t\t\t\t\t\t\t\t\t\t\t\t\t\t\t\t\t\t\t\t\t\t\t\t\t<\/div>\n\t\t\t\t\t<\/div><!--seriousslider-caption-inside-->\n\t\t\t\t<\/div><!--seriousslider-caption-->\n\t\t\t\t\t\t\t\t<div class=\"seriousslider-hloader\"><\/div>\n\t\t\t\t<figure class=\"seriousslider-cloader\">\n\t\t\t\t\t<svg width=\"200\" height=\"200\">\n\t\t\t\t\t\t<circle cx=\"95\" cy=\"95\" r=\"20\" transform=\"rotate(-90, 95, 95)\"\/>\n\t\t\t\t\t<\/svg>\n\t\t\t  <\/figure>\n\t\t\t<\/div>\n\n\t\t\t\n\t\t\t<div class=\"item slide-2 \" role=\"option\">\n\t\t\t\t\t\t\t\t<a  >\n\t\t\t\t\t<img decoding=\"async\" class=\"item-image\" src=\"https:\/\/enelsol.es\/wp-content\/uploads\/2026\/03\/Robellanos_mini_5.jpg\" alt=\"Rovellanos_mini_5\" >\n\t\t\t\t<\/a>\n\t\t\t\t\t\t\t\t\t\t\t\t<div class=\"seriousslider-caption\">\n\t\t\t\t\t<div class=\"seriousslider-caption-inside\">\n\t\t\t\t\t\t\t\t\t\t\t\t\t\t\t\t\t\t<div class=\"seriousslider-caption-buttons\">\n\t\t\t\t\t\t\t\t\t\t\t\t\t\t\t\t\t\t\t\t\t\t\t\t\t\t\t\t\t\t\t\t\t\t\t\t\t\t\t\t\t\t\t<\/div>\n\t\t\t\t\t<\/div><!--seriousslider-caption-inside-->\n\t\t\t\t<\/div><!--seriousslider-caption-->\n\t\t\t\t\t\t\t\t<div class=\"seriousslider-hloader\"><\/div>\n\t\t\t\t<figure class=\"seriousslider-cloader\">\n\t\t\t\t\t<svg width=\"200\" height=\"200\">\n\t\t\t\t\t\t<circle cx=\"95\" cy=\"95\" r=\"20\" transform=\"rotate(-90, 95, 95)\"\/>\n\t\t\t\t\t<\/svg>\n\t\t\t  <\/figure>\n\t\t\t<\/div>\n\n\t\t\t\n\t\t\t<div class=\"item slide-3 \" role=\"option\">\n\t\t\t\t\t\t\t\t<a  >\n\t\t\t\t\t<img decoding=\"async\" class=\"item-image\" src=\"https:\/\/enelsol.es\/wp-content\/uploads\/2026\/03\/Robellanos_mini_3.jpg\" alt=\"Rovellanos_mini_3\" >\n\t\t\t\t<\/a>\n\t\t\t\t\t\t\t\t\t\t\t\t<div class=\"seriousslider-caption\">\n\t\t\t\t\t<div class=\"seriousslider-caption-inside\">\n\t\t\t\t\t\t\t\t\t\t\t\t\t\t\t\t\t\t<div class=\"seriousslider-caption-buttons\">\n\t\t\t\t\t\t\t\t\t\t\t\t\t\t\t\t\t\t\t\t\t\t\t\t\t\t\t\t\t\t\t\t\t\t\t\t\t\t\t\t\t\t\t<\/div>\n\t\t\t\t\t<\/div><!--seriousslider-caption-inside-->\n\t\t\t\t<\/div><!--seriousslider-caption-->\n\t\t\t\t\t\t\t\t<div class=\"seriousslider-hloader\"><\/div>\n\t\t\t\t<figure class=\"seriousslider-cloader\">\n\t\t\t\t\t<svg width=\"200\" height=\"200\">\n\t\t\t\t\t\t<circle cx=\"95\" cy=\"95\" r=\"20\" transform=\"rotate(-90, 95, 95)\"\/>\n\t\t\t\t\t<\/svg>\n\t\t\t  <\/figure>\n\t\t\t<\/div>\n\n\t\t\t\t\t\t<\/div>\n\n\t\t\t<div class=\"seriousslider-indicators\">\n\t\t\t\t<ol class=\"seriousslider-indicators-inside\">\n\t\t\t\t\t\t\t\t\t\t<li data-target=\"#serious-slider-103\" data-slide-to=\"0\" class=\"active\"><\/li>\n\t\t\t\t\t\t\t\t\t\t<li data-target=\"#serious-slider-103\" data-slide-to=\"1\" ><\/li>\n\t\t\t\t\t\t\t\t\t\t<li data-target=\"#serious-slider-103\" data-slide-to=\"2\" ><\/li>\n\t\t\t\t\t\t\t\t\t<\/ol>\n\t\t\t<\/div>\n\n\t\t\t<button class=\"left seriousslider-control\" data-target=\"#serious-slider-103-rnd8133\" role=\"button\" data-slide=\"prev\">\n\t\t\t  <span class=\"sicon-prev control-arrow\" aria-hidden=\"true\"><\/span>\n\t\t\t  <span class=\"sr-only\">Previous Slide<\/span>\n\t\t\t<\/button>\n\t\t\t<button class=\"right seriousslider-control\" data-target=\"#serious-slider-103-rnd8133\" role=\"button\" data-slide=\"next\">\n\t\t\t  <span class=\"sicon-next control-arrow\" aria-hidden=\"true\"><\/span>\n\t\t\t  <span class=\"sr-only\">Next Slide<\/span>\n\t\t\t<\/button>\n\t\t<\/div>\n\t\t\n<\/div>\n\n\n\n<div class=\"wp-block-column is-layout-flow wp-block-column-is-layout-flow\" style=\"flex-basis:20%\">\n<div class=\"wp-block-media-text alignwide has-media-on-the-right is-stacked-on-mobile is-vertically-aligned-center has-accent-1-color has-text-color\" style=\"grid-template-columns:auto 20%\"><div class=\"wp-block-media-text__content\">\n<p class=\"has-text-align-right has-text-color has-small-font-size\" style=\"color:#1e3231\">17 \u20ac<\/p>\n<\/div><figure class=\"wp-block-media-text__media\"><img loading=\"lazy\" decoding=\"async\" width=\"33\" height=\"33\" src=\"https:\/\/enelsol.es\/\/wp-content\/uploads\/2022\/04\/euro_mini_i.png\" alt=\"\" class=\"wp-image-654 size-full\"\/><\/figure><\/div>\n\n\n\n<div class=\"wp-block-columns is-layout-flex wp-container-core-columns-is-layout-9d6595d7 wp-block-columns-is-layout-flex\">\n<div class=\"wp-block-column is-layout-flow wp-block-column-is-layout-flow\"><\/div>\n<\/div>\n\n\n\n<div class=\"wp-block-media-text alignwide has-media-on-the-right is-stacked-on-mobile is-vertically-aligned-bottom has-accent-1-color has-text-color\" style=\"grid-template-columns:auto 20%\"><div class=\"wp-block-media-text__content\">\n<p class=\"has-text-align-right has-text-color has-small-font-size\" style=\"color:#1e3231\">Circular<\/p>\n<\/div><figure class=\"wp-block-media-text__media\"><img loading=\"lazy\" decoding=\"async\" width=\"33\" height=\"33\" src=\"https:\/\/enelsol.es\/wp-content\/uploads\/2022\/04\/circular_mini_i.png\" alt=\"\" class=\"wp-image-646 size-full\"\/><\/figure><\/div>\n\n\n\n<div class=\"wp-block-columns is-layout-flex wp-container-core-columns-is-layout-9d6595d7 wp-block-columns-is-layout-flex\">\n<div class=\"wp-block-column is-layout-flow wp-block-column-is-layout-flow\"><\/div>\n<\/div>\n\n\n\n<p class=\"has-sitebg-color has-text-color has-link-color wp-elements-f306afb9d21bab070df56952c1a77350\">.<\/p>\n\n\n\n<div class=\"wp-block-columns is-layout-flex wp-container-core-columns-is-layout-9d6595d7 wp-block-columns-is-layout-flex\">\n<div class=\"wp-block-column is-layout-flow wp-block-column-is-layout-flow\">\n<div class=\"wp-block-media-text alignwide has-media-on-the-right is-stacked-on-mobile is-vertically-aligned-bottom has-accent-1-color has-text-color\" style=\"grid-template-columns:auto 20%\"><div class=\"wp-block-media-text__content\">\n<p class=\"has-text-align-right has-text-color has-small-font-size\" style=\"color:#1e3231\"><\/p>\n<\/div><figure class=\"wp-block-media-text__media\"><img loading=\"lazy\" decoding=\"async\" width=\"33\" height=\"32\" src=\"https:\/\/enelsol.es\/\/wp-content\/uploads\/2022\/04\/cesta-de-picnic_mini_i.png\" alt=\"\" class=\"wp-image-906 size-full\"\/><\/figure><\/div>\n<\/div>\n<\/div>\n\n\n\n<p class=\"has-sitebg-color has-text-color has-link-color wp-elements-f306afb9d21bab070df56952c1a77350\">.<\/p>\n\n\n\n<div class=\"wp-block-media-text alignwide has-media-on-the-right is-stacked-on-mobile\" style=\"grid-template-columns:auto 20%\"><div class=\"wp-block-media-text__content\">\n<p class=\"has-text-align-right has-small-font-size\">No hay fuentes<\/p>\n<\/div><figure class=\"wp-block-media-text__media\"><img loading=\"lazy\" decoding=\"async\" width=\"33\" height=\"33\" src=\"https:\/\/enelsol.es\/wp-content\/uploads\/2022\/04\/fuente_NO_mini_i.png\" alt=\"\" class=\"wp-image-904 size-full\"\/><\/figure><\/div>\n<\/div>\n<\/div>\n\n\n\n<div class=\"wp-block-columns is-not-stacked-on-mobile has-sitebg-background-color has-background is-layout-flex wp-container-core-columns-is-layout-9d6595d7 wp-block-columns-is-layout-flex\">\n<div class=\"wp-block-column is-layout-flow wp-block-column-is-layout-flow\" style=\"flex-basis:20%\">\n<div class=\"wp-block-media-text is-stacked-on-mobile is-vertically-aligned-center has-accent-1-color has-text-color\" style=\"grid-template-columns:25% auto\"><figure class=\"wp-block-media-text__media\"><img loading=\"lazy\" decoding=\"async\" width=\"33\" height=\"33\" src=\"https:\/\/enelsol.es\/\/wp-content\/uploads\/2022\/04\/Desnivel_mini_i.png\" alt=\"\" class=\"wp-image-653 size-full\"\/><\/figure><div class=\"wp-block-media-text__content\">\n<p class=\"has-text-color has-small-font-size\" style=\"color:#1e3231\">Des. 550 m<\/p>\n<\/div><\/div>\n<\/div>\n\n\n\n<div class=\"wp-block-column is-layout-flow wp-block-column-is-layout-flow\" style=\"flex-basis:20%\">\n<div class=\"wp-block-media-text alignfull is-stacked-on-mobile is-vertically-aligned-center\" style=\"grid-template-columns:25% auto\"><figure class=\"wp-block-media-text__media\"><img loading=\"lazy\" decoding=\"async\" width=\"33\" height=\"33\" src=\"https:\/\/enelsol.es\/\/wp-content\/uploads\/2022\/04\/maxmin_mini_i.png\" alt=\"\" class=\"wp-image-655 size-full\"\/><\/figure><div class=\"wp-block-media-text__content\">\n<p class=\"has-text-align-left has-text-color has-small-font-size\" style=\"color:#1e3231\">Max 1424<\/p>\n\n\n\n<p class=\"has-text-align-left has-text-color has-small-font-size\" style=\"color:#1e3231\">Min 1160<\/p>\n<\/div><\/div>\n<\/div>\n\n\n\n<div class=\"wp-block-column is-layout-flow wp-block-column-is-layout-flow\" style=\"flex-basis:20%\">\n<div class=\"wp-block-media-text alignfull is-stacked-on-mobile is-vertically-aligned-center\" style=\"grid-template-columns:25% auto\"><figure class=\"wp-block-media-text__media\"><img loading=\"lazy\" decoding=\"async\" width=\"33\" height=\"33\" src=\"https:\/\/enelsol.es\/\/wp-content\/uploads\/2022\/04\/duracion_mini_i.png\" alt=\"\" class=\"wp-image-637 size-full\"\/><\/figure><div class=\"wp-block-media-text__content\">\n<p class=\"has-text-align-left has-text-color has-small-font-size\" style=\"color:#1e3231\">5\/6 horas aprox<\/p>\n<\/div><\/div>\n<\/div>\n\n\n\n<div class=\"wp-block-column is-layout-flow wp-block-column-is-layout-flow\" style=\"flex-basis:20%\">\n<div class=\"wp-block-media-text alignfull is-stacked-on-mobile is-vertically-aligned-center\" style=\"grid-template-columns:25% auto\"><figure class=\"wp-block-media-text__media\"><img loading=\"lazy\" decoding=\"async\" width=\"33\" height=\"33\" src=\"https:\/\/enelsol.es\/\/wp-content\/uploads\/2022\/04\/ubicacion_mini_i.png\" alt=\"\" class=\"wp-image-643 size-full\"\/><\/figure><div class=\"wp-block-media-text__content\">\n<p class=\"has-text-align-left has-text-color has-small-font-size\" style=\"color:#1e3231\">Canencia<\/p>\n<\/div><\/div>\n<\/div>\n<\/div>\n\n\n\n<div class=\"wp-block-buttons alignwide is-content-justification-space-between is-layout-flex wp-container-core-buttons-is-layout-3d213aab wp-block-buttons-is-layout-flex\">\n<div class=\"wp-block-button has-custom-width wp-block-button__width-25 is-style-outline is-style-outline--1\"><a class=\"wp-block-button__link has-sitebg-color has-text-color has-background has-small-font-size has-custom-font-size wp-element-button\" href=\"https:\/\/enelsol.es\/wp-content\/uploads\/2026\/03\/Ficha_Rovellanos.pdf\" style=\"border-radius:100px;background-color:#1e3231\" target=\"_blank\" rel=\"noreferrer noopener\">PDF<\/a><\/div>\n\n\n\n<div class=\"wp-block-button has-custom-width wp-block-button__width-50 is-style-outline is-style-outline--2\"><a class=\"wp-block-button__link has-sitebg-color has-text-color has-background has-small-font-size has-custom-font-size wp-element-button\" href=\"https:\/\/enelsol.es\/\/?page_id=156\" style=\"border-radius:100px;background-color:#1e3231\" target=\"_blank\" rel=\"noreferrer noopener\">Determina tu nivel<\/a><\/div>\n\n\n\n<div class=\"wp-block-button has-custom-width wp-block-button__width-25 is-style-outline is-style-outline--3\"><a class=\"wp-block-button__link has-sitebg-color has-text-color has-background has-custom-font-size wp-element-button\" href=\"https:\/\/enelsol.es\/\/?page_id=28\" style=\"border-radius:100px;background-color:#1e3231;font-size:9px\" target=\"_blank\" rel=\"noreferrer noopener\">Reserva<\/a><\/div>\n\n\n\n<div class=\"wp-block-button has-custom-width wp-block-button__width-50 is-style-outline is-style-outline--4\"><a class=\"wp-block-button__link has-sitebg-color has-text-color has-background has-small-font-size has-custom-font-size wp-element-button\" href=\"https:\/\/enelsol.es\/\/?page_id=158(abre en una nueva pesta\u00f1a)\" style=\"border-radius:100px;background-color:#1e3231\">Condiciones generales<\/a><\/div>\n<\/div>\n\n\n<div class=\"wp-block-image is-style-columns\">\n<figure class=\"aligncenter size-full\"><img loading=\"lazy\" decoding=\"async\" width=\"960\" height=\"720\" src=\"https:\/\/enelsol.es\/wp-content\/uploads\/2026\/03\/Perfil_Rovellanos.jpg\" alt=\"\" class=\"wp-image-6369\" srcset=\"https:\/\/enelsol.es\/wp-content\/uploads\/2026\/03\/Perfil_Rovellanos.jpg 960w, https:\/\/enelsol.es\/wp-content\/uploads\/2026\/03\/Perfil_Rovellanos-300x225.jpg 300w, https:\/\/enelsol.es\/wp-content\/uploads\/2026\/03\/Perfil_Rovellanos-768x576.jpg 768w, https:\/\/enelsol.es\/wp-content\/uploads\/2026\/03\/Perfil_Rovellanos-383x287.jpg 383w\" sizes=\"auto, (max-width: 960px) 100vw, 960px\" \/><\/figure>\n<\/div>\n\n\n<p class=\"has-text-color\" style=\"color:#1e3231\"><span style=\"text-decoration: underline;\"><strong>\u00c1mbito geogr\u00e1fico<\/strong><\/span>: La <span style=\"color: #ff6600;\"><strong>Caminata<\/strong><\/span> trascurre por la vertiente norte de la sierra de La Morcuera, frente al valle medio del Lozoya<\/p>\n\n\n\n<p class=\"has-text-color\" style=\"color:#1e3231\"><strong><span style=\"text-decoration: underline;\">Recorrido<\/span><\/strong>: Se trata de una <span style=\"color: #ff6600;\"><strong>Caminata<\/strong><\/span> circular que transita entre prados de monta\u00f1a y arroyos cantarines cuyo rumor nos acompa\u00f1ar\u00e1 buena parte del camino. La altitud supera siempre los 1.000m<\/p>\n\n\n\n<p class=\"has-text-color\" style=\"color:#1e3231\">El punto de referencia para el inicio la poblaci\u00f3n de Canencia.<\/p>\n\n\n\n<div class=\"wp-block-media-text alignwide is-stacked-on-mobile\"><figure class=\"wp-block-media-text__media\"><img loading=\"lazy\" decoding=\"async\" width=\"960\" height=\"720\" src=\"https:\/\/enelsol.es\/wp-content\/uploads\/2026\/03\/Mapa_Rovellanos.jpg\" alt=\"\" class=\"wp-image-6367 size-full\" srcset=\"https:\/\/enelsol.es\/wp-content\/uploads\/2026\/03\/Mapa_Rovellanos.jpg 960w, https:\/\/enelsol.es\/wp-content\/uploads\/2026\/03\/Mapa_Rovellanos-300x225.jpg 300w, https:\/\/enelsol.es\/wp-content\/uploads\/2026\/03\/Mapa_Rovellanos-768x576.jpg 768w, https:\/\/enelsol.es\/wp-content\/uploads\/2026\/03\/Mapa_Rovellanos-383x287.jpg 383w\" sizes=\"auto, (max-width: 960px) 100vw, 960px\" \/><\/figure><div class=\"wp-block-media-text__content\">\n<p class=\"has-text-color\" style=\"color:#1e3231\">Desde el pueblo de Canencia saldremos en busca del helipuerto para tomar un camino a la derecha que, paralelo al r\u00edo Canencia, nos acerca a un mirador que nos ofrece unas bellas vistas del pueblo con los montes Carpetanos al fondo.<\/p>\n\n\n\n<p class=\"has-text-color\" style=\"color:#1e3231\">A la altura del peque\u00f1o embalse, nos desviaremos para remontar el valle de Matallana en busca de la triple Cascada de Rovellanos. Tras las fotos y el disfrute volveremos al camino por el embalse.<\/p>\n<\/div><\/div>\n\n\n\n<div class=\"wp-block-media-text has-media-on-the-right is-stacked-on-mobile\" style=\"grid-template-columns:auto 32%\"><div class=\"wp-block-media-text__content\">\n<p class=\"has-text-color has-link-color wp-elements-ad1687d338534e1eaa4fd2c39d217ff8\" style=\"color:#1e3231\">A\u00fan seguiremos ascendiendo un trecho, por la amplia pista entre pinos y vacas para llegar a las praderas de monta\u00f1a donde el camino se torna en senda estrecha y poco marcada. Es el reino de retamas y rosales silvestres.<\/p>\n\n\n\n<p class=\"has-text-color has-link-color wp-elements-e542136b4368a5d033b670f5b2ede60b\" style=\"color:#1e3231\">Tras el nacedero del Goyete comenzaremos el descenso hac\u00eda la ermita de Nuestra Se\u00f1ora de los Prados a la que se puede acceder tras pasar un nuevo peque\u00f1o embalse. <\/p>\n<\/div><figure class=\"wp-block-media-text__media\"><img loading=\"lazy\" decoding=\"async\" width=\"215\" height=\"287\" src=\"https:\/\/enelsol.es\/wp-content\/uploads\/2026\/03\/Robellanos_mini_2.jpg\" alt=\"\" class=\"wp-image-6353 size-full\"\/><\/figure><\/div>\n\n\n\n<p class=\"has-text-color\" style=\"color:#1e3231\">Para regresar a Canencia podremos optar por un camino que sube al Picazuelo, las vistas que ofrece compensan con creces el esfuerzo de subir. Pero si ya hemos llegado cansados podemos optar por el camino que a trav\u00e9s del robledal rodea el monte.<\/p>\n\n\n\n<p class=\"has-text-color\" style=\"color:#1e3231\"><span style=\"text-decoration: underline;\"><strong>Puntos de dificultad<\/strong><\/span>: La subida hasta la cascada se hace por una senda estrecha y de pendiente moderada. Algunos tramos del recorrido son por peque\u00f1as sendas con vegetaci\u00f3n cerrada que puede molestar al caminar. Hay tramos en los que seguir la senda requiere alta capacidad de orientaci\u00f3n, si no se conoce mejor con gu\u00eda.<\/p>\n\n\n\n<p class=\"has-text-color\" style=\"color:#1e3231\"><strong><span style=\"text-decoration: underline;\">Fuentes<\/span><\/strong>: No hay fuentes en el recorrido<\/p>\n\n\n\n<p class=\"has-text-color\" style=\"color:#1e3231\"><span style=\"text-decoration: underline;\"><strong>Valores naturales y p<\/strong><\/span><strong><span style=\"text-decoration: underline;\">aisaj\u00edsticos de inter\u00e9s<\/span>:<\/strong> La cascada de Rovellanos, un triple salto de agua es excusa suficiente. Adem\u00e1s esta <span style=\"color: #ff6600;\"><strong>Caminata<\/strong><\/span> ofrece unos bellos paisajes de los montes Carpetanos, Ayll\u00f3n y el valle medio del Lozoya. Caminar cerca de impetuosos arroyos ofrece un continuo rumor de agua que es una delicia para los sentidos.<\/p>\n\n\n\n<p class=\"has-text-color\" style=\"color:#1e3231\"><strong><span style=\"text-decoration: underline;\">Valores hist\u00f3rico-culturales<\/span>:<\/strong> No incluidos en la <span style=\"color: #ff6600;\"><strong>Caminata<\/strong><\/span>: poblaciones de Canencia y La Serna del Monte<\/p>\n\n\n\n<p class=\"has-text-color\" style=\"color:#1e3231\">En un radio de unos pocos kil\u00f3metros se encuentran los lugares citados que podr\u00e1n ser visitados de manera privada una vez finalizada la <span style=\"color: #ff6600;\"><strong>Caminata<\/strong><\/span><\/p>\n\n\n\n<p class=\"has-text-color\" style=\"color:#1e3231\"><strong><span style=\"text-decoration: underline;\">Equipo \/ Comida y Bebida<\/span>:<\/strong> no incluidos en el precio de la <span style=\"color: #ff6600;\"><strong>Caminata<\/strong><\/span><\/p>\n\n\n\n<p class=\"has-text-color\" style=\"color:#1e3231\">Es imprescindible el uso de vestimenta adecuada y adaptada a las condiciones clim\u00e1ticas y <a rel=\"noreferrer noopener\" href=\"http:\/\/www.aemet.es\" target=\"_blank\"><strong>meteorol\u00f3gicas<\/strong><\/a> de la zona y d\u00eda de la <span style=\"color: #ff6600;\"><strong>Caminata<\/strong><\/span>. Es recomendable llevar siempre en el macuto ropa de abrigo e impermeable, gorra o gorro seg\u00fan \u00e9poca, guantes y botas de monta\u00f1a. Se recomienda llevar siempre manga larga y pantal\u00f3n largo, evitaremos quemaduras por el sol, rozaduras y erosiones en la piel y picaduras de insectos. Es recomendable dejar ropa de cambio en el coche.<\/p>\n\n\n\n<p class=\"has-text-color\" style=\"color:#1e3231\">Esta <span style=\"color: #ff6600;\"><strong>Caminata<\/strong><\/span>, <a href=\"https:\/\/enelsol.es\/\/?page_id=156\" target=\"_blank\" rel=\"noreferrer noopener\">de nivel 1+<\/a> (media &#8211; baja) requiere como obligatorio el uso de <strong>calzado adecuado para monta\u00f1a<\/strong>.<\/p>\n\n\n\n<p class=\"has-text-color\" style=\"color:#1e3231\">Cada <span style=\"color: #ff6600;\"><strong>Caminante<\/strong><\/span> debe llevar <strong>comida y bebida suficiente para la Caminata (al menos 1,5 litros de agua). Mochila o macuto c\u00f3modo y con capacidad suficiente para llevar todo el equipo<\/strong>. Se aconseja el uso de bastones e incluir un dispositivo de iluminaci\u00f3n (preferible luz frontal) en la mochila.<\/p>\n\n\n\n<p class=\"has-text-color\" style=\"color:#1e3231\">Recomendable llevar un <strong>protector solar para la piel y labios<\/strong>.  <\/p>\n\n\n\n<p><\/p>\n","protected":false},"excerpt":{"rendered":"<p>Cascadas de Rovellanos 11\/04\/2026 09:00 15.5 km Nivel 1+ 17 \u20ac Circular No hay fuentes Des. 550 m Max 1424 Min 1160 5\/6 horas aprox &hellip;<\/p>\n","protected":false},"author":1,"featured_media":6344,"parent":2564,"menu_order":13,"comment_status":"closed","ping_status":"closed","template":"","meta":{"advanced_seo_description":"","jetpack_seo_html_title":"","jetpack_seo_noindex":false,"footnotes":""},"class_list":["post-6372","page","type-page","status-publish","has-post-thumbnail","hentry"],"jetpack_sharing_enabled":true,"_links":{"self":[{"href":"https:\/\/enelsol.es\/index.php?rest_route=\/wp\/v2\/pages\/6372","targetHints":{"allow":["GET"]}}],"collection":[{"href":"https:\/\/enelsol.es\/index.php?rest_route=\/wp\/v2\/pages"}],"about":[{"href":"https:\/\/enelsol.es\/index.php?rest_route=\/wp\/v2\/types\/page"}],"author":[{"embeddable":true,"href":"https:\/\/enelsol.es\/index.php?rest_route=\/wp\/v2\/users\/1"}],"replies":[{"embeddable":true,"href":"https:\/\/enelsol.es\/index.php?rest_route=%2Fwp%2Fv2%2Fcomments&post=6372"}],"version-history":[{"count":7,"href":"https:\/\/enelsol.es\/index.php?rest_route=\/wp\/v2\/pages\/6372\/revisions"}],"predecessor-version":[{"id":6433,"href":"https:\/\/enelsol.es\/index.php?rest_route=\/wp\/v2\/pages\/6372\/revisions\/6433"}],"up":[{"embeddable":true,"href":"https:\/\/enelsol.es\/index.php?rest_route=\/wp\/v2\/pages\/2564"}],"wp:featuredmedia":[{"embeddable":true,"href":"https:\/\/enelsol.es\/index.php?rest_route=\/wp\/v2\/media\/6344"}],"wp:attachment":[{"href":"https:\/\/enelsol.es\/index.php?rest_route=%2Fwp%2Fv2%2Fmedia&parent=6372"}],"curies":[{"name":"wp","href":"https:\/\/api.w.org\/{rel}","templated":true}]}}