{"id":5672,"date":"2025-08-24T13:17:46","date_gmt":"2025-08-24T13:17:46","guid":{"rendered":"https:\/\/enelsol.es\/?page_id=5672"},"modified":"2026-03-30T19:05:12","modified_gmt":"2026-03-30T19:05:12","slug":"la-maliciosa","status":"publish","type":"page","link":"https:\/\/enelsol.es\/?page_id=5672","title":{"rendered":"La Maliciosa"},"content":{"rendered":"\n<h2 class=\"wp-block-heading has-text-align-center has-text-color\" style=\"color:#ed7e31\">La Maliciosa<\/h2>\n\n\n\n<div class=\"wp-block-columns is-not-stacked-on-mobile is-layout-flex wp-container-core-columns-is-layout-9d6595d7 wp-block-columns-is-layout-flex\">\n<div class=\"wp-block-column is-layout-flow wp-block-column-is-layout-flow\" style=\"flex-basis:20%\">\n<div class=\"wp-block-media-text is-stacked-on-mobile is-vertically-aligned-top has-accent-1-color has-text-color\" style=\"grid-template-columns:21% auto\"><figure class=\"wp-block-media-text__media\"><img loading=\"lazy\" decoding=\"async\" width=\"33\" height=\"33\" src=\"https:\/\/enelsol.es\/\/wp-content\/uploads\/2022\/04\/calendario_mini_i.png\" alt=\"\" class=\"wp-image-644 size-full\"\/><\/figure><div class=\"wp-block-media-text__content\">\n<p class=\"has-text-color has-small-font-size\" style=\"color:#1e3231\">Marzo 2026<\/p>\n<\/div><\/div>\n\n\n\n<div class=\"wp-block-columns is-layout-flex wp-container-core-columns-is-layout-9d6595d7 wp-block-columns-is-layout-flex\">\n<div class=\"wp-block-column is-layout-flow wp-block-column-is-layout-flow\">\n<p class=\"has-sitebg-color has-text-color has-link-color wp-elements-f306afb9d21bab070df56952c1a77350\">.<\/p>\n<\/div>\n<\/div>\n\n\n\n<div class=\"wp-block-columns is-layout-flex wp-container-core-columns-is-layout-9d6595d7 wp-block-columns-is-layout-flex\">\n<div class=\"wp-block-column is-layout-flow wp-block-column-is-layout-flow\">\n<div class=\"wp-block-media-text is-stacked-on-mobile is-vertically-aligned-bottom\" style=\"grid-template-columns:20% auto\"><figure class=\"wp-block-media-text__media\"><img loading=\"lazy\" decoding=\"async\" width=\"33\" height=\"33\" src=\"https:\/\/enelsol.es\/\/wp-content\/uploads\/2022\/04\/reloj_mini_i.png\" alt=\"\" class=\"wp-image-964 size-full\"\/><\/figure><div class=\"wp-block-media-text__content\">\n<p class=\"has-text-color has-small-font-size\" style=\"color:#1e3231\">09:00<\/p>\n<\/div><\/div>\n<\/div>\n<\/div>\n\n\n\n<p class=\"has-sitebg-color has-text-color has-link-color wp-elements-f306afb9d21bab070df56952c1a77350\">.<\/p>\n\n\n\n<div class=\"wp-block-media-text is-stacked-on-mobile is-vertically-aligned-bottom has-accent-1-color has-text-color\" style=\"grid-template-columns:20% auto\"><figure class=\"wp-block-media-text__media\"><img loading=\"lazy\" decoding=\"async\" width=\"33\" height=\"33\" src=\"https:\/\/enelsol.es\/\/wp-content\/uploads\/2022\/04\/itinerario_mini_i.png\" alt=\"\" class=\"wp-image-638 size-full\"\/><\/figure><div class=\"wp-block-media-text__content\">\n<p class=\"has-text-color has-small-font-size\" style=\"color:#1e3231\">11 km<\/p>\n<\/div><\/div>\n\n\n\n<div class=\"wp-block-columns is-layout-flex wp-container-core-columns-is-layout-9d6595d7 wp-block-columns-is-layout-flex\">\n<div class=\"wp-block-column is-layout-flow wp-block-column-is-layout-flow\">\n<p class=\"has-sitebg-color has-text-color has-link-color wp-elements-f306afb9d21bab070df56952c1a77350\">.<\/p>\n<\/div>\n<\/div>\n\n\n\n<div class=\"wp-block-media-text is-stacked-on-mobile is-vertically-aligned-bottom has-accent-1-color has-text-color\" style=\"grid-template-columns:20% auto\"><figure class=\"wp-block-media-text__media\"><a href=\"https:\/\/enelsol.es\/\/?page_id=156\" target=\"_blank\" rel=\"noopener\"><img loading=\"lazy\" decoding=\"async\" width=\"33\" height=\"33\" src=\"https:\/\/enelsol.es\/wp-content\/uploads\/2022\/04\/N2_mini_i.png\" alt=\"\" class=\"wp-image-641 size-full\"\/><\/a><\/figure><div class=\"wp-block-media-text__content\">\n<p class=\"has-text-color has-small-font-size\" style=\"color:#1e3231\">Nivel 2+<\/p>\n<\/div><\/div>\n<\/div>\n\n\n\n<div class=\"wp-block-column is-vertically-aligned-center is-layout-flow wp-block-column-is-layout-flow\" style=\"flex-basis:55%\">\t\t<div id=\"serious-slider-97-rnd3867\" class=\"cryout-serious-slider seriousslider serious-slider-97-rnd3867 serious-slider-97 seriousslider-overlay1 seriousslider-light seriousslider-shadow-none seriousslider-responsive-maintain seriousslider-hidetitles-1 seriousslider-slide seriousslider-sizing0 seriousslider-aligncenter seriousslider-caption-animation-slide seriousslider-textstyle-textshadow\" data-ride=\"seriousslider\">\n\t\t\t<div class=\"seriousslider-inner\" role=\"listbox\">\n\n\t\t\t\n\t\t\t<div class=\"item slide-1 active\" role=\"option\">\n\t\t\t\t\t\t\t\t<a  >\n\t\t\t\t\t<img decoding=\"async\" class=\"item-image\" src=\"https:\/\/enelsol.es\/wp-content\/uploads\/2025\/08\/Maliciosa_mini_3.jpg\" alt=\"Maliciosa_mini_3\" >\n\t\t\t\t<\/a>\n\t\t\t\t\t\t\t\t\t\t\t\t<div class=\"seriousslider-caption\">\n\t\t\t\t\t<div class=\"seriousslider-caption-inside\">\n\t\t\t\t\t\t\t\t\t\t\t\t\t\t\t\t\t\t<div class=\"seriousslider-caption-buttons\">\n\t\t\t\t\t\t\t\t\t\t\t\t\t\t\t\t\t\t\t\t\t\t\t\t\t\t\t\t\t\t\t\t\t\t\t\t\t\t\t\t\t\t\t<\/div>\n\t\t\t\t\t<\/div><!--seriousslider-caption-inside-->\n\t\t\t\t<\/div><!--seriousslider-caption-->\n\t\t\t\t\t\t\t\t<div class=\"seriousslider-hloader\"><\/div>\n\t\t\t\t<figure class=\"seriousslider-cloader\">\n\t\t\t\t\t<svg width=\"200\" height=\"200\">\n\t\t\t\t\t\t<circle cx=\"95\" cy=\"95\" r=\"20\" transform=\"rotate(-90, 95, 95)\"\/>\n\t\t\t\t\t<\/svg>\n\t\t\t  <\/figure>\n\t\t\t<\/div>\n\n\t\t\t\n\t\t\t<div class=\"item slide-2 \" role=\"option\">\n\t\t\t\t\t\t\t\t<a  >\n\t\t\t\t\t<img decoding=\"async\" class=\"item-image\" src=\"https:\/\/enelsol.es\/wp-content\/uploads\/2025\/08\/Maliciosa_mini_2.jpg\" alt=\"Maliciosa_mini_2\" >\n\t\t\t\t<\/a>\n\t\t\t\t\t\t\t\t\t\t\t\t<div class=\"seriousslider-caption\">\n\t\t\t\t\t<div class=\"seriousslider-caption-inside\">\n\t\t\t\t\t\t\t\t\t\t\t\t\t\t\t\t\t\t<div class=\"seriousslider-caption-buttons\">\n\t\t\t\t\t\t\t\t\t\t\t\t\t\t\t\t\t\t\t\t\t\t\t\t\t\t\t\t\t\t\t\t\t\t\t\t\t\t\t\t\t\t\t<\/div>\n\t\t\t\t\t<\/div><!--seriousslider-caption-inside-->\n\t\t\t\t<\/div><!--seriousslider-caption-->\n\t\t\t\t\t\t\t\t<div class=\"seriousslider-hloader\"><\/div>\n\t\t\t\t<figure class=\"seriousslider-cloader\">\n\t\t\t\t\t<svg width=\"200\" height=\"200\">\n\t\t\t\t\t\t<circle cx=\"95\" cy=\"95\" r=\"20\" transform=\"rotate(-90, 95, 95)\"\/>\n\t\t\t\t\t<\/svg>\n\t\t\t  <\/figure>\n\t\t\t<\/div>\n\n\t\t\t\n\t\t\t<div class=\"item slide-3 \" role=\"option\">\n\t\t\t\t\t\t\t\t<a  >\n\t\t\t\t\t<img decoding=\"async\" class=\"item-image\" src=\"https:\/\/enelsol.es\/wp-content\/uploads\/2025\/08\/Maliciosa_mini_1.jpg\" alt=\"Maliciosa_mini_1\" >\n\t\t\t\t<\/a>\n\t\t\t\t\t\t\t\t\t\t\t\t<div class=\"seriousslider-caption\">\n\t\t\t\t\t<div class=\"seriousslider-caption-inside\">\n\t\t\t\t\t\t\t\t\t\t\t\t\t\t\t\t\t\t<div class=\"seriousslider-caption-buttons\">\n\t\t\t\t\t\t\t\t\t\t\t\t\t\t\t\t\t\t\t\t\t\t\t\t\t\t\t\t\t\t\t\t\t\t\t\t\t\t\t\t\t\t\t<\/div>\n\t\t\t\t\t<\/div><!--seriousslider-caption-inside-->\n\t\t\t\t<\/div><!--seriousslider-caption-->\n\t\t\t\t\t\t\t\t<div class=\"seriousslider-hloader\"><\/div>\n\t\t\t\t<figure class=\"seriousslider-cloader\">\n\t\t\t\t\t<svg width=\"200\" height=\"200\">\n\t\t\t\t\t\t<circle cx=\"95\" cy=\"95\" r=\"20\" transform=\"rotate(-90, 95, 95)\"\/>\n\t\t\t\t\t<\/svg>\n\t\t\t  <\/figure>\n\t\t\t<\/div>\n\n\t\t\t\t\t\t<\/div>\n\n\t\t\t<div class=\"seriousslider-indicators\">\n\t\t\t\t<ol class=\"seriousslider-indicators-inside\">\n\t\t\t\t\t\t\t\t\t\t<li data-target=\"#serious-slider-97\" data-slide-to=\"0\" class=\"active\"><\/li>\n\t\t\t\t\t\t\t\t\t\t<li data-target=\"#serious-slider-97\" data-slide-to=\"1\" ><\/li>\n\t\t\t\t\t\t\t\t\t\t<li data-target=\"#serious-slider-97\" data-slide-to=\"2\" ><\/li>\n\t\t\t\t\t\t\t\t\t<\/ol>\n\t\t\t<\/div>\n\n\t\t\t<button class=\"left seriousslider-control\" data-target=\"#serious-slider-97-rnd3867\" role=\"button\" data-slide=\"prev\">\n\t\t\t  <span class=\"sicon-prev control-arrow\" aria-hidden=\"true\"><\/span>\n\t\t\t  <span class=\"sr-only\">Previous Slide<\/span>\n\t\t\t<\/button>\n\t\t\t<button class=\"right seriousslider-control\" data-target=\"#serious-slider-97-rnd3867\" role=\"button\" data-slide=\"next\">\n\t\t\t  <span class=\"sicon-next control-arrow\" aria-hidden=\"true\"><\/span>\n\t\t\t  <span class=\"sr-only\">Next Slide<\/span>\n\t\t\t<\/button>\n\t\t<\/div>\n\t\t\n<\/div>\n\n\n\n<div class=\"wp-block-column is-layout-flow wp-block-column-is-layout-flow\" style=\"flex-basis:20%\">\n<div class=\"wp-block-media-text alignwide has-media-on-the-right is-stacked-on-mobile is-vertically-aligned-center has-accent-1-color has-text-color\" style=\"grid-template-columns:auto 20%\"><div class=\"wp-block-media-text__content\">\n<p class=\"has-text-align-right has-text-color has-small-font-size\" style=\"color:#1e3231\">17 \u20ac<\/p>\n<\/div><figure class=\"wp-block-media-text__media\"><img loading=\"lazy\" decoding=\"async\" width=\"33\" height=\"33\" src=\"https:\/\/enelsol.es\/\/wp-content\/uploads\/2022\/04\/euro_mini_i.png\" alt=\"\" class=\"wp-image-654 size-full\"\/><\/figure><\/div>\n\n\n\n<div class=\"wp-block-columns is-layout-flex wp-container-core-columns-is-layout-9d6595d7 wp-block-columns-is-layout-flex\">\n<div class=\"wp-block-column is-layout-flow wp-block-column-is-layout-flow\">\n<p class=\"has-sitebg-color has-text-color has-link-color wp-elements-f306afb9d21bab070df56952c1a77350\">.<\/p>\n<\/div>\n<\/div>\n\n\n\n<div class=\"wp-block-media-text alignwide has-media-on-the-right is-stacked-on-mobile is-vertically-aligned-bottom has-accent-1-color has-text-color\" style=\"grid-template-columns:auto 20%\"><div class=\"wp-block-media-text__content\">\n<p class=\"has-text-align-right has-text-color has-small-font-size\" style=\"color:#1e3231\">I + V<\/p>\n<\/div><figure class=\"wp-block-media-text__media\"><img loading=\"lazy\" decoding=\"async\" width=\"33\" height=\"33\" src=\"https:\/\/enelsol.es\/wp-content\/uploads\/2022\/04\/idayvuelta_mini_i.png\" alt=\"\" class=\"wp-image-1016 size-full\"\/><\/figure><\/div>\n\n\n\n<div class=\"wp-block-columns is-layout-flex wp-container-core-columns-is-layout-9d6595d7 wp-block-columns-is-layout-flex\">\n<div class=\"wp-block-column is-layout-flow wp-block-column-is-layout-flow\">\n<p class=\"has-sitebg-color has-text-color has-link-color wp-elements-f306afb9d21bab070df56952c1a77350\">.<\/p>\n<\/div>\n<\/div>\n\n\n\n<div class=\"wp-block-columns is-layout-flex wp-container-core-columns-is-layout-9d6595d7 wp-block-columns-is-layout-flex\">\n<div class=\"wp-block-column is-layout-flow wp-block-column-is-layout-flow\">\n<div class=\"wp-block-media-text alignwide has-media-on-the-right is-stacked-on-mobile is-vertically-aligned-bottom has-accent-1-color has-text-color\" style=\"grid-template-columns:auto 20%\"><div class=\"wp-block-media-text__content\">\n<p class=\"has-text-align-right has-text-color has-small-font-size\" style=\"color:#1e3231\"><\/p>\n<\/div><figure class=\"wp-block-media-text__media\"><img loading=\"lazy\" decoding=\"async\" width=\"33\" height=\"32\" src=\"https:\/\/enelsol.es\/\/wp-content\/uploads\/2022\/04\/cesta-de-picnic_mini_i.png\" alt=\"\" class=\"wp-image-906 size-full\"\/><\/figure><\/div>\n<\/div>\n<\/div>\n\n\n\n<p class=\"has-sitebg-color has-text-color has-link-color wp-elements-f306afb9d21bab070df56952c1a77350\">.<\/p>\n\n\n\n<div class=\"wp-block-media-text alignwide has-media-on-the-right is-stacked-on-mobile\" style=\"grid-template-columns:auto 20%\"><div class=\"wp-block-media-text__content\">\n<p class=\"has-text-align-right has-small-font-size\">1 No Tratada<\/p>\n<\/div><figure class=\"wp-block-media-text__media\"><img loading=\"lazy\" decoding=\"async\" width=\"33\" height=\"33\" src=\"https:\/\/enelsol.es\/wp-content\/uploads\/2022\/04\/fuente_NT_mini_i.png\" alt=\"\" class=\"wp-image-905 size-full\"\/><\/figure><\/div>\n<\/div>\n<\/div>\n\n\n\n<div class=\"wp-block-columns is-not-stacked-on-mobile has-sitebg-background-color has-background is-layout-flex wp-container-core-columns-is-layout-9d6595d7 wp-block-columns-is-layout-flex\">\n<div class=\"wp-block-column is-layout-flow wp-block-column-is-layout-flow\" style=\"flex-basis:20%\">\n<div class=\"wp-block-media-text is-stacked-on-mobile is-vertically-aligned-center has-accent-1-color has-text-color\" style=\"grid-template-columns:25% auto\"><figure class=\"wp-block-media-text__media\"><img loading=\"lazy\" decoding=\"async\" width=\"33\" height=\"33\" src=\"https:\/\/enelsol.es\/\/wp-content\/uploads\/2022\/04\/Desnivel_mini_i.png\" alt=\"\" class=\"wp-image-653 size-full\"\/><\/figure><div class=\"wp-block-media-text__content\">\n<p class=\"has-text-color has-small-font-size\" style=\"color:#1e3231\">Des. 870 m<\/p>\n<\/div><\/div>\n<\/div>\n\n\n\n<div class=\"wp-block-column is-layout-flow wp-block-column-is-layout-flow\" style=\"flex-basis:20%\">\n<div class=\"wp-block-media-text alignfull is-stacked-on-mobile is-vertically-aligned-center\" style=\"grid-template-columns:25% auto\"><figure class=\"wp-block-media-text__media\"><img loading=\"lazy\" decoding=\"async\" width=\"33\" height=\"33\" src=\"https:\/\/enelsol.es\/\/wp-content\/uploads\/2022\/04\/maxmin_mini_i.png\" alt=\"\" class=\"wp-image-655 size-full\"\/><\/figure><div class=\"wp-block-media-text__content\">\n<p class=\"has-text-align-left has-text-color has-small-font-size\" style=\"color:#1e3231\">Max 2208<\/p>\n\n\n\n<p class=\"has-text-align-left has-text-color has-small-font-size\" style=\"color:#1e3231\">Min 1385<\/p>\n<\/div><\/div>\n<\/div>\n\n\n\n<div class=\"wp-block-column is-layout-flow wp-block-column-is-layout-flow\" style=\"flex-basis:20%\">\n<div class=\"wp-block-media-text alignfull is-stacked-on-mobile is-vertically-aligned-center\" style=\"grid-template-columns:25% auto\"><figure class=\"wp-block-media-text__media\"><img loading=\"lazy\" decoding=\"async\" width=\"33\" height=\"33\" src=\"https:\/\/enelsol.es\/\/wp-content\/uploads\/2022\/04\/duracion_mini_i.png\" alt=\"\" class=\"wp-image-637 size-full\"\/><\/figure><div class=\"wp-block-media-text__content\">\n<p class=\"has-text-align-left has-text-color has-small-font-size\" style=\"color:#1e3231\">6 horas aprox<\/p>\n<\/div><\/div>\n<\/div>\n\n\n\n<div class=\"wp-block-column is-layout-flow wp-block-column-is-layout-flow\" style=\"flex-basis:20%\">\n<div class=\"wp-block-media-text alignfull is-stacked-on-mobile is-vertically-aligned-center\" style=\"grid-template-columns:25% auto\"><figure class=\"wp-block-media-text__media\"><img loading=\"lazy\" decoding=\"async\" width=\"33\" height=\"33\" src=\"https:\/\/enelsol.es\/\/wp-content\/uploads\/2022\/04\/ubicacion_mini_i.png\" alt=\"\" class=\"wp-image-643 size-full\"\/><\/figure><div class=\"wp-block-media-text__content\">\n<p class=\"has-text-align-left has-text-color has-small-font-size\" style=\"color:#1e3231\">Aparcamiento La Barranca<\/p>\n<\/div><\/div>\n<\/div>\n<\/div>\n\n\n\n<div class=\"wp-block-buttons alignwide is-content-justification-space-between is-layout-flex wp-container-core-buttons-is-layout-3d213aab wp-block-buttons-is-layout-flex\">\n<div class=\"wp-block-button has-custom-width wp-block-button__width-25 is-style-outline is-style-outline--1\"><a class=\"wp-block-button__link has-sitebg-color has-text-color has-background has-small-font-size has-custom-font-size wp-element-button\" href=\"https:\/\/enelsol.es\/wp-content\/uploads\/2025\/08\/Ficha_Maliciosa.pdf\" style=\"border-radius:100px;background-color:#1e3231\" target=\"_blank\" rel=\"noreferrer noopener\">PDF<\/a><\/div>\n\n\n\n<div class=\"wp-block-button has-custom-width wp-block-button__width-50 is-style-outline is-style-outline--2\"><a class=\"wp-block-button__link has-sitebg-color has-text-color has-background has-small-font-size has-custom-font-size wp-element-button\" href=\"https:\/\/enelsol.es\/\/?page_id=156\" style=\"border-radius:100px;background-color:#1e3231\" target=\"_blank\" rel=\"noreferrer noopener\">Determina tu nivel<\/a><\/div>\n\n\n\n<div class=\"wp-block-button has-custom-width wp-block-button__width-25 is-style-outline is-style-outline--3\"><a class=\"wp-block-button__link has-sitebg-color has-text-color has-background has-custom-font-size wp-element-button\" href=\"https:\/\/enelsol.es\/\/?page_id=28\" style=\"border-radius:100px;background-color:#1e3231;font-size:9px\" target=\"_blank\" rel=\"noreferrer noopener\">Reserva<\/a><\/div>\n\n\n\n<div class=\"wp-block-button has-custom-width wp-block-button__width-50 is-style-outline is-style-outline--4\"><a class=\"wp-block-button__link has-sitebg-color has-text-color has-background has-small-font-size has-custom-font-size wp-element-button\" href=\"https:\/\/enelsol.es\/\/?page_id=158(abre en una nueva pesta\u00f1a)\" style=\"border-radius:100px;background-color:#1e3231\">Condiciones generales<\/a><\/div>\n<\/div>\n\n\n<div class=\"wp-block-image is-style-columns\">\n<figure class=\"aligncenter size-large\"><img loading=\"lazy\" decoding=\"async\" width=\"1024\" height=\"709\" src=\"https:\/\/enelsol.es\/wp-content\/uploads\/2025\/08\/Perfil_Maliciosa-1024x709.jpg\" alt=\"\" class=\"wp-image-5542\" srcset=\"https:\/\/enelsol.es\/wp-content\/uploads\/2025\/08\/Perfil_Maliciosa-1024x709.jpg 1024w, https:\/\/enelsol.es\/wp-content\/uploads\/2025\/08\/Perfil_Maliciosa-300x208.jpg 300w, https:\/\/enelsol.es\/wp-content\/uploads\/2025\/08\/Perfil_Maliciosa-768x532.jpg 768w, https:\/\/enelsol.es\/wp-content\/uploads\/2025\/08\/Perfil_Maliciosa-383x265.jpg 383w, https:\/\/enelsol.es\/wp-content\/uploads\/2025\/08\/Perfil_Maliciosa.jpg 1040w\" sizes=\"auto, (max-width: 1024px) 100vw, 1024px\" \/><\/figure>\n<\/div>\n\n\n<p class=\"has-text-color\" style=\"color:#1e3231\"><span style=\"text-decoration: underline;\"><strong>\u00c1mbito geogr\u00e1fico<\/strong><\/span>: La <span style=\"color: #ff6600;\"><strong>Caminata<\/strong><\/span> trascurre por por la cara Suroeste de La Maliciosa, en la Sierra de Guadarrama<\/p>\n\n\n\n<p class=\"has-text-color\" style=\"color:#1e3231\"><strong><span style=\"text-decoration: underline;\">Recorrido<\/span><\/strong>: Se trata de una <span style=\"color: #ff6600;\"><strong>Caminata<\/strong><\/span> de ida y vuelta por caminos que en su parte baja y alta son c\u00f3modos y sin apenas desnivel. Sin embargo en su parte central la pendiente es, en algunos puntos, alta y caminos con piedra suelta<\/p>\n\n\n\n<p class=\"has-text-color\" style=\"color:#1e3231\">El punto de referencia para el inicio el aparcamiento de La Barranca.<\/p>\n\n\n\n<div class=\"wp-block-media-text alignwide is-stacked-on-mobile\"><figure class=\"wp-block-media-text__media\"><img loading=\"lazy\" decoding=\"async\" width=\"1024\" height=\"709\" src=\"https:\/\/enelsol.es\/wp-content\/uploads\/2025\/08\/Mapa_Maliciosa-1024x709.jpg\" alt=\"\" class=\"wp-image-5541 size-full\" srcset=\"https:\/\/enelsol.es\/wp-content\/uploads\/2025\/08\/Mapa_Maliciosa-1024x709.jpg 1024w, https:\/\/enelsol.es\/wp-content\/uploads\/2025\/08\/Mapa_Maliciosa-300x208.jpg 300w, https:\/\/enelsol.es\/wp-content\/uploads\/2025\/08\/Mapa_Maliciosa-768x532.jpg 768w, https:\/\/enelsol.es\/wp-content\/uploads\/2025\/08\/Mapa_Maliciosa-383x265.jpg 383w, https:\/\/enelsol.es\/wp-content\/uploads\/2025\/08\/Mapa_Maliciosa.jpg 1040w\" sizes=\"auto, (max-width: 1024px) 100vw, 1024px\" \/><\/figure><div class=\"wp-block-media-text__content\">\n<p class=\"has-text-color\" style=\"color:#1e3231\">Desde La Barranca tomaremos la pista forestal PRM-17, en suave ascenso. Tras cruzar el r\u00edo Navacerrada, que llevabamos a la derecha, tomaremos el sendero que nos sale a izquierdas y que nos conduce a la fuente de la Cantina y a la llamada puerta de La Maliciosa. Poco a poco, los pinos ir\u00e1n desapareciendo y el sendero se empinar\u00e1 para sacar de nosotros nuestro mejor esfuerzo. Entramos en los dominios de las cabras montesas y de los buitres. <\/p>\n<\/div><\/div>\n\n\n\n<div class=\"wp-block-media-text has-media-on-the-right is-stacked-on-mobile\"><div class=\"wp-block-media-text__content\">\n<p class=\"has-text-color has-link-color wp-elements-3baf5ba6563580285868671ca1569913\" style=\"color:#1e3231\">Una vez alcanzado el collado del Piornal tomaremos a derechas el camino que procede del alto de Guarramillas, dejando a la izquierda el Ventisquero de la Condesa. La subida no ha terminado pero la pendiente suaviza bastante y el camino mejora.<\/p>\n\n\n\n<p class=\"has-text-color has-link-color wp-elements-9c448cd154f398e90e7a1b05688e4814\" style=\"color:#1e3231\">La cumbre nos regala un paisaje indescriptible, hay que subir para verlo.<\/p>\n<\/div><figure class=\"wp-block-media-text__media\"><img loading=\"lazy\" decoding=\"async\" width=\"1024\" height=\"768\" src=\"https:\/\/enelsol.es\/wp-content\/uploads\/2025\/08\/Maliciosa_1-1024x768.jpg\" alt=\"\" class=\"wp-image-5536 size-full\" srcset=\"https:\/\/enelsol.es\/wp-content\/uploads\/2025\/08\/Maliciosa_1-1024x768.jpg 1024w, https:\/\/enelsol.es\/wp-content\/uploads\/2025\/08\/Maliciosa_1-300x225.jpg 300w, https:\/\/enelsol.es\/wp-content\/uploads\/2025\/08\/Maliciosa_1-768x576.jpg 768w, https:\/\/enelsol.es\/wp-content\/uploads\/2025\/08\/Maliciosa_1-383x287.jpg 383w, https:\/\/enelsol.es\/wp-content\/uploads\/2025\/08\/Maliciosa_1.jpg 1082w\" sizes=\"auto, (max-width: 1024px) 100vw, 1024px\" \/><\/figure><\/div>\n\n\n\n<p class=\"has-text-color\" style=\"color:#1e3231\">El descenso se hace por el mismo camino que hemos subido. Podriamos, al llegar a la pista forestal, pasada la fuente de la Cantina, tomar el sendero que baja por la margen izquierda del r\u00edo y cruza por la presa del primer pantano.<\/p>\n\n\n\n<p class=\"has-text-color\" style=\"color:#1e3231\"><span style=\"text-decoration: underline;\"><strong>Puntos de dificultad<\/strong><\/span>: Se trata de una caminata dura pero corta lo cual facilita bastante su realizaci\u00f3n. La pendiente en el tramo central de la ascensi\u00f3n y el sendero con piedras sueltas.<\/p>\n\n\n\n<p class=\"has-text-color\" style=\"color:#1e3231\"><strong><span style=\"text-decoration: underline;\">Fuentes<\/span><\/strong>: La de la Cantina, se pasa por ella dos veces. Est\u00e1 situada n el primer y \u00faltimo tercio del recorrido<\/p>\n\n\n\n<p class=\"has-text-color\" style=\"color:#1e3231\"><span style=\"text-decoration: underline;\"><strong>Valores naturales y p<\/strong><\/span><strong><span style=\"text-decoration: underline;\">aisaj\u00edsticos de inter\u00e9s<\/span>:<\/strong> El entorno de La Barranca. El paisaje de alta monta\u00f1a de la cumbre. Respecto a la fauna es habitual encontrar cabras montesas y buitres sobrevolando la zona.<\/p>\n\n\n\n<p class=\"has-text-color\" style=\"color:#1e3231\"><strong><span style=\"text-decoration: underline;\">Valores hist\u00f3rico-culturales<\/span>:<\/strong> No incluidos en la <span style=\"color: #ff6600;\"><strong>Caminata<\/strong><\/span>: Becerril de la Sierra, Navacerrada Pueblo. <\/p>\n\n\n\n<p class=\"has-text-color\" style=\"color:#1e3231\">En un radio de unos pocos kil\u00f3metros se encuentran los lugares citados que podr\u00e1n ser visitados de manera privada una vez finalizada la <span style=\"color: #ff6600;\"><strong>Caminata<\/strong><\/span><\/p>\n\n\n\n<p class=\"has-text-color\" style=\"color:#1e3231\"><strong><span style=\"text-decoration: underline;\">Equipo \/ Comida y Bebida<\/span>:<\/strong> no incluidos en el precio de la <span style=\"color: #ff6600;\"><strong>Caminata<\/strong><\/span><\/p>\n\n\n\n<p class=\"has-text-color\" style=\"color:#1e3231\">Es imprescindible el uso de vestimenta adecuada y adaptada a las condiciones clim\u00e1ticas y <a rel=\"noreferrer noopener\" href=\"http:\/\/www.aemet.es\" target=\"_blank\"><strong>meteorol\u00f3gicas<\/strong><\/a> de la zona y d\u00eda de la <span style=\"color: #ff6600;\"><strong>Caminata<\/strong><\/span>. Es recomendable llevar siempre en el macuto ropa de abrigo e impermeable, gorra o gorro seg\u00fan \u00e9poca, guantes y botas de monta\u00f1a. Se recomienda llevar siempre manga larga y pantal\u00f3n largo, evitaremos quemaduras por el sol, rozaduras y erosiones en la piel y picaduras de insectos. Es recomendable dejar ropa de cambio en el coche.<\/p>\n\n\n\n<p class=\"has-text-color\" style=\"color:#1e3231\">Esta <span style=\"color: #ff6600;\"><strong>Caminata<\/strong><\/span>, <a href=\"https:\/\/enelsol.es\/\/?page_id=156\" target=\"_blank\" rel=\"noreferrer noopener\">de nivel 2+<\/a>, requiere como obligatorio el uso de <strong>botas de monta\u00f1a<\/strong>.<\/p>\n\n\n\n<p class=\"has-text-color\" style=\"color:#1e3231\">Cada <span style=\"color: #ff6600;\"><strong>Caminante<\/strong><\/span> debe llevar <strong>comida y bebida suficiente para la Caminata (al menos 1,5 litros de agua). Mochila o macuto c\u00f3modo y con capacidad suficiente para llevar todo el equipo<\/strong>. Se aconseja el uso de bastones e incluir un dispositivo de iluminaci\u00f3n (preferible luz frontal) en la mochila.<\/p>\n\n\n\n<p class=\"has-text-color\" style=\"color:#1e3231\">Recomendable llevar un <strong>protector solar para la piel y labios<\/strong>.  <\/p>\n\n\n\n<p><\/p>\n","protected":false},"excerpt":{"rendered":"<p>La Maliciosa Marzo 2026 09:00 11 km Nivel 2+ 17 \u20ac I + V 1 No Tratada Des. 870 m Max 2208 Min 1385 6 &hellip;<\/p>\n","protected":false},"author":1,"featured_media":5537,"parent":4179,"menu_order":4,"comment_status":"closed","ping_status":"closed","template":"","meta":{"advanced_seo_description":"","jetpack_seo_html_title":"","jetpack_seo_noindex":false,"footnotes":""},"class_list":["post-5672","page","type-page","status-publish","has-post-thumbnail","hentry"],"jetpack_sharing_enabled":true,"_links":{"self":[{"href":"https:\/\/enelsol.es\/index.php?rest_route=\/wp\/v2\/pages\/5672","targetHints":{"allow":["GET"]}}],"collection":[{"href":"https:\/\/enelsol.es\/index.php?rest_route=\/wp\/v2\/pages"}],"about":[{"href":"https:\/\/enelsol.es\/index.php?rest_route=\/wp\/v2\/types\/page"}],"author":[{"embeddable":true,"href":"https:\/\/enelsol.es\/index.php?rest_route=\/wp\/v2\/users\/1"}],"replies":[{"embeddable":true,"href":"https:\/\/enelsol.es\/index.php?rest_route=%2Fwp%2Fv2%2Fcomments&post=5672"}],"version-history":[{"count":5,"href":"https:\/\/enelsol.es\/index.php?rest_route=\/wp\/v2\/pages\/5672\/revisions"}],"predecessor-version":[{"id":6083,"href":"https:\/\/enelsol.es\/index.php?rest_route=\/wp\/v2\/pages\/5672\/revisions\/6083"}],"up":[{"embeddable":true,"href":"https:\/\/enelsol.es\/index.php?rest_route=\/wp\/v2\/pages\/4179"}],"wp:featuredmedia":[{"embeddable":true,"href":"https:\/\/enelsol.es\/index.php?rest_route=\/wp\/v2\/media\/5537"}],"wp:attachment":[{"href":"https:\/\/enelsol.es\/index.php?rest_route=%2Fwp%2Fv2%2Fmedia&parent=5672"}],"curies":[{"name":"wp","href":"https:\/\/api.w.org\/{rel}","templated":true}]}}