{"id":5269,"date":"2025-05-31T16:06:15","date_gmt":"2025-05-31T16:06:15","guid":{"rendered":"https:\/\/enelsol.es\/?page_id=5269"},"modified":"2025-06-05T10:32:01","modified_gmt":"2025-06-05T10:32:01","slug":"laguna-de-penalara-y-poza-de-socrates","status":"publish","type":"page","link":"https:\/\/enelsol.es\/?page_id=5269","title":{"rendered":"Laguna de Pe\u00f1alara y poza de S\u00f3crates"},"content":{"rendered":"\n<h2 class=\"wp-block-heading has-text-align-center has-text-color\" style=\"color:#ed7e31\">Laguna de Pe\u00f1alara y poza de S\u00f3crates<\/h2>\n\n\n\n<div class=\"wp-block-columns is-not-stacked-on-mobile is-layout-flex wp-container-core-columns-is-layout-9d6595d7 wp-block-columns-is-layout-flex\">\n<div class=\"wp-block-column is-layout-flow wp-block-column-is-layout-flow\" style=\"flex-basis:20%\">\n<div class=\"wp-block-media-text is-stacked-on-mobile is-vertically-aligned-top has-accent-1-color has-text-color\" style=\"grid-template-columns:21% auto\"><figure class=\"wp-block-media-text__media\"><img loading=\"lazy\" decoding=\"async\" width=\"33\" height=\"33\" src=\"https:\/\/enelsol.es\/\/wp-content\/uploads\/2022\/04\/calendario_mini_i.png\" alt=\"\" class=\"wp-image-644 size-full\"\/><\/figure><div class=\"wp-block-media-text__content\">\n<p class=\"has-text-color has-small-font-size\" style=\"color:#1e3231\">14\/06\/2025<\/p>\n<\/div><\/div>\n\n\n\n<div class=\"wp-block-columns is-layout-flex wp-container-core-columns-is-layout-9d6595d7 wp-block-columns-is-layout-flex\">\n<div class=\"wp-block-column is-layout-flow wp-block-column-is-layout-flow\">\n<p class=\"has-sitebg-color has-text-color has-link-color wp-elements-f306afb9d21bab070df56952c1a77350\">.<\/p>\n<\/div>\n<\/div>\n\n\n\n<div class=\"wp-block-columns is-layout-flex wp-container-core-columns-is-layout-9d6595d7 wp-block-columns-is-layout-flex\">\n<div class=\"wp-block-column is-layout-flow wp-block-column-is-layout-flow\">\n<div class=\"wp-block-media-text is-stacked-on-mobile is-vertically-aligned-bottom\" style=\"grid-template-columns:20% auto\"><figure class=\"wp-block-media-text__media\"><img loading=\"lazy\" decoding=\"async\" width=\"33\" height=\"33\" src=\"https:\/\/enelsol.es\/\/wp-content\/uploads\/2022\/04\/reloj_mini_i.png\" alt=\"\" class=\"wp-image-964 size-full\"\/><\/figure><div class=\"wp-block-media-text__content\">\n<p class=\"has-text-color has-small-font-size\" style=\"color:#1e3231\">09:00<\/p>\n<\/div><\/div>\n<\/div>\n<\/div>\n\n\n\n<p class=\"has-sitebg-color has-text-color has-link-color wp-elements-f306afb9d21bab070df56952c1a77350\">.<\/p>\n\n\n\n<div class=\"wp-block-media-text is-stacked-on-mobile is-vertically-aligned-bottom has-accent-1-color has-text-color\" style=\"grid-template-columns:20% auto\"><figure class=\"wp-block-media-text__media\"><img loading=\"lazy\" decoding=\"async\" width=\"33\" height=\"33\" src=\"https:\/\/enelsol.es\/\/wp-content\/uploads\/2022\/04\/itinerario_mini_i.png\" alt=\"\" class=\"wp-image-638 size-full\"\/><\/figure><div class=\"wp-block-media-text__content\">\n<p class=\"has-text-color has-small-font-size\" style=\"color:#1e3231\">13,5 km<\/p>\n<\/div><\/div>\n\n\n\n<div class=\"wp-block-columns is-layout-flex wp-container-core-columns-is-layout-9d6595d7 wp-block-columns-is-layout-flex\">\n<div class=\"wp-block-column is-layout-flow wp-block-column-is-layout-flow\">\n<p class=\"has-sitebg-color has-text-color has-link-color wp-elements-f306afb9d21bab070df56952c1a77350\">.<\/p>\n<\/div>\n<\/div>\n\n\n\n<div class=\"wp-block-media-text is-stacked-on-mobile is-vertically-aligned-bottom has-accent-1-color has-text-color\" style=\"grid-template-columns:20% auto\"><figure class=\"wp-block-media-text__media\"><a href=\"https:\/\/enelsol.es\/\/?page_id=156\" target=\"_blank\" rel=\"noopener\"><img loading=\"lazy\" decoding=\"async\" width=\"33\" height=\"33\" src=\"https:\/\/enelsol.es\/wp-content\/uploads\/2022\/04\/N2_mini_i.png\" alt=\"\" class=\"wp-image-641 size-full\"\/><\/a><\/figure><div class=\"wp-block-media-text__content\">\n<p class=\"has-text-color has-small-font-size\" style=\"color:#1e3231\">Nivel 2-<\/p>\n<\/div><\/div>\n<\/div>\n\n\n\n<div class=\"wp-block-column is-vertically-aligned-center is-layout-flow wp-block-column-is-layout-flow\" style=\"flex-basis:55%\">\t\t<div id=\"serious-slider-93-rnd1865\" class=\"cryout-serious-slider seriousslider serious-slider-93-rnd1865 serious-slider-93 seriousslider-overlay1 seriousslider-light seriousslider-shadow-none seriousslider-responsive-maintain seriousslider-hidetitles-1 seriousslider-slide seriousslider-sizing0 seriousslider-aligncenter seriousslider-caption-animation-slide seriousslider-textstyle-textshadow\" data-ride=\"seriousslider\">\n\t\t\t<div class=\"seriousslider-inner\" role=\"listbox\">\n\n\t\t\t\n\t\t\t<div class=\"item slide-1 active\" role=\"option\">\n\t\t\t\t\t\t\t\t<a  >\n\t\t\t\t\t<img decoding=\"async\" class=\"item-image\" src=\"https:\/\/enelsol.es\/wp-content\/uploads\/2025\/06\/PenalaraSocrates_mini_3.jpg\" alt=\"Pe\u00f1alaraSocrates_mini_3\" >\n\t\t\t\t<\/a>\n\t\t\t\t\t\t\t\t\t\t\t\t<div class=\"seriousslider-caption\">\n\t\t\t\t\t<div class=\"seriousslider-caption-inside\">\n\t\t\t\t\t\t\t\t\t\t\t\t\t\t\t\t\t\t<div class=\"seriousslider-caption-buttons\">\n\t\t\t\t\t\t\t\t\t\t\t\t\t\t\t\t\t\t\t\t\t\t\t\t\t\t\t\t\t\t\t\t\t\t\t\t\t\t\t\t\t\t\t<\/div>\n\t\t\t\t\t<\/div><!--seriousslider-caption-inside-->\n\t\t\t\t<\/div><!--seriousslider-caption-->\n\t\t\t\t\t\t\t\t<div class=\"seriousslider-hloader\"><\/div>\n\t\t\t\t<figure class=\"seriousslider-cloader\">\n\t\t\t\t\t<svg width=\"200\" height=\"200\">\n\t\t\t\t\t\t<circle cx=\"95\" cy=\"95\" r=\"20\" transform=\"rotate(-90, 95, 95)\"\/>\n\t\t\t\t\t<\/svg>\n\t\t\t  <\/figure>\n\t\t\t<\/div>\n\n\t\t\t\n\t\t\t<div class=\"item slide-2 \" role=\"option\">\n\t\t\t\t\t\t\t\t<a  >\n\t\t\t\t\t<img decoding=\"async\" class=\"item-image\" src=\"https:\/\/enelsol.es\/wp-content\/uploads\/2025\/06\/PenalaraSocrates_mini_2.jpg\" alt=\"Pe\u00f1alaraSocrates_mini_2\" >\n\t\t\t\t<\/a>\n\t\t\t\t\t\t\t\t\t\t\t\t<div class=\"seriousslider-caption\">\n\t\t\t\t\t<div class=\"seriousslider-caption-inside\">\n\t\t\t\t\t\t\t\t\t\t\t\t\t\t\t\t\t\t<div class=\"seriousslider-caption-buttons\">\n\t\t\t\t\t\t\t\t\t\t\t\t\t\t\t\t\t\t\t\t\t\t\t\t\t\t\t\t\t\t\t\t\t\t\t\t\t\t\t\t\t\t\t<\/div>\n\t\t\t\t\t<\/div><!--seriousslider-caption-inside-->\n\t\t\t\t<\/div><!--seriousslider-caption-->\n\t\t\t\t\t\t\t\t<div class=\"seriousslider-hloader\"><\/div>\n\t\t\t\t<figure class=\"seriousslider-cloader\">\n\t\t\t\t\t<svg width=\"200\" height=\"200\">\n\t\t\t\t\t\t<circle cx=\"95\" cy=\"95\" r=\"20\" transform=\"rotate(-90, 95, 95)\"\/>\n\t\t\t\t\t<\/svg>\n\t\t\t  <\/figure>\n\t\t\t<\/div>\n\n\t\t\t\n\t\t\t<div class=\"item slide-3 \" role=\"option\">\n\t\t\t\t\t\t\t\t<a  >\n\t\t\t\t\t<img decoding=\"async\" class=\"item-image\" src=\"https:\/\/enelsol.es\/wp-content\/uploads\/2025\/06\/PenalaraSocrates_mini_1.jpg\" alt=\"Pe\u00f1alaraSocrates_mini_1\" >\n\t\t\t\t<\/a>\n\t\t\t\t\t\t\t\t\t\t\t\t<div class=\"seriousslider-caption\">\n\t\t\t\t\t<div class=\"seriousslider-caption-inside\">\n\t\t\t\t\t\t\t\t\t\t\t\t\t\t\t\t\t\t<div class=\"seriousslider-caption-buttons\">\n\t\t\t\t\t\t\t\t\t\t\t\t\t\t\t\t\t\t\t\t\t\t\t\t\t\t\t\t\t\t\t\t\t\t\t\t\t\t\t\t\t\t\t<\/div>\n\t\t\t\t\t<\/div><!--seriousslider-caption-inside-->\n\t\t\t\t<\/div><!--seriousslider-caption-->\n\t\t\t\t\t\t\t\t<div class=\"seriousslider-hloader\"><\/div>\n\t\t\t\t<figure class=\"seriousslider-cloader\">\n\t\t\t\t\t<svg width=\"200\" height=\"200\">\n\t\t\t\t\t\t<circle cx=\"95\" cy=\"95\" r=\"20\" transform=\"rotate(-90, 95, 95)\"\/>\n\t\t\t\t\t<\/svg>\n\t\t\t  <\/figure>\n\t\t\t<\/div>\n\n\t\t\t\t\t\t<\/div>\n\n\t\t\t<div class=\"seriousslider-indicators\">\n\t\t\t\t<ol class=\"seriousslider-indicators-inside\">\n\t\t\t\t\t\t\t\t\t\t<li data-target=\"#serious-slider-93\" data-slide-to=\"0\" class=\"active\"><\/li>\n\t\t\t\t\t\t\t\t\t\t<li data-target=\"#serious-slider-93\" data-slide-to=\"1\" ><\/li>\n\t\t\t\t\t\t\t\t\t\t<li data-target=\"#serious-slider-93\" data-slide-to=\"2\" ><\/li>\n\t\t\t\t\t\t\t\t\t<\/ol>\n\t\t\t<\/div>\n\n\t\t\t<button class=\"left seriousslider-control\" data-target=\"#serious-slider-93-rnd1865\" role=\"button\" data-slide=\"prev\">\n\t\t\t  <span class=\"sicon-prev control-arrow\" aria-hidden=\"true\"><\/span>\n\t\t\t  <span class=\"sr-only\">Previous Slide<\/span>\n\t\t\t<\/button>\n\t\t\t<button class=\"right seriousslider-control\" data-target=\"#serious-slider-93-rnd1865\" role=\"button\" data-slide=\"next\">\n\t\t\t  <span class=\"sicon-next control-arrow\" aria-hidden=\"true\"><\/span>\n\t\t\t  <span class=\"sr-only\">Next Slide<\/span>\n\t\t\t<\/button>\n\t\t<\/div>\n\t\t\n<\/div>\n\n\n\n<div class=\"wp-block-column is-layout-flow wp-block-column-is-layout-flow\" style=\"flex-basis:20%\">\n<div class=\"wp-block-media-text alignwide has-media-on-the-right is-stacked-on-mobile is-vertically-aligned-center has-accent-1-color has-text-color\" style=\"grid-template-columns:auto 20%\"><div class=\"wp-block-media-text__content\">\n<p class=\"has-text-align-right has-text-color has-small-font-size\" style=\"color:#1e3231\">17 \u20ac<\/p>\n<\/div><figure class=\"wp-block-media-text__media\"><img loading=\"lazy\" decoding=\"async\" width=\"33\" height=\"33\" src=\"https:\/\/enelsol.es\/\/wp-content\/uploads\/2022\/04\/euro_mini_i.png\" alt=\"\" class=\"wp-image-654 size-full\"\/><\/figure><\/div>\n\n\n\n<div class=\"wp-block-columns is-layout-flex wp-container-core-columns-is-layout-9d6595d7 wp-block-columns-is-layout-flex\">\n<div class=\"wp-block-column is-layout-flow wp-block-column-is-layout-flow\">\n<p class=\"has-sitebg-color has-text-color has-link-color wp-elements-f306afb9d21bab070df56952c1a77350\">.<\/p>\n<\/div>\n<\/div>\n\n\n\n<div class=\"wp-block-media-text alignwide has-media-on-the-right is-stacked-on-mobile is-vertically-aligned-bottom has-accent-1-color has-text-color\" style=\"grid-template-columns:auto 20%\"><div class=\"wp-block-media-text__content\">\n<p class=\"has-text-align-right has-text-color has-small-font-size\" style=\"color:#1e3231\">I + V<\/p>\n<\/div><figure class=\"wp-block-media-text__media\"><img loading=\"lazy\" decoding=\"async\" width=\"33\" height=\"33\" src=\"https:\/\/enelsol.es\/wp-content\/uploads\/2022\/04\/idayvuelta_mini_i.png\" alt=\"\" class=\"wp-image-1016 size-full\"\/><\/figure><\/div>\n\n\n\n<div class=\"wp-block-columns is-layout-flex wp-container-core-columns-is-layout-9d6595d7 wp-block-columns-is-layout-flex\">\n<div class=\"wp-block-column is-layout-flow wp-block-column-is-layout-flow\">\n<p class=\"has-sitebg-color has-text-color has-link-color wp-elements-f306afb9d21bab070df56952c1a77350\">.<\/p>\n<\/div>\n<\/div>\n\n\n\n<div class=\"wp-block-columns is-layout-flex wp-container-core-columns-is-layout-9d6595d7 wp-block-columns-is-layout-flex\">\n<div class=\"wp-block-column is-layout-flow wp-block-column-is-layout-flow\">\n<div class=\"wp-block-media-text alignwide has-media-on-the-right is-stacked-on-mobile is-vertically-aligned-bottom has-accent-1-color has-text-color\" style=\"grid-template-columns:auto 20%\"><div class=\"wp-block-media-text__content\">\n<p class=\"has-text-align-right has-text-color has-small-font-size\" style=\"color:#1e3231\"><\/p>\n<\/div><figure class=\"wp-block-media-text__media\"><img loading=\"lazy\" decoding=\"async\" width=\"33\" height=\"32\" src=\"https:\/\/enelsol.es\/\/wp-content\/uploads\/2022\/04\/cesta-de-picnic_mini_i.png\" alt=\"\" class=\"wp-image-906 size-full\"\/><\/figure><\/div>\n<\/div>\n<\/div>\n\n\n\n<p class=\"has-sitebg-color has-text-color has-link-color wp-elements-f306afb9d21bab070df56952c1a77350\">.<\/p>\n\n\n\n<div class=\"wp-block-media-text alignwide has-media-on-the-right is-stacked-on-mobile\" style=\"grid-template-columns:auto 20%\"><div class=\"wp-block-media-text__content\">\n<p class=\"has-text-align-right has-small-font-size\">1 No Tratada<\/p>\n<\/div><figure class=\"wp-block-media-text__media\"><img loading=\"lazy\" decoding=\"async\" width=\"33\" height=\"33\" src=\"https:\/\/enelsol.es\/wp-content\/uploads\/2022\/04\/fuente_NT_mini_i.png\" alt=\"\" class=\"wp-image-905 size-full\"\/><\/figure><\/div>\n<\/div>\n<\/div>\n\n\n\n<div class=\"wp-block-columns is-not-stacked-on-mobile has-sitebg-background-color has-background is-layout-flex wp-container-core-columns-is-layout-9d6595d7 wp-block-columns-is-layout-flex\">\n<div class=\"wp-block-column is-layout-flow wp-block-column-is-layout-flow\" style=\"flex-basis:20%\">\n<div class=\"wp-block-media-text is-stacked-on-mobile is-vertically-aligned-center has-accent-1-color has-text-color\" style=\"grid-template-columns:25% auto\"><figure class=\"wp-block-media-text__media\"><img loading=\"lazy\" decoding=\"async\" width=\"33\" height=\"33\" src=\"https:\/\/enelsol.es\/\/wp-content\/uploads\/2022\/04\/Desnivel_mini_i.png\" alt=\"\" class=\"wp-image-653 size-full\"\/><\/figure><div class=\"wp-block-media-text__content\">\n<p class=\"has-text-color has-small-font-size\" style=\"color:#1e3231\">Des. 670 m<\/p>\n<\/div><\/div>\n<\/div>\n\n\n\n<div class=\"wp-block-column is-layout-flow wp-block-column-is-layout-flow\" style=\"flex-basis:20%\">\n<div class=\"wp-block-media-text alignfull is-stacked-on-mobile is-vertically-aligned-center\" style=\"grid-template-columns:25% auto\"><figure class=\"wp-block-media-text__media\"><img loading=\"lazy\" decoding=\"async\" width=\"33\" height=\"33\" src=\"https:\/\/enelsol.es\/\/wp-content\/uploads\/2022\/04\/maxmin_mini_i.png\" alt=\"\" class=\"wp-image-655 size-full\"\/><\/figure><div class=\"wp-block-media-text__content\">\n<p class=\"has-text-align-left has-text-color has-small-font-size\" style=\"color:#1e3231\">Max 2000<\/p>\n\n\n\n<p class=\"has-text-align-left has-text-color has-small-font-size\" style=\"color:#1e3231\">Min 1600<\/p>\n<\/div><\/div>\n<\/div>\n\n\n\n<div class=\"wp-block-column is-layout-flow wp-block-column-is-layout-flow\" style=\"flex-basis:20%\">\n<div class=\"wp-block-media-text alignfull is-stacked-on-mobile is-vertically-aligned-center\" style=\"grid-template-columns:25% auto\"><figure class=\"wp-block-media-text__media\"><img loading=\"lazy\" decoding=\"async\" width=\"33\" height=\"33\" src=\"https:\/\/enelsol.es\/\/wp-content\/uploads\/2022\/04\/duracion_mini_i.png\" alt=\"\" class=\"wp-image-637 size-full\"\/><\/figure><div class=\"wp-block-media-text__content\">\n<p class=\"has-text-align-left has-text-color has-small-font-size\" style=\"color:#1e3231\">5\/6 horas aprox<\/p>\n<\/div><\/div>\n<\/div>\n\n\n\n<div class=\"wp-block-column is-layout-flow wp-block-column-is-layout-flow\" style=\"flex-basis:20%\">\n<div class=\"wp-block-media-text alignfull is-stacked-on-mobile is-vertically-aligned-center\" style=\"grid-template-columns:25% auto\"><figure class=\"wp-block-media-text__media\"><img loading=\"lazy\" decoding=\"async\" width=\"33\" height=\"33\" src=\"https:\/\/enelsol.es\/\/wp-content\/uploads\/2022\/04\/ubicacion_mini_i.png\" alt=\"\" class=\"wp-image-643 size-full\"\/><\/figure><div class=\"wp-block-media-text__content\">\n<p class=\"has-text-align-left has-text-color has-small-font-size\" style=\"color:#1e3231\">Puerto de los Cotos<\/p>\n<\/div><\/div>\n<\/div>\n<\/div>\n\n\n\n<div class=\"wp-block-buttons alignwide is-content-justification-space-between is-layout-flex wp-container-core-buttons-is-layout-3d213aab wp-block-buttons-is-layout-flex\">\n<div class=\"wp-block-button has-custom-width wp-block-button__width-25 is-style-outline is-style-outline--1\"><a class=\"wp-block-button__link has-sitebg-color has-text-color has-background has-small-font-size has-custom-font-size wp-element-button\" href=\"https:\/\/enelsol.es\/wp-content\/uploads\/2025\/06\/Ficha_PenalaraSocrates.pdf\" style=\"border-radius:100px;background-color:#1e3231\" target=\"_blank\" rel=\"noreferrer noopener\">PDF<\/a><\/div>\n\n\n\n<div class=\"wp-block-button has-custom-width wp-block-button__width-50 is-style-outline is-style-outline--2\"><a class=\"wp-block-button__link has-sitebg-color has-text-color has-background has-small-font-size has-custom-font-size wp-element-button\" href=\"https:\/\/enelsol.es\/\/?page_id=156\" style=\"border-radius:100px;background-color:#1e3231\" target=\"_blank\" rel=\"noreferrer noopener\">Determina tu nivel<\/a><\/div>\n\n\n\n<div class=\"wp-block-button has-custom-width wp-block-button__width-25 is-style-outline is-style-outline--3\"><a class=\"wp-block-button__link has-sitebg-color has-text-color has-background has-custom-font-size wp-element-button\" href=\"https:\/\/enelsol.es\/\/?page_id=28\" style=\"border-radius:100px;background-color:#1e3231;font-size:9px\" target=\"_blank\" rel=\"noreferrer noopener\">Reserva<\/a><\/div>\n\n\n\n<div class=\"wp-block-button has-custom-width wp-block-button__width-50 is-style-outline is-style-outline--4\"><a class=\"wp-block-button__link has-sitebg-color has-text-color has-background has-small-font-size has-custom-font-size wp-element-button\" href=\"https:\/\/enelsol.es\/\/?page_id=158(abre en una nueva pesta\u00f1a)\" style=\"border-radius:100px;background-color:#1e3231\">Condiciones generales<\/a><\/div>\n<\/div>\n\n\n<div class=\"wp-block-image is-style-columns\">\n<figure class=\"aligncenter size-full\"><img loading=\"lazy\" decoding=\"async\" width=\"960\" height=\"720\" src=\"https:\/\/enelsol.es\/wp-content\/uploads\/2025\/06\/Perfil_PenalaraSocrates.jpg\" alt=\"\" class=\"wp-image-5328\" srcset=\"https:\/\/enelsol.es\/wp-content\/uploads\/2025\/06\/Perfil_PenalaraSocrates.jpg 960w, https:\/\/enelsol.es\/wp-content\/uploads\/2025\/06\/Perfil_PenalaraSocrates-300x225.jpg 300w, https:\/\/enelsol.es\/wp-content\/uploads\/2025\/06\/Perfil_PenalaraSocrates-768x576.jpg 768w, https:\/\/enelsol.es\/wp-content\/uploads\/2025\/06\/Perfil_PenalaraSocrates-383x287.jpg 383w\" sizes=\"auto, (max-width: 960px) 100vw, 960px\" \/><\/figure>\n<\/div>\n\n\n<p class=\"has-text-color\" style=\"color:#1e3231\"><span style=\"text-decoration: underline;\"><strong>\u00c1mbito geogr\u00e1fico<\/strong><\/span>: La <span style=\"color: #ff6600;\"><strong>Caminata<\/strong><\/span> trascurre por valle del Lozoya, las faldas de Pe\u00f1alara y Cuerda Larga<\/p>\n\n\n\n<p class=\"has-text-color\" style=\"color:#1e3231\"><strong><span style=\"text-decoration: underline;\">Recorrido<\/span><\/strong>: Se trata de una <span style=\"color: #ff6600;\"><strong>Caminata<\/strong><\/span> circular, gran belleza y valor paisaj\u00edstico en la que destacan la laguna Grande de Pe\u00f1alara, la cascada denominada Poza de S\u00f3crates y las magn\u00edficas vistas y panor\u00e1micas de la sierra que nos ofrece este recorrido<\/p>\n\n\n\n<p class=\"has-text-color\" style=\"color:#1e3231\">El punto de referencia para el inicio el aparcamiento del puerto de los Cotos.<\/p>\n\n\n\n<div class=\"wp-block-media-text is-stacked-on-mobile\"><figure class=\"wp-block-media-text__media\"><img loading=\"lazy\" decoding=\"async\" width=\"960\" height=\"720\" src=\"https:\/\/enelsol.es\/wp-content\/uploads\/2025\/06\/Mapa_PenalaraSocrates.jpg\" alt=\"\" class=\"wp-image-5329 size-full\" srcset=\"https:\/\/enelsol.es\/wp-content\/uploads\/2025\/06\/Mapa_PenalaraSocrates.jpg 960w, https:\/\/enelsol.es\/wp-content\/uploads\/2025\/06\/Mapa_PenalaraSocrates-300x225.jpg 300w, https:\/\/enelsol.es\/wp-content\/uploads\/2025\/06\/Mapa_PenalaraSocrates-768x576.jpg 768w, https:\/\/enelsol.es\/wp-content\/uploads\/2025\/06\/Mapa_PenalaraSocrates-383x287.jpg 383w\" sizes=\"auto, (max-width: 960px) 100vw, 960px\" \/><\/figure><div class=\"wp-block-media-text__content\">\n<p class=\"has-text-color has-link-color wp-elements-b81a8d7f85838ac3e78f4c094a415f4a\" style=\"color:#1e3231\">Desde el centro de visitantes, que podremos visitar, caminamos por el amplio camino de Pe\u00f1alara. Al llegar al cobertizo tomaremos el desv\u00edo de la derecha hasta la laguna que podremos circunvalar saltando entre las rocas. Tanto si lo hacemos como si no, tras las fotos e rigor desandaremos nuestros pasos en busca del sendero que nos conduce hasta el GR-10 que nos conducir\u00e1 a la pradera de las COES<\/p>\n<\/div><\/div>\n\n\n\n<div class=\"wp-block-media-text has-media-on-the-right is-stacked-on-mobile\"><div class=\"wp-block-media-text__content\">\n<p class=\"has-text-color has-link-color wp-elements-c4724cee4b1ef54577284c490dccde8e\" style=\"color:#1e3231\">Ahora buscaremos la Pradera de Mar\u00eda para descender por un estrecho sendero, paralelo al arroyo de Cotos hasta cruzar el arroyo Guarramillas. Ahora el camino de las Vueltas, en direcci\u00f3n al Pingarr\u00f3n nos conducir\u00e1 a la poza, al refugio y finalmente al punto de inicio. Tras buscar los cotos que dan nombre al puerto y rendir pleites\u00eda al insigne Constancio Bernaldo de Quir\u00f3s daremos por finalizada la <span style=\"color: #ff6600;\"><strong>Caminata<\/strong><\/span>.<\/p>\n<\/div><figure class=\"wp-block-media-text__media\"><img loading=\"lazy\" decoding=\"async\" width=\"1024\" height=\"620\" src=\"https:\/\/enelsol.es\/wp-content\/uploads\/2024\/05\/Penalara_12-1024x620.jpg\" alt=\"\" class=\"wp-image-4067 size-full\" srcset=\"https:\/\/enelsol.es\/wp-content\/uploads\/2024\/05\/Penalara_12-1024x620.jpg 1024w, https:\/\/enelsol.es\/wp-content\/uploads\/2024\/05\/Penalara_12-300x182.jpg 300w, https:\/\/enelsol.es\/wp-content\/uploads\/2024\/05\/Penalara_12-768x465.jpg 768w, https:\/\/enelsol.es\/wp-content\/uploads\/2024\/05\/Penalara_12-1536x930.jpg 1536w, https:\/\/enelsol.es\/wp-content\/uploads\/2024\/05\/Penalara_12-2048x1239.jpg 2048w, https:\/\/enelsol.es\/wp-content\/uploads\/2024\/05\/Penalara_12-383x232.jpg 383w\" sizes=\"auto, (max-width: 1024px) 100vw, 1024px\" \/><\/figure><\/div>\n\n\n\n<p class=\"has-text-color\" style=\"color:#1e3231\"><span style=\"text-decoration: underline;\"><strong>Puntos de dificultad<\/strong><\/span>: la circunvalaci\u00f3n de la laguna (que no es obligatorio hacerla) requiere alguna peque\u00f1a trepadita y apoyo con las manos. Si bien la mayor\u00eda del trayecto se realiza por caminos f\u00e1ciles de transitar, hay alg\u00fan peque\u00f1o tramo que se realiza por senderos estrechos y de cierta pendiente. La laguna se encuentra a 2.000 m de altitud.<\/p>\n\n\n\n<p class=\"has-text-color\" style=\"color:#1e3231\"><strong><span style=\"text-decoration: underline;\">Fuentes<\/span><\/strong>: Existe alguna fuente en el primer tercio del recorrido<\/p>\n\n\n\n<p class=\"has-text-color\" style=\"color:#1e3231\"><span style=\"text-decoration: underline;\"><strong>Valores naturales y p<\/strong><\/span><strong><span style=\"text-decoration: underline;\">aisaj\u00edsticos de inter\u00e9s<\/span>:<\/strong> El valle alto del Lozoya, el macizo de Pe\u00f1alara, Cuerda Larga, todos ellos re\u00fanen belleza suficiente para justificar sobradamente el esfuerzo que requiere la <span style=\"color: #ff6600;\"><strong>Caminata<\/strong><\/span>. Si a\u00f1adimos el rumor del agua en los tramos que transcurren junto a los arroyos y la bonita poza de S\u00f3crates sobran los motivos.<\/p>\n\n\n\n<p class=\"has-text-color\" style=\"color:#1e3231\">La laguna grande tiene varias leyendas que la convierte en una zona misteriosa.<\/p>\n\n\n\n<p class=\"has-text-color\" style=\"color:#1e3231\"><strong><span style=\"text-decoration: underline;\">Valores hist\u00f3rico-culturales<\/span>:<\/strong> No incluidos en la <span style=\"color: #ff6600;\"><strong>Caminata<\/strong><\/span>: Monasterio del Paular, Cercedilla. <\/p>\n\n\n\n<p class=\"has-text-color\" style=\"color:#1e3231\">En un radio de unos pocos kil\u00f3metros se encuentran los lugares citados que podr\u00e1n ser visitados de manera privada una vez finalizada la <span style=\"color: #ff6600;\"><strong>Caminata<\/strong><\/span><\/p>\n\n\n\n<p class=\"has-text-color\" style=\"color:#1e3231\"><strong><span style=\"text-decoration: underline;\">Equipo \/ Comida y Bebida<\/span>:<\/strong> no incluidos en el precio de la <span style=\"color: #ff6600;\"><strong>Caminata<\/strong><\/span><\/p>\n\n\n\n<p class=\"has-text-color\" style=\"color:#1e3231\">Es imprescindible el uso de vestimenta adecuada y adaptada a las condiciones clim\u00e1ticas y <a rel=\"noreferrer noopener\" href=\"http:\/\/www.aemet.es\" target=\"_blank\"><strong>meteorol\u00f3gicas<\/strong><\/a> de la zona y d\u00eda de la <span style=\"color: #ff6600;\"><strong>Caminata<\/strong><\/span>. Es recomendable llevar siempre en el macuto ropa de abrigo e impermeable, gorra o gorro seg\u00fan \u00e9poca, guantes y botas de monta\u00f1a. Se recomienda llevar siempre manga larga y pantal\u00f3n largo, evitaremos quemaduras por el sol, rozaduras y erosiones en la piel y picaduras de insectos. Es recomendable dejar ropa de cambio en el coche.<\/p>\n\n\n\n<p class=\"has-text-color\" style=\"color:#1e3231\">Esta <span style=\"color: #ff6600;\"><strong>Caminata<\/strong><\/span>, <a href=\"https:\/\/enelsol.es\/\/?page_id=156\" target=\"_blank\" rel=\"noreferrer noopener\">de nivel 2-<\/a>, requiere como obligatorio el uso de <strong>botas de monta\u00f1a<\/strong> y recomendable bastones de senderismo.<\/p>\n\n\n\n<p class=\"has-text-color\" style=\"color:#1e3231\">Cada <span style=\"color: #ff6600;\"><strong>Caminante<\/strong><\/span> debe llevar <strong>comida y bebida suficiente para la Caminata (al menos 1,5 litros de agua). Mochila o macuto c\u00f3modo y con capacidad suficiente para llevar todo el equipo<\/strong>. Se aconseja el uso de bastones e incluir un dispositivo de iluminaci\u00f3n (preferible luz frontal) en la mochila.<\/p>\n\n\n\n<p class=\"has-text-color\" style=\"color:#1e3231\">Recomendable llevar un <strong>protector solar para la piel y labios<\/strong>.  <\/p>\n\n\n\n<p><\/p>\n","protected":false},"excerpt":{"rendered":"<p>Laguna de Pe\u00f1alara y poza de S\u00f3crates 14\/06\/2025 09:00 13,5 km Nivel 2- 17 \u20ac I + V 1 No Tratada Des. 670 m Max &hellip;<\/p>\n","protected":false},"author":1,"featured_media":2788,"parent":2564,"menu_order":10,"comment_status":"closed","ping_status":"closed","template":"","meta":{"advanced_seo_description":"","jetpack_seo_html_title":"","jetpack_seo_noindex":false,"footnotes":""},"class_list":["post-5269","page","type-page","status-publish","has-post-thumbnail","hentry"],"jetpack_sharing_enabled":true,"_links":{"self":[{"href":"https:\/\/enelsol.es\/index.php?rest_route=\/wp\/v2\/pages\/5269","targetHints":{"allow":["GET"]}}],"collection":[{"href":"https:\/\/enelsol.es\/index.php?rest_route=\/wp\/v2\/pages"}],"about":[{"href":"https:\/\/enelsol.es\/index.php?rest_route=\/wp\/v2\/types\/page"}],"author":[{"embeddable":true,"href":"https:\/\/enelsol.es\/index.php?rest_route=\/wp\/v2\/users\/1"}],"replies":[{"embeddable":true,"href":"https:\/\/enelsol.es\/index.php?rest_route=%2Fwp%2Fv2%2Fcomments&post=5269"}],"version-history":[{"count":3,"href":"https:\/\/enelsol.es\/index.php?rest_route=\/wp\/v2\/pages\/5269\/revisions"}],"predecessor-version":[{"id":5341,"href":"https:\/\/enelsol.es\/index.php?rest_route=\/wp\/v2\/pages\/5269\/revisions\/5341"}],"up":[{"embeddable":true,"href":"https:\/\/enelsol.es\/index.php?rest_route=\/wp\/v2\/pages\/2564"}],"wp:featuredmedia":[{"embeddable":true,"href":"https:\/\/enelsol.es\/index.php?rest_route=\/wp\/v2\/media\/2788"}],"wp:attachment":[{"href":"https:\/\/enelsol.es\/index.php?rest_route=%2Fwp%2Fv2%2Fmedia&parent=5269"}],"curies":[{"name":"wp","href":"https:\/\/api.w.org\/{rel}","templated":true}]}}