{"id":4357,"date":"2024-09-13T18:53:23","date_gmt":"2024-09-13T18:53:23","guid":{"rendered":"https:\/\/enelsol.es\/?page_id=4357"},"modified":"2025-04-27T22:12:45","modified_gmt":"2025-04-27T22:12:45","slug":"chorros-de-la-granja-y-calderas-del-cambrones","status":"publish","type":"page","link":"https:\/\/enelsol.es\/?page_id=4357","title":{"rendered":"Chorros de la Granja y Calderas del Cambrones"},"content":{"rendered":"\n<h2 class=\"wp-block-heading has-text-align-center has-text-color\" style=\"color:#ed7e31\">Chorros de la Granja y Calderas del Cambrones<\/h2>\n\n\n\n<div class=\"wp-block-columns is-not-stacked-on-mobile is-layout-flex wp-container-core-columns-is-layout-9d6595d7 wp-block-columns-is-layout-flex\">\n<div class=\"wp-block-column is-layout-flow wp-block-column-is-layout-flow\" style=\"flex-basis:20%\">\n<div class=\"wp-block-media-text is-stacked-on-mobile is-vertically-aligned-top has-accent-1-color has-text-color\" style=\"grid-template-columns:21% auto\"><figure class=\"wp-block-media-text__media\"><img loading=\"lazy\" decoding=\"async\" width=\"33\" height=\"33\" src=\"https:\/\/enelsol.es\/\/wp-content\/uploads\/2022\/04\/calendario_mini_i.png\" alt=\"\" class=\"wp-image-644 size-full\"\/><\/figure><div class=\"wp-block-media-text__content\">\n<p class=\"has-text-color has-small-font-size\" style=\"color:#1e3231\">24 de mayo de 2025<\/p>\n<\/div><\/div>\n\n\n\n<div class=\"wp-block-columns is-layout-flex wp-container-core-columns-is-layout-9d6595d7 wp-block-columns-is-layout-flex\">\n<div class=\"wp-block-column is-layout-flow wp-block-column-is-layout-flow\">\n<p class=\"has-sitebg-color has-text-color has-link-color wp-elements-f306afb9d21bab070df56952c1a77350\">.<\/p>\n<\/div>\n<\/div>\n\n\n\n<div class=\"wp-block-columns is-layout-flex wp-container-core-columns-is-layout-9d6595d7 wp-block-columns-is-layout-flex\">\n<div class=\"wp-block-column is-layout-flow wp-block-column-is-layout-flow\">\n<div class=\"wp-block-media-text is-stacked-on-mobile is-vertically-aligned-bottom\" style=\"grid-template-columns:20% auto\"><figure class=\"wp-block-media-text__media\"><img loading=\"lazy\" decoding=\"async\" width=\"33\" height=\"33\" src=\"https:\/\/enelsol.es\/\/wp-content\/uploads\/2022\/04\/reloj_mini_i.png\" alt=\"\" class=\"wp-image-964 size-full\"\/><\/figure><div class=\"wp-block-media-text__content\">\n<p class=\"has-text-color has-small-font-size\" style=\"color:#1e3231\">09:00<\/p>\n<\/div><\/div>\n<\/div>\n<\/div>\n\n\n\n<p class=\"has-sitebg-color has-text-color has-link-color wp-elements-f306afb9d21bab070df56952c1a77350\">.<\/p>\n\n\n\n<div class=\"wp-block-media-text is-stacked-on-mobile is-vertically-aligned-bottom has-accent-1-color has-text-color\" style=\"grid-template-columns:20% auto\"><figure class=\"wp-block-media-text__media\"><img loading=\"lazy\" decoding=\"async\" width=\"33\" height=\"33\" src=\"https:\/\/enelsol.es\/\/wp-content\/uploads\/2022\/04\/itinerario_mini_i.png\" alt=\"\" class=\"wp-image-638 size-full\"\/><\/figure><div class=\"wp-block-media-text__content\">\n<p class=\"has-text-color has-small-font-size\" style=\"color:#1e3231\">15.4. km<\/p>\n<\/div><\/div>\n\n\n\n<div class=\"wp-block-columns is-layout-flex wp-container-core-columns-is-layout-9d6595d7 wp-block-columns-is-layout-flex\">\n<div class=\"wp-block-column is-layout-flow wp-block-column-is-layout-flow\">\n<p class=\"has-sitebg-color has-text-color has-link-color wp-elements-f306afb9d21bab070df56952c1a77350\">.<\/p>\n<\/div>\n<\/div>\n\n\n\n<div class=\"wp-block-media-text is-stacked-on-mobile is-vertically-aligned-bottom has-accent-1-color has-text-color\" style=\"grid-template-columns:20% auto\"><figure class=\"wp-block-media-text__media\"><a href=\"https:\/\/enelsol.es\/\/?page_id=156\" target=\"_blank\" rel=\"noopener\"><img loading=\"lazy\" decoding=\"async\" width=\"33\" height=\"33\" src=\"https:\/\/enelsol.es\/wp-content\/uploads\/2022\/04\/N2_mini_i.png\" alt=\"\" class=\"wp-image-641 size-full\"\/><\/a><\/figure><div class=\"wp-block-media-text__content\">\n<p class=\"has-text-color has-small-font-size\" style=\"color:#1e3231\">Nivel 2<\/p>\n<\/div><\/div>\n<\/div>\n\n\n\n<div class=\"wp-block-column is-vertically-aligned-center is-layout-flow wp-block-column-is-layout-flow\" style=\"flex-basis:55%\">\t\t<div id=\"serious-slider-84-rnd6072\" class=\"cryout-serious-slider seriousslider serious-slider-84-rnd6072 serious-slider-84 seriousslider-overlay1 seriousslider-light seriousslider-shadow-none seriousslider-responsive-maintain seriousslider-hidetitles-1 seriousslider-slide seriousslider-sizing0 seriousslider-aligncenter seriousslider-caption-animation-slide seriousslider-textstyle-textshadow\" data-ride=\"seriousslider\">\n\t\t\t<div class=\"seriousslider-inner\" role=\"listbox\">\n\n\t\t\t\n\t\t\t<div class=\"item slide-1 active\" role=\"option\">\n\t\t\t\t\t\t\t\t<a  >\n\t\t\t\t\t<img decoding=\"async\" class=\"item-image\" src=\"https:\/\/enelsol.es\/wp-content\/uploads\/2024\/09\/Chorros_mini_4.jpg\" alt=\"Chorros_mini_4\" >\n\t\t\t\t<\/a>\n\t\t\t\t\t\t\t\t\t\t\t\t<div class=\"seriousslider-caption\">\n\t\t\t\t\t<div class=\"seriousslider-caption-inside\">\n\t\t\t\t\t\t\t\t\t\t\t\t\t\t\t\t\t\t<div class=\"seriousslider-caption-buttons\">\n\t\t\t\t\t\t\t\t\t\t\t\t\t\t\t\t\t\t\t\t\t\t\t\t\t\t\t\t\t\t\t\t\t\t\t\t\t\t\t\t\t\t\t<\/div>\n\t\t\t\t\t<\/div><!--seriousslider-caption-inside-->\n\t\t\t\t<\/div><!--seriousslider-caption-->\n\t\t\t\t\t\t\t\t<div class=\"seriousslider-hloader\"><\/div>\n\t\t\t\t<figure class=\"seriousslider-cloader\">\n\t\t\t\t\t<svg width=\"200\" height=\"200\">\n\t\t\t\t\t\t<circle cx=\"95\" cy=\"95\" r=\"20\" transform=\"rotate(-90, 95, 95)\"\/>\n\t\t\t\t\t<\/svg>\n\t\t\t  <\/figure>\n\t\t\t<\/div>\n\n\t\t\t\n\t\t\t<div class=\"item slide-2 \" role=\"option\">\n\t\t\t\t\t\t\t\t<a  >\n\t\t\t\t\t<img decoding=\"async\" class=\"item-image\" src=\"https:\/\/enelsol.es\/wp-content\/uploads\/2024\/09\/Chorros_mini_5.jpg\" alt=\"Chorros_mini_5\" >\n\t\t\t\t<\/a>\n\t\t\t\t\t\t\t\t\t\t\t\t<div class=\"seriousslider-caption\">\n\t\t\t\t\t<div class=\"seriousslider-caption-inside\">\n\t\t\t\t\t\t\t\t\t\t\t\t\t\t\t\t\t\t<div class=\"seriousslider-caption-buttons\">\n\t\t\t\t\t\t\t\t\t\t\t\t\t\t\t\t\t\t\t\t\t\t\t\t\t\t\t\t\t\t\t\t\t\t\t\t\t\t\t\t\t\t\t<\/div>\n\t\t\t\t\t<\/div><!--seriousslider-caption-inside-->\n\t\t\t\t<\/div><!--seriousslider-caption-->\n\t\t\t\t\t\t\t\t<div class=\"seriousslider-hloader\"><\/div>\n\t\t\t\t<figure class=\"seriousslider-cloader\">\n\t\t\t\t\t<svg width=\"200\" height=\"200\">\n\t\t\t\t\t\t<circle cx=\"95\" cy=\"95\" r=\"20\" transform=\"rotate(-90, 95, 95)\"\/>\n\t\t\t\t\t<\/svg>\n\t\t\t  <\/figure>\n\t\t\t<\/div>\n\n\t\t\t\n\t\t\t<div class=\"item slide-3 \" role=\"option\">\n\t\t\t\t\t\t\t\t<a  >\n\t\t\t\t\t<img decoding=\"async\" class=\"item-image\" src=\"https:\/\/enelsol.es\/wp-content\/uploads\/2024\/09\/Chorros_mini_2.jpg\" alt=\"Chorros_mini_2\" >\n\t\t\t\t<\/a>\n\t\t\t\t\t\t\t\t\t\t\t\t<div class=\"seriousslider-caption\">\n\t\t\t\t\t<div class=\"seriousslider-caption-inside\">\n\t\t\t\t\t\t\t\t\t\t\t\t\t\t\t\t\t\t<div class=\"seriousslider-caption-buttons\">\n\t\t\t\t\t\t\t\t\t\t\t\t\t\t\t\t\t\t\t\t\t\t\t\t\t\t\t\t\t\t\t\t\t\t\t\t\t\t\t\t\t\t\t<\/div>\n\t\t\t\t\t<\/div><!--seriousslider-caption-inside-->\n\t\t\t\t<\/div><!--seriousslider-caption-->\n\t\t\t\t\t\t\t\t<div class=\"seriousslider-hloader\"><\/div>\n\t\t\t\t<figure class=\"seriousslider-cloader\">\n\t\t\t\t\t<svg width=\"200\" height=\"200\">\n\t\t\t\t\t\t<circle cx=\"95\" cy=\"95\" r=\"20\" transform=\"rotate(-90, 95, 95)\"\/>\n\t\t\t\t\t<\/svg>\n\t\t\t  <\/figure>\n\t\t\t<\/div>\n\n\t\t\t\t\t\t<\/div>\n\n\t\t\t<div class=\"seriousslider-indicators\">\n\t\t\t\t<ol class=\"seriousslider-indicators-inside\">\n\t\t\t\t\t\t\t\t\t\t<li data-target=\"#serious-slider-84\" data-slide-to=\"0\" class=\"active\"><\/li>\n\t\t\t\t\t\t\t\t\t\t<li data-target=\"#serious-slider-84\" data-slide-to=\"1\" ><\/li>\n\t\t\t\t\t\t\t\t\t\t<li data-target=\"#serious-slider-84\" data-slide-to=\"2\" ><\/li>\n\t\t\t\t\t\t\t\t\t<\/ol>\n\t\t\t<\/div>\n\n\t\t\t<button class=\"left seriousslider-control\" data-target=\"#serious-slider-84-rnd6072\" role=\"button\" data-slide=\"prev\">\n\t\t\t  <span class=\"sicon-prev control-arrow\" aria-hidden=\"true\"><\/span>\n\t\t\t  <span class=\"sr-only\">Previous Slide<\/span>\n\t\t\t<\/button>\n\t\t\t<button class=\"right seriousslider-control\" data-target=\"#serious-slider-84-rnd6072\" role=\"button\" data-slide=\"next\">\n\t\t\t  <span class=\"sicon-next control-arrow\" aria-hidden=\"true\"><\/span>\n\t\t\t  <span class=\"sr-only\">Next Slide<\/span>\n\t\t\t<\/button>\n\t\t<\/div>\n\t\t\n<\/div>\n\n\n\n<div class=\"wp-block-column is-layout-flow wp-block-column-is-layout-flow\" style=\"flex-basis:20%\">\n<div class=\"wp-block-media-text alignwide has-media-on-the-right is-stacked-on-mobile is-vertically-aligned-center has-accent-1-color has-text-color\" style=\"grid-template-columns:auto 20%\"><div class=\"wp-block-media-text__content\">\n<p class=\"has-text-align-right has-text-color has-small-font-size\" style=\"color:#1e3231\">17 \u20ac<\/p>\n<\/div><figure class=\"wp-block-media-text__media\"><img loading=\"lazy\" decoding=\"async\" width=\"33\" height=\"33\" src=\"https:\/\/enelsol.es\/\/wp-content\/uploads\/2022\/04\/euro_mini_i.png\" alt=\"\" class=\"wp-image-654 size-full\"\/><\/figure><\/div>\n\n\n\n<div class=\"wp-block-columns is-layout-flex wp-container-core-columns-is-layout-9d6595d7 wp-block-columns-is-layout-flex\">\n<div class=\"wp-block-column is-layout-flow wp-block-column-is-layout-flow\">\n<p class=\"has-sitebg-color has-text-color has-link-color wp-elements-f306afb9d21bab070df56952c1a77350\">.<\/p>\n<\/div>\n<\/div>\n\n\n\n<div class=\"wp-block-media-text alignwide has-media-on-the-right is-stacked-on-mobile is-vertically-aligned-bottom has-accent-1-color has-text-color\" style=\"grid-template-columns:auto 20%\"><div class=\"wp-block-media-text__content\">\n<p class=\"has-text-align-right has-text-color has-small-font-size\" style=\"color:#1e3231\">Circular<\/p>\n<\/div><figure class=\"wp-block-media-text__media\"><img loading=\"lazy\" decoding=\"async\" width=\"33\" height=\"33\" src=\"https:\/\/enelsol.es\/wp-content\/uploads\/2022\/04\/circular_mini_i.png\" alt=\"\" class=\"wp-image-646 size-full\"\/><\/figure><\/div>\n\n\n\n<div class=\"wp-block-columns is-layout-flex wp-container-core-columns-is-layout-9d6595d7 wp-block-columns-is-layout-flex\">\n<div class=\"wp-block-column is-layout-flow wp-block-column-is-layout-flow\">\n<p class=\"has-sitebg-color has-text-color has-link-color wp-elements-f306afb9d21bab070df56952c1a77350\">.<\/p>\n<\/div>\n<\/div>\n\n\n\n<div class=\"wp-block-columns is-layout-flex wp-container-core-columns-is-layout-9d6595d7 wp-block-columns-is-layout-flex\">\n<div class=\"wp-block-column is-layout-flow wp-block-column-is-layout-flow\">\n<div class=\"wp-block-media-text alignwide has-media-on-the-right is-stacked-on-mobile is-vertically-aligned-bottom has-accent-1-color has-text-color\" style=\"grid-template-columns:auto 20%\"><div class=\"wp-block-media-text__content\">\n<p class=\"has-text-align-right has-text-color has-small-font-size\" style=\"color:#1e3231\"><\/p>\n<\/div><figure class=\"wp-block-media-text__media\"><img loading=\"lazy\" decoding=\"async\" width=\"33\" height=\"32\" src=\"https:\/\/enelsol.es\/\/wp-content\/uploads\/2022\/04\/cesta-de-picnic_mini_i.png\" alt=\"\" class=\"wp-image-906 size-full\"\/><\/figure><\/div>\n<\/div>\n<\/div>\n\n\n\n<p class=\"has-sitebg-color has-text-color has-link-color wp-elements-f306afb9d21bab070df56952c1a77350\">.<\/p>\n\n\n\n<div class=\"wp-block-media-text alignwide has-media-on-the-right is-stacked-on-mobile\" style=\"grid-template-columns:auto 20%\"><div class=\"wp-block-media-text__content\">\n<p class=\"has-text-align-right has-small-font-size\">1 No Tratada <\/p>\n<\/div><figure class=\"wp-block-media-text__media\"><img loading=\"lazy\" decoding=\"async\" width=\"33\" height=\"33\" src=\"https:\/\/enelsol.es\/wp-content\/uploads\/2022\/04\/fuente_NT_mini_i.png\" alt=\"\" class=\"wp-image-905 size-full\"\/><\/figure><\/div>\n<\/div>\n<\/div>\n\n\n\n<div class=\"wp-block-columns is-not-stacked-on-mobile has-sitebg-background-color has-background is-layout-flex wp-container-core-columns-is-layout-9d6595d7 wp-block-columns-is-layout-flex\">\n<div class=\"wp-block-column is-layout-flow wp-block-column-is-layout-flow\" style=\"flex-basis:20%\">\n<div class=\"wp-block-media-text is-stacked-on-mobile is-vertically-aligned-center has-accent-1-color has-text-color\" style=\"grid-template-columns:25% auto\"><figure class=\"wp-block-media-text__media\"><img loading=\"lazy\" decoding=\"async\" width=\"33\" height=\"33\" src=\"https:\/\/enelsol.es\/\/wp-content\/uploads\/2022\/04\/Desnivel_mini_i.png\" alt=\"\" class=\"wp-image-653 size-full\"\/><\/figure><div class=\"wp-block-media-text__content\">\n<p class=\"has-text-color has-small-font-size\" style=\"color:#1e3231\">Des. 697 m<\/p>\n<\/div><\/div>\n<\/div>\n\n\n\n<div class=\"wp-block-column is-layout-flow wp-block-column-is-layout-flow\" style=\"flex-basis:20%\">\n<div class=\"wp-block-media-text alignfull is-stacked-on-mobile is-vertically-aligned-center\" style=\"grid-template-columns:25% auto\"><figure class=\"wp-block-media-text__media\"><img loading=\"lazy\" decoding=\"async\" width=\"33\" height=\"33\" src=\"https:\/\/enelsol.es\/\/wp-content\/uploads\/2022\/04\/maxmin_mini_i.png\" alt=\"\" class=\"wp-image-655 size-full\"\/><\/figure><div class=\"wp-block-media-text__content\">\n<p class=\"has-text-align-left has-text-color has-small-font-size\" style=\"color:#1e3231\">Max 1541<\/p>\n\n\n\n<p class=\"has-text-align-left has-text-color has-small-font-size\" style=\"color:#1e3231\">Min 1133<\/p>\n<\/div><\/div>\n<\/div>\n\n\n\n<div class=\"wp-block-column is-layout-flow wp-block-column-is-layout-flow\" style=\"flex-basis:20%\">\n<div class=\"wp-block-media-text alignfull is-stacked-on-mobile is-vertically-aligned-center\" style=\"grid-template-columns:25% auto\"><figure class=\"wp-block-media-text__media\"><img loading=\"lazy\" decoding=\"async\" width=\"33\" height=\"33\" src=\"https:\/\/enelsol.es\/\/wp-content\/uploads\/2022\/04\/duracion_mini_i.png\" alt=\"\" class=\"wp-image-637 size-full\"\/><\/figure><div class=\"wp-block-media-text__content\">\n<p class=\"has-text-align-left has-text-color has-small-font-size\" style=\"color:#1e3231\">6\/7 horas aprox<\/p>\n<\/div><\/div>\n<\/div>\n\n\n\n<div class=\"wp-block-column is-layout-flow wp-block-column-is-layout-flow\" style=\"flex-basis:20%\">\n<div class=\"wp-block-media-text alignfull is-stacked-on-mobile is-vertically-aligned-center\" style=\"grid-template-columns:25% auto\"><figure class=\"wp-block-media-text__media\"><img loading=\"lazy\" decoding=\"async\" width=\"33\" height=\"33\" src=\"https:\/\/enelsol.es\/\/wp-content\/uploads\/2022\/04\/ubicacion_mini_i.png\" alt=\"\" class=\"wp-image-643 size-full\"\/><\/figure><div class=\"wp-block-media-text__content\">\n<p class=\"has-text-align-left has-text-color has-small-font-size\" style=\"color:#1e3231\">La Granja de san Ildefonso<\/p>\n<\/div><\/div>\n<\/div>\n<\/div>\n\n\n\n<div class=\"wp-block-buttons alignwide is-content-justification-space-between is-layout-flex wp-container-core-buttons-is-layout-3d213aab wp-block-buttons-is-layout-flex\">\n<div class=\"wp-block-button has-custom-width wp-block-button__width-25 is-style-outline is-style-outline--1\"><a class=\"wp-block-button__link has-sitebg-color has-text-color has-background has-small-font-size has-custom-font-size wp-element-button\" href=\"https:\/\/enelsol.es\/wp-content\/uploads\/2024\/09\/Ficha_ChorrosyCalderas.pdf\" style=\"border-radius:100px;background-color:#1e3231\" target=\"_blank\" rel=\"noreferrer noopener\">PDF<\/a><\/div>\n\n\n\n<div class=\"wp-block-button has-custom-width wp-block-button__width-50 is-style-outline is-style-outline--2\"><a class=\"wp-block-button__link has-sitebg-color has-text-color has-background has-small-font-size has-custom-font-size wp-element-button\" href=\"https:\/\/enelsol.es\/\/?page_id=156\" style=\"border-radius:100px;background-color:#1e3231\" target=\"_blank\" rel=\"noreferrer noopener\">Determina tu nivel<\/a><\/div>\n\n\n\n<div class=\"wp-block-button has-custom-width wp-block-button__width-25 is-style-outline is-style-outline--3\"><a class=\"wp-block-button__link has-sitebg-color has-text-color has-background has-custom-font-size wp-element-button\" href=\"https:\/\/enelsol.es\/\/?page_id=28\" style=\"border-radius:100px;background-color:#1e3231;font-size:9px\" target=\"_blank\" rel=\"noreferrer noopener\">Reserva<\/a><\/div>\n\n\n\n<div class=\"wp-block-button has-custom-width wp-block-button__width-50 is-style-outline is-style-outline--4\"><a class=\"wp-block-button__link has-sitebg-color has-text-color has-background has-small-font-size has-custom-font-size wp-element-button\" href=\"https:\/\/enelsol.es\/\/?page_id=158(abre en una nueva pesta\u00f1a)\" style=\"border-radius:100px;background-color:#1e3231\">Condiciones generales<\/a><\/div>\n<\/div>\n\n\n<div class=\"wp-block-image is-style-columns\">\n<figure class=\"aligncenter size-large\"><img loading=\"lazy\" decoding=\"async\" width=\"1024\" height=\"709\" src=\"https:\/\/enelsol.es\/wp-content\/uploads\/2024\/09\/PerfilChorrosGranja-1024x709.jpg\" alt=\"\" class=\"wp-image-4232\" srcset=\"https:\/\/enelsol.es\/wp-content\/uploads\/2024\/09\/PerfilChorrosGranja-1024x709.jpg 1024w, https:\/\/enelsol.es\/wp-content\/uploads\/2024\/09\/PerfilChorrosGranja-300x208.jpg 300w, https:\/\/enelsol.es\/wp-content\/uploads\/2024\/09\/PerfilChorrosGranja-768x532.jpg 768w, https:\/\/enelsol.es\/wp-content\/uploads\/2024\/09\/PerfilChorrosGranja-383x265.jpg 383w, https:\/\/enelsol.es\/wp-content\/uploads\/2024\/09\/PerfilChorrosGranja.jpg 1040w\" sizes=\"auto, (max-width: 1024px) 100vw, 1024px\" \/><\/figure>\n<\/div>\n\n\n<p class=\"has-text-color\" style=\"color:#1e3231\"><span style=\"text-decoration: underline;\"><strong>\u00c1mbito geogr\u00e1fico<\/strong><\/span>: La <span style=\"color: #ff6600;\"><strong>Caminata<\/strong><\/span> trascurre al pie del macizo de Pe\u00f1alara por la vertiente norte atrav\u00e9s de los robledales de La Granja de San Ildefonso<\/p>\n\n\n\n<p class=\"has-text-color\" style=\"color:#1e3231\"><strong><span style=\"text-decoration: underline;\">Recorrido<\/span><\/strong>: Se trata de una <span style=\"color: #ff6600;\"><strong>Caminata<\/strong><\/span> circular por caminos  y sendas en busca del agua que desde la Sierra de Guadarrama desciende al valle en forma de altas cascadas o preciosa y refrescantes pozas.<\/p>\n\n\n\n<p class=\"has-text-color\" style=\"color:#1e3231\">El punto de referencia para el inicio es el aparcamiento situado en el paseo del Molinillo a espaldas del Palacio Real.<\/p>\n\n\n\n<div class=\"wp-block-media-text alignwide is-stacked-on-mobile\"><figure class=\"wp-block-media-text__media\"><img loading=\"lazy\" decoding=\"async\" width=\"1024\" height=\"709\" src=\"https:\/\/enelsol.es\/wp-content\/uploads\/2024\/09\/MapaChorrosGranja-1024x709.jpg\" alt=\"\" class=\"wp-image-4230 size-full\" srcset=\"https:\/\/enelsol.es\/wp-content\/uploads\/2024\/09\/MapaChorrosGranja-1024x709.jpg 1024w, https:\/\/enelsol.es\/wp-content\/uploads\/2024\/09\/MapaChorrosGranja-300x208.jpg 300w, https:\/\/enelsol.es\/wp-content\/uploads\/2024\/09\/MapaChorrosGranja-768x532.jpg 768w, https:\/\/enelsol.es\/wp-content\/uploads\/2024\/09\/MapaChorrosGranja-383x265.jpg 383w, https:\/\/enelsol.es\/wp-content\/uploads\/2024\/09\/MapaChorrosGranja.jpg 1040w\" sizes=\"auto, (max-width: 1024px) 100vw, 1024px\" \/><\/figure><div class=\"wp-block-media-text__content\">\n<p class=\"has-text-color\" style=\"color:#1e3231\">El inicio de la ruta discurre por el asfalto de las calles de la Granja, poblaci\u00f3n que abandonaremos por el camino del Chorro que transita pl\u00e1cidamente y sin grandes desniveles por frondosos robledales.<\/p>\n\n\n\n<p class=\"has-text-color\" style=\"color:#1e3231\">Antes de cruzar el arroyo del Chorro Grande tomaremos una senda a la derecha para llegar a la base del chorro. Este tramo tiene una pendiente moderada. Una vez alcanzado el chorro, podemos (es recomendable) seguir subiendo hasta donde las ganas y las fuerzas nos acompa\u00f1en, remontando esta brava y preciosa ca\u00edda de agua.<\/p>\n<\/div><\/div>\n\n\n\n<div class=\"wp-block-media-text has-media-on-the-right is-stacked-on-mobile\" style=\"grid-template-columns:auto 31%\"><div class=\"wp-block-media-text__content\">\n<p class=\"has-text-color has-link-color wp-elements-ae2aa4292b08035c5e36995de34fac2b\" style=\"color:#1e3231\">El descenso se hace, con cuidado, por el mismo sendero hasta el camino principal que retomaremos para seguir, de nuevo con comodidad, hasta el chorro Chico. Al igual que en el anterior, esta vez tras cruzar el arroyo, tomaremos un sendero a la derecha para ascender acompa\u00f1ados por los saltos de agua. Cuando las fuerzas nos abandonen daremos vuelta para descender nuevamente al camino.<\/p>\n\n\n\n<p class=\"has-text-color has-link-color wp-elements-fa039b8b3c618625b43e08058c3e1d24\" style=\"color:#1e3231\">Tras salvar una portilla y un descenso de cierta entidad llegaremos a otra portilla que nos dejar\u00e1 en el r\u00edo Cambrones, el cual cruzaremos. Si remontamos el r\u00edo iremos descubriendo las distintas pozas o calderas con sus saltos de agua donde podremos, si el tiempo acompa\u00f1a, darnos un chapuz\u00f3n. <\/p>\n<\/div><figure class=\"wp-block-media-text__media\"><img loading=\"lazy\" decoding=\"async\" width=\"215\" height=\"286\" src=\"https:\/\/enelsol.es\/wp-content\/uploads\/2024\/09\/Chorros_mini_6.jpg\" alt=\"\" class=\"wp-image-4348 size-full\"\/><\/figure><\/div>\n\n\n\n<p class=\"has-text-color\" style=\"color:#1e3231\">Poco a poco y poza tras poza, el camino se va complicando convirti\u00e9ndose en un peque\u00f1o, pedregoso y empinado sendero.  Para volver, regresaremos sobre nuestros pasos hasta la segunda portilla, cruzaremos el r\u00edo y tomaremos el camino de la derecha que nos conduce de nuevo al asfalto de las calles de La Granja<\/p>\n\n\n\n<p class=\"has-text-color\" style=\"color:#1e3231\"><strong style=\"text-decoration-line: underline;\">Puntos de dificultad<\/strong>: las subidas por los chorros son senderos estrechos, pedregosos o de terreno suelto. Es imprescindible llevar un calzado de buen agarre y que sujete adecuadamente tobillo\/pie<\/p>\n\n\n\n<p class=\"has-text-color\" style=\"color:#1e3231\"><strong><span style=\"text-decoration: underline;\">Fuentes<\/span><\/strong>: Una de agua no tratada en la zona de las Calderas. En \u00e9pocas secas puede no manar el agua<\/p>\n\n\n\n<p class=\"has-text-color\" style=\"color:#1e3231\"><span style=\"text-decoration: underline;\"><strong>Valores naturales y p<\/strong><\/span><strong><span style=\"text-decoration: underline;\">aisaj\u00edsticos de inter\u00e9s<\/span>:<\/strong> Los saltos de agua por los que se despe\u00f1an los arroyos que bajan del macizo de Pe\u00f1alara, las pozas que salpican la zona de las Calderas del Cambrones, el robledal y las vistas desde las zonas m\u00e1s altas que permiten contemplar parcialmente la sierra, la meseta norte y la localidad de La Granja y su palacio.<\/p>\n\n\n\n<p class=\"has-text-color\" style=\"color:#1e3231\"><strong><span style=\"text-decoration: underline;\">Valores hist\u00f3rico-culturales<\/span>:<\/strong> No incluidos en la <span style=\"color: #ff6600;\"><strong>Caminata<\/strong><\/span>: La Granja de san Ildefonso, Palacio Real, Jardines del palacio con sus fuentes, F\u00e1brica de Cristal.<\/p>\n\n\n\n<p class=\"has-text-color\" style=\"color:#1e3231\">En un radio de unos pocos kil\u00f3metros se encuentran los lugares citados que podr\u00e1n ser visitados de manera privada una vez finalizada la <span style=\"color: #ff6600;\"><strong>Caminata<\/strong><\/span><\/p>\n\n\n\n<p class=\"has-text-color\" style=\"color:#1e3231\"><strong><span style=\"text-decoration: underline;\">Equipo \/ Comida y Bebida<\/span>:<\/strong> no incluidos en el precio de la <span style=\"color: #ff6600;\"><strong>Caminata<\/strong><\/span><\/p>\n\n\n\n<p class=\"has-text-color\" style=\"color:#1e3231\">Es imprescindible el uso de vestimenta adecuada y adaptada a las condiciones clim\u00e1ticas y <a rel=\"noreferrer noopener\" href=\"http:\/\/www.aemet.es\" target=\"_blank\"><strong>meteorol\u00f3gicas<\/strong><\/a> de la zona y d\u00eda de la <span style=\"color: #ff6600;\"><strong>Caminata<\/strong><\/span>. Es recomendable llevar siempre en el macuto ropa de abrigo e impermeable, gorra o gorro seg\u00fan \u00e9poca, guantes y botas de monta\u00f1a. Se recomienda llevar siempre manga larga y pantal\u00f3n largo, evitaremos quemaduras por el sol, rozaduras y erosiones en la piel y picaduras de insectos. Es recomendable dejar ropa de cambio en el coche.<\/p>\n\n\n\n<p class=\"has-text-color\" style=\"color:#1e3231\">Esta <span style=\"color: #ff6600;\"><strong>Caminata<\/strong><\/span>, <a href=\"https:\/\/enelsol.es\/\/?page_id=156\" target=\"_blank\" rel=\"noreferrer noopener\">de nivel 2 (medio)<\/a>, requiere como obligatorio el uso de <strong>botas de monta\u00f1a<\/strong>.<\/p>\n\n\n\n<p class=\"has-text-color\" style=\"color:#1e3231\">Cada <span style=\"color: #ff6600;\"><strong>Caminante<\/strong><\/span> debe llevar <strong>comida y bebida suficiente para la Caminata (al menos 1,5 litros de agua). Mochila o macuto c\u00f3modo y con capacidad suficiente para llevar todo el equipo<\/strong>. Se aconseja el uso de bastones e incluir un dispositivo de iluminaci\u00f3n (preferible luz frontal) en la mochila.<\/p>\n\n\n\n<p class=\"has-text-color\" style=\"color:#1e3231\">Recomendable llevar un <strong>protector solar para la piel y labios<\/strong>.  <\/p>\n","protected":false},"excerpt":{"rendered":"<p>Chorros de la Granja y Calderas del Cambrones 24 de mayo de 2025 09:00 15.4. km Nivel 2 17 \u20ac Circular 1 No Tratada Des. &hellip;<\/p>\n","protected":false},"author":1,"featured_media":4350,"parent":2564,"menu_order":5,"comment_status":"closed","ping_status":"closed","template":"","meta":{"footnotes":""},"class_list":["post-4357","page","type-page","status-publish","has-post-thumbnail","hentry"],"jetpack_sharing_enabled":true,"_links":{"self":[{"href":"https:\/\/enelsol.es\/index.php?rest_route=\/wp\/v2\/pages\/4357","targetHints":{"allow":["GET"]}}],"collection":[{"href":"https:\/\/enelsol.es\/index.php?rest_route=\/wp\/v2\/pages"}],"about":[{"href":"https:\/\/enelsol.es\/index.php?rest_route=\/wp\/v2\/types\/page"}],"author":[{"embeddable":true,"href":"https:\/\/enelsol.es\/index.php?rest_route=\/wp\/v2\/users\/1"}],"replies":[{"embeddable":true,"href":"https:\/\/enelsol.es\/index.php?rest_route=%2Fwp%2Fv2%2Fcomments&post=4357"}],"version-history":[{"count":3,"href":"https:\/\/enelsol.es\/index.php?rest_route=\/wp\/v2\/pages\/4357\/revisions"}],"predecessor-version":[{"id":5127,"href":"https:\/\/enelsol.es\/index.php?rest_route=\/wp\/v2\/pages\/4357\/revisions\/5127"}],"up":[{"embeddable":true,"href":"https:\/\/enelsol.es\/index.php?rest_route=\/wp\/v2\/pages\/2564"}],"wp:featuredmedia":[{"embeddable":true,"href":"https:\/\/enelsol.es\/index.php?rest_route=\/wp\/v2\/media\/4350"}],"wp:attachment":[{"href":"https:\/\/enelsol.es\/index.php?rest_route=%2Fwp%2Fv2%2Fmedia&parent=4357"}],"curies":[{"name":"wp","href":"https:\/\/api.w.org\/{rel}","templated":true}]}}