{"id":4174,"date":"2024-09-11T15:37:31","date_gmt":"2024-09-11T15:37:31","guid":{"rendered":"https:\/\/enelsol.es\/?page_id=4174"},"modified":"2024-10-16T18:28:08","modified_gmt":"2024-10-16T18:28:08","slug":"crestas-y-umbria-de-siete-picos","status":"publish","type":"page","link":"https:\/\/enelsol.es\/?page_id=4174","title":{"rendered":"Crestas y umbr\u00eda de Siete Picos"},"content":{"rendered":"\n<h2 class=\"wp-block-heading has-text-align-center has-text-color\" style=\"color:#ed7e31\">Crestas y umbr\u00eda de Siete Picos por la senda Herreros<\/h2>\n\n\n\n<div class=\"wp-block-columns is-not-stacked-on-mobile is-layout-flex wp-container-core-columns-is-layout-9d6595d7 wp-block-columns-is-layout-flex\">\n<div class=\"wp-block-column is-layout-flow wp-block-column-is-layout-flow\" style=\"flex-basis:20%\">\n<div class=\"wp-block-media-text is-stacked-on-mobile is-vertically-aligned-top has-accent-1-color has-text-color\" style=\"grid-template-columns:21% auto\"><figure class=\"wp-block-media-text__media\"><img loading=\"lazy\" decoding=\"async\" width=\"33\" height=\"33\" src=\"https:\/\/enelsol.es\/\/wp-content\/uploads\/2022\/04\/calendario_mini_i.png\" alt=\"\" class=\"wp-image-644 size-full\"\/><\/figure><div class=\"wp-block-media-text__content\">\n<p class=\"has-text-color has-small-font-size\" style=\"color:#1e3231\">21\/09\/2024<\/p>\n<\/div><\/div>\n\n\n\n<div class=\"wp-block-columns is-layout-flex wp-container-core-columns-is-layout-9d6595d7 wp-block-columns-is-layout-flex\">\n<div class=\"wp-block-column is-layout-flow wp-block-column-is-layout-flow\">\n<p class=\"has-sitebg-color has-text-color has-link-color wp-elements-f306afb9d21bab070df56952c1a77350\">.<\/p>\n<\/div>\n<\/div>\n\n\n\n<div class=\"wp-block-columns is-layout-flex wp-container-core-columns-is-layout-9d6595d7 wp-block-columns-is-layout-flex\">\n<div class=\"wp-block-column is-layout-flow wp-block-column-is-layout-flow\">\n<div class=\"wp-block-media-text is-stacked-on-mobile is-vertically-aligned-bottom\" style=\"grid-template-columns:20% auto\"><figure class=\"wp-block-media-text__media\"><img loading=\"lazy\" decoding=\"async\" width=\"33\" height=\"33\" src=\"https:\/\/enelsol.es\/\/wp-content\/uploads\/2022\/04\/reloj_mini_i.png\" alt=\"\" class=\"wp-image-964 size-full\"\/><\/figure><div class=\"wp-block-media-text__content\">\n<p class=\"has-text-color has-small-font-size\" style=\"color:#1e3231\">09:00<\/p>\n<\/div><\/div>\n<\/div>\n<\/div>\n\n\n\n<p class=\"has-sitebg-color has-text-color has-link-color wp-elements-f306afb9d21bab070df56952c1a77350\">.<\/p>\n\n\n\n<div class=\"wp-block-media-text is-stacked-on-mobile is-vertically-aligned-bottom has-accent-1-color has-text-color\" style=\"grid-template-columns:20% auto\"><figure class=\"wp-block-media-text__media\"><img loading=\"lazy\" decoding=\"async\" width=\"33\" height=\"33\" src=\"https:\/\/enelsol.es\/\/wp-content\/uploads\/2022\/04\/itinerario_mini_i.png\" alt=\"\" class=\"wp-image-638 size-full\"\/><\/figure><div class=\"wp-block-media-text__content\">\n<p class=\"has-text-color has-small-font-size\" style=\"color:#1e3231\">13. km<\/p>\n<\/div><\/div>\n\n\n\n<div class=\"wp-block-columns is-layout-flex wp-container-core-columns-is-layout-9d6595d7 wp-block-columns-is-layout-flex\">\n<div class=\"wp-block-column is-layout-flow wp-block-column-is-layout-flow\">\n<p class=\"has-sitebg-color has-text-color has-link-color wp-elements-f306afb9d21bab070df56952c1a77350\">.<\/p>\n<\/div>\n<\/div>\n\n\n\n<div class=\"wp-block-media-text is-stacked-on-mobile is-vertically-aligned-bottom has-accent-1-color has-text-color\" style=\"grid-template-columns:20% auto\"><figure class=\"wp-block-media-text__media\"><a href=\"https:\/\/enelsol.es\/\/?page_id=156\" target=\"_blank\" rel=\"noopener\"><img loading=\"lazy\" decoding=\"async\" width=\"33\" height=\"33\" src=\"https:\/\/enelsol.es\/wp-content\/uploads\/2022\/04\/N1_mini_i.png\" alt=\"\" class=\"wp-image-640 size-full\"\/><\/a><\/figure><div class=\"wp-block-media-text__content\">\n<p class=\"has-text-color has-small-font-size\" style=\"color:#1e3231\">Nivel 1+<\/p>\n<\/div><\/div>\n<\/div>\n\n\n\n<div class=\"wp-block-column is-vertically-aligned-center is-layout-flow wp-block-column-is-layout-flow\" style=\"flex-basis:55%\">\t\t<div id=\"serious-slider-82-rnd8553\" class=\"cryout-serious-slider seriousslider serious-slider-82-rnd8553 serious-slider-82 seriousslider-overlay1 seriousslider-light seriousslider-shadow-none seriousslider-responsive-maintain seriousslider-hidetitles-1 seriousslider-slide seriousslider-sizing0 seriousslider-aligncenter seriousslider-caption-animation-slide seriousslider-textstyle-textshadow\" data-ride=\"seriousslider\">\n\t\t\t<div class=\"seriousslider-inner\" role=\"listbox\">\n\n\t\t\t\n\t\t\t<div class=\"item slide-1 active\" role=\"option\">\n\t\t\t\t\t\t\t\t<a  >\n\t\t\t\t\t<img decoding=\"async\" class=\"item-image\" src=\"https:\/\/enelsol.es\/wp-content\/uploads\/2024\/09\/SietePicos_mini_2.jpg\" alt=\"SietePicos_mini_2\" >\n\t\t\t\t<\/a>\n\t\t\t\t\t\t\t\t\t\t\t\t<div class=\"seriousslider-caption\">\n\t\t\t\t\t<div class=\"seriousslider-caption-inside\">\n\t\t\t\t\t\t\t\t\t\t\t\t\t\t\t\t\t\t<div class=\"seriousslider-caption-buttons\">\n\t\t\t\t\t\t\t\t\t\t\t\t\t\t\t\t\t\t\t\t\t\t\t\t\t\t\t\t\t\t\t\t\t\t\t\t\t\t\t\t\t\t\t<\/div>\n\t\t\t\t\t<\/div><!--seriousslider-caption-inside-->\n\t\t\t\t<\/div><!--seriousslider-caption-->\n\t\t\t\t\t\t\t\t<div class=\"seriousslider-hloader\"><\/div>\n\t\t\t\t<figure class=\"seriousslider-cloader\">\n\t\t\t\t\t<svg width=\"200\" height=\"200\">\n\t\t\t\t\t\t<circle cx=\"95\" cy=\"95\" r=\"20\" transform=\"rotate(-90, 95, 95)\"\/>\n\t\t\t\t\t<\/svg>\n\t\t\t  <\/figure>\n\t\t\t<\/div>\n\n\t\t\t\n\t\t\t<div class=\"item slide-2 \" role=\"option\">\n\t\t\t\t\t\t\t\t<a  >\n\t\t\t\t\t<img decoding=\"async\" class=\"item-image\" src=\"https:\/\/enelsol.es\/wp-content\/uploads\/2024\/09\/SietePicos_mini_1.jpg\" alt=\"SietePicos_mini_1\" >\n\t\t\t\t<\/a>\n\t\t\t\t\t\t\t\t\t\t\t\t<div class=\"seriousslider-caption\">\n\t\t\t\t\t<div class=\"seriousslider-caption-inside\">\n\t\t\t\t\t\t\t\t\t\t\t\t\t\t\t\t\t\t<div class=\"seriousslider-caption-buttons\">\n\t\t\t\t\t\t\t\t\t\t\t\t\t\t\t\t\t\t\t\t\t\t\t\t\t\t\t\t\t\t\t\t\t\t\t\t\t\t\t\t\t\t\t<\/div>\n\t\t\t\t\t<\/div><!--seriousslider-caption-inside-->\n\t\t\t\t<\/div><!--seriousslider-caption-->\n\t\t\t\t\t\t\t\t<div class=\"seriousslider-hloader\"><\/div>\n\t\t\t\t<figure class=\"seriousslider-cloader\">\n\t\t\t\t\t<svg width=\"200\" height=\"200\">\n\t\t\t\t\t\t<circle cx=\"95\" cy=\"95\" r=\"20\" transform=\"rotate(-90, 95, 95)\"\/>\n\t\t\t\t\t<\/svg>\n\t\t\t  <\/figure>\n\t\t\t<\/div>\n\n\t\t\t\n\t\t\t<div class=\"item slide-3 \" role=\"option\">\n\t\t\t\t\t\t\t\t<a  >\n\t\t\t\t\t<img decoding=\"async\" class=\"item-image\" src=\"https:\/\/enelsol.es\/wp-content\/uploads\/2024\/09\/SietePicos_mini_4.jpg\" alt=\"SietePicos_mini_4\" >\n\t\t\t\t<\/a>\n\t\t\t\t\t\t\t\t\t\t\t\t<div class=\"seriousslider-caption\">\n\t\t\t\t\t<div class=\"seriousslider-caption-inside\">\n\t\t\t\t\t\t\t\t\t\t\t\t\t\t\t\t\t\t<div class=\"seriousslider-caption-buttons\">\n\t\t\t\t\t\t\t\t\t\t\t\t\t\t\t\t\t\t\t\t\t\t\t\t\t\t\t\t\t\t\t\t\t\t\t\t\t\t\t\t\t\t\t<\/div>\n\t\t\t\t\t<\/div><!--seriousslider-caption-inside-->\n\t\t\t\t<\/div><!--seriousslider-caption-->\n\t\t\t\t\t\t\t\t<div class=\"seriousslider-hloader\"><\/div>\n\t\t\t\t<figure class=\"seriousslider-cloader\">\n\t\t\t\t\t<svg width=\"200\" height=\"200\">\n\t\t\t\t\t\t<circle cx=\"95\" cy=\"95\" r=\"20\" transform=\"rotate(-90, 95, 95)\"\/>\n\t\t\t\t\t<\/svg>\n\t\t\t  <\/figure>\n\t\t\t<\/div>\n\n\t\t\t\t\t\t<\/div>\n\n\t\t\t<div class=\"seriousslider-indicators\">\n\t\t\t\t<ol class=\"seriousslider-indicators-inside\">\n\t\t\t\t\t\t\t\t\t\t<li data-target=\"#serious-slider-82\" data-slide-to=\"0\" class=\"active\"><\/li>\n\t\t\t\t\t\t\t\t\t\t<li data-target=\"#serious-slider-82\" data-slide-to=\"1\" ><\/li>\n\t\t\t\t\t\t\t\t\t\t<li data-target=\"#serious-slider-82\" data-slide-to=\"2\" ><\/li>\n\t\t\t\t\t\t\t\t\t<\/ol>\n\t\t\t<\/div>\n\n\t\t\t<button class=\"left seriousslider-control\" data-target=\"#serious-slider-82-rnd8553\" role=\"button\" data-slide=\"prev\">\n\t\t\t  <span class=\"sicon-prev control-arrow\" aria-hidden=\"true\"><\/span>\n\t\t\t  <span class=\"sr-only\">Previous Slide<\/span>\n\t\t\t<\/button>\n\t\t\t<button class=\"right seriousslider-control\" data-target=\"#serious-slider-82-rnd8553\" role=\"button\" data-slide=\"next\">\n\t\t\t  <span class=\"sicon-next control-arrow\" aria-hidden=\"true\"><\/span>\n\t\t\t  <span class=\"sr-only\">Next Slide<\/span>\n\t\t\t<\/button>\n\t\t<\/div>\n\t\t\n<\/div>\n\n\n\n<div class=\"wp-block-column is-layout-flow wp-block-column-is-layout-flow\" style=\"flex-basis:20%\">\n<div class=\"wp-block-media-text alignwide has-media-on-the-right is-stacked-on-mobile is-vertically-aligned-center has-accent-1-color has-text-color\" style=\"grid-template-columns:auto 20%\"><div class=\"wp-block-media-text__content\">\n<p class=\"has-text-align-right has-text-color has-small-font-size\" style=\"color:#1e3231\">17 \u20ac<\/p>\n<\/div><figure class=\"wp-block-media-text__media\"><img loading=\"lazy\" decoding=\"async\" width=\"33\" height=\"33\" src=\"https:\/\/enelsol.es\/\/wp-content\/uploads\/2022\/04\/euro_mini_i.png\" alt=\"\" class=\"wp-image-654 size-full\"\/><\/figure><\/div>\n\n\n\n<div class=\"wp-block-columns is-layout-flex wp-container-core-columns-is-layout-9d6595d7 wp-block-columns-is-layout-flex\">\n<div class=\"wp-block-column is-layout-flow wp-block-column-is-layout-flow\">\n<p class=\"has-sitebg-color has-text-color has-link-color wp-elements-f306afb9d21bab070df56952c1a77350\">.<\/p>\n<\/div>\n<\/div>\n\n\n\n<div class=\"wp-block-media-text alignwide has-media-on-the-right is-stacked-on-mobile is-vertically-aligned-bottom has-accent-1-color has-text-color\" style=\"grid-template-columns:auto 20%\"><div class=\"wp-block-media-text__content\">\n<p class=\"has-text-align-right has-text-color has-small-font-size\" style=\"color:#1e3231\">Circular<\/p>\n<\/div><figure class=\"wp-block-media-text__media\"><img loading=\"lazy\" decoding=\"async\" width=\"33\" height=\"33\" src=\"https:\/\/enelsol.es\/wp-content\/uploads\/2022\/04\/circular_mini_i.png\" alt=\"\" class=\"wp-image-646 size-full\"\/><\/figure><\/div>\n\n\n\n<div class=\"wp-block-columns is-layout-flex wp-container-core-columns-is-layout-9d6595d7 wp-block-columns-is-layout-flex\">\n<div class=\"wp-block-column is-layout-flow wp-block-column-is-layout-flow\">\n<p class=\"has-sitebg-color has-text-color has-link-color wp-elements-f306afb9d21bab070df56952c1a77350\">.<\/p>\n<\/div>\n<\/div>\n\n\n\n<div class=\"wp-block-columns is-layout-flex wp-container-core-columns-is-layout-9d6595d7 wp-block-columns-is-layout-flex\">\n<div class=\"wp-block-column is-layout-flow wp-block-column-is-layout-flow\">\n<div class=\"wp-block-media-text alignwide has-media-on-the-right is-stacked-on-mobile is-vertically-aligned-bottom has-accent-1-color has-text-color\" style=\"grid-template-columns:auto 20%\"><div class=\"wp-block-media-text__content\">\n<p class=\"has-text-align-right has-text-color has-small-font-size\" style=\"color:#1e3231\"><\/p>\n<\/div><figure class=\"wp-block-media-text__media\"><img loading=\"lazy\" decoding=\"async\" width=\"33\" height=\"32\" src=\"https:\/\/enelsol.es\/\/wp-content\/uploads\/2022\/04\/cesta-de-picnic_mini_i.png\" alt=\"\" class=\"wp-image-906 size-full\"\/><\/figure><\/div>\n<\/div>\n<\/div>\n\n\n\n<p class=\"has-sitebg-color has-text-color has-link-color wp-elements-f306afb9d21bab070df56952c1a77350\">.<\/p>\n\n\n\n<div class=\"wp-block-media-text alignwide has-media-on-the-right is-stacked-on-mobile\" style=\"grid-template-columns:auto 20%\"><div class=\"wp-block-media-text__content\">\n<p class=\"has-text-align-right has-small-font-size\">1 No Tratada<\/p>\n<\/div><figure class=\"wp-block-media-text__media\"><img loading=\"lazy\" decoding=\"async\" width=\"33\" height=\"33\" src=\"https:\/\/enelsol.es\/wp-content\/uploads\/2022\/04\/fuente_NT_mini_i.png\" alt=\"\" class=\"wp-image-905 size-full\"\/><\/figure><\/div>\n<\/div>\n<\/div>\n\n\n\n<div class=\"wp-block-columns is-not-stacked-on-mobile has-sitebg-background-color has-background is-layout-flex wp-container-core-columns-is-layout-9d6595d7 wp-block-columns-is-layout-flex\">\n<div class=\"wp-block-column is-layout-flow wp-block-column-is-layout-flow\" style=\"flex-basis:20%\">\n<div class=\"wp-block-media-text is-stacked-on-mobile is-vertically-aligned-center has-accent-1-color has-text-color\" style=\"grid-template-columns:25% auto\"><figure class=\"wp-block-media-text__media\"><img loading=\"lazy\" decoding=\"async\" width=\"33\" height=\"33\" src=\"https:\/\/enelsol.es\/\/wp-content\/uploads\/2022\/04\/Desnivel_mini_i.png\" alt=\"\" class=\"wp-image-653 size-full\"\/><\/figure><div class=\"wp-block-media-text__content\">\n<p class=\"has-text-color has-small-font-size\" style=\"color:#1e3231\">Des. 580 m<\/p>\n<\/div><\/div>\n<\/div>\n\n\n\n<div class=\"wp-block-column is-layout-flow wp-block-column-is-layout-flow\" style=\"flex-basis:20%\">\n<div class=\"wp-block-media-text alignfull is-stacked-on-mobile is-vertically-aligned-center\" style=\"grid-template-columns:25% auto\"><figure class=\"wp-block-media-text__media\"><img loading=\"lazy\" decoding=\"async\" width=\"33\" height=\"33\" src=\"https:\/\/enelsol.es\/\/wp-content\/uploads\/2022\/04\/maxmin_mini_i.png\" alt=\"\" class=\"wp-image-655 size-full\"\/><\/figure><div class=\"wp-block-media-text__content\">\n<p class=\"has-text-align-left has-text-color has-small-font-size\" style=\"color:#1e3231\">Max 2.122 m<\/p>\n\n\n\n<p class=\"has-text-align-left has-text-color has-small-font-size\" style=\"color:#1e3231\">Min 1.746 m<\/p>\n<\/div><\/div>\n<\/div>\n\n\n\n<div class=\"wp-block-column is-layout-flow wp-block-column-is-layout-flow\" style=\"flex-basis:20%\">\n<div class=\"wp-block-media-text alignfull is-stacked-on-mobile is-vertically-aligned-center\" style=\"grid-template-columns:25% auto\"><figure class=\"wp-block-media-text__media\"><img loading=\"lazy\" decoding=\"async\" width=\"33\" height=\"33\" src=\"https:\/\/enelsol.es\/\/wp-content\/uploads\/2022\/04\/duracion_mini_i.png\" alt=\"\" class=\"wp-image-637 size-full\"\/><\/figure><div class=\"wp-block-media-text__content\">\n<p class=\"has-text-align-left has-text-color has-small-font-size\" style=\"color:#1e3231\">6 horas aprox<\/p>\n<\/div><\/div>\n<\/div>\n\n\n\n<div class=\"wp-block-column is-layout-flow wp-block-column-is-layout-flow\" style=\"flex-basis:20%\">\n<div class=\"wp-block-media-text alignfull is-stacked-on-mobile is-vertically-aligned-center\" style=\"grid-template-columns:25% auto\"><figure class=\"wp-block-media-text__media\"><img loading=\"lazy\" decoding=\"async\" width=\"33\" height=\"33\" src=\"https:\/\/enelsol.es\/\/wp-content\/uploads\/2022\/04\/ubicacion_mini_i.png\" alt=\"\" class=\"wp-image-643 size-full\"\/><\/figure><div class=\"wp-block-media-text__content\">\n<p class=\"has-text-align-left has-text-color has-small-font-size\" style=\"color:#1e3231\">Puerto de Navacerrada<\/p>\n<\/div><\/div>\n<\/div>\n<\/div>\n\n\n\n<div class=\"wp-block-buttons alignwide is-content-justification-space-between is-layout-flex wp-container-core-buttons-is-layout-3d213aab wp-block-buttons-is-layout-flex\">\n<div class=\"wp-block-button has-custom-width wp-block-button__width-25 has-custom-font-size is-style-outline has-small-font-size is-style-outline--1\"><a class=\"wp-block-button__link has-sitebg-color has-text-color has-background wp-element-button\" href=\"https:\/\/enelsol.es\/wp-content\/uploads\/2024\/10\/Fichappt_SietePicos2_V1.pdf\" style=\"border-radius:100px;background-color:#1e3231\" target=\"_blank\" rel=\"noreferrer noopener\">PDF<\/a><\/div>\n\n\n\n<div class=\"wp-block-button has-custom-width wp-block-button__width-50 has-custom-font-size is-style-outline has-small-font-size is-style-outline--2\"><a class=\"wp-block-button__link has-sitebg-color has-text-color has-background wp-element-button\" href=\"https:\/\/enelsol.es\/\/?page_id=156\" style=\"border-radius:100px;background-color:#1e3231\" target=\"_blank\" rel=\"noreferrer noopener\">Determina tu nivel<\/a><\/div>\n\n\n\n<div class=\"wp-block-button has-custom-width wp-block-button__width-25 has-custom-font-size is-style-fill\" style=\"font-size:9px\"><a class=\"wp-block-button__link has-sitebg-color has-text-color has-background has-link-color wp-element-button\" href=\"https:\/\/enelsol.es\/\/?page_id=28\" style=\"border-radius:100px;background-color:#1e3231\" target=\"_blank\" rel=\"noreferrer noopener\">Reserva<\/a><\/div>\n\n\n\n<div class=\"wp-block-button has-custom-width wp-block-button__width-50 has-custom-font-size is-style-outline has-small-font-size is-style-outline--3\"><a class=\"wp-block-button__link has-sitebg-color has-text-color has-background wp-element-button\" href=\"https:\/\/enelsol.es\/\/?page_id=158(abre en una nueva pesta\u00f1a)\" style=\"border-radius:100px;background-color:#1e3231\">Condiciones generales<\/a><\/div>\n<\/div>\n\n\n<div class=\"wp-block-image is-style-columns\">\n<figure class=\"aligncenter size-large\"><img loading=\"lazy\" decoding=\"async\" width=\"1024\" height=\"709\" src=\"https:\/\/enelsol.es\/wp-content\/uploads\/2024\/09\/Perfil_SietePicos-1024x709.jpg\" alt=\"\" class=\"wp-image-4206\" srcset=\"https:\/\/enelsol.es\/wp-content\/uploads\/2024\/09\/Perfil_SietePicos-1024x709.jpg 1024w, https:\/\/enelsol.es\/wp-content\/uploads\/2024\/09\/Perfil_SietePicos-300x208.jpg 300w, https:\/\/enelsol.es\/wp-content\/uploads\/2024\/09\/Perfil_SietePicos-768x532.jpg 768w, https:\/\/enelsol.es\/wp-content\/uploads\/2024\/09\/Perfil_SietePicos-383x265.jpg 383w, https:\/\/enelsol.es\/wp-content\/uploads\/2024\/09\/Perfil_SietePicos.jpg 1040w\" sizes=\"auto, (max-width: 1024px) 100vw, 1024px\" \/><\/figure>\n<\/div>\n\n\n<p class=\"has-text-color\" style=\"color:#1e3231\"><span style=\"text-decoration: underline;\"><strong>\u00c1mbito geogr\u00e1fico<\/strong><\/span>: La <span style=\"color: #ff6600;\"><strong>Caminata<\/strong><\/span> trascurre por la cara norte de la Sierra de Guadarrama, en concreto por la umbr\u00eda, pradera y crestas de Siete Picos. <\/p>\n\n\n\n<p class=\"has-text-color\" style=\"color:#1e3231\"><strong><span style=\"text-decoration: underline;\">Recorrido<\/span><\/strong>: Se trata de una <span style=\"color: #ff6600;\"><strong>Caminata<\/strong><\/span> circular con inicio y fin en el puerto de Navacerrada. Aunque asciende hasta las crestas del macizo de Siete Picos, se trata de una <span style=\"color: #ff6600;\"><strong>Caminata<\/strong><\/span> asequible para senderistas entrenados.<\/p>\n\n\n\n<p class=\"has-text-color\" style=\"color:#1e3231\">El punto de referencia para el inicio es el restaurante Dos castillas del puerto de Navacerrada. <\/p>\n\n\n\n<div class=\"wp-block-media-text alignwide is-stacked-on-mobile\"><figure class=\"wp-block-media-text__media\"><img loading=\"lazy\" decoding=\"async\" width=\"1024\" height=\"709\" src=\"https:\/\/enelsol.es\/wp-content\/uploads\/2024\/09\/Mapa_SietePicos-1024x709.jpg\" alt=\"\" class=\"wp-image-4207 size-full\" srcset=\"https:\/\/enelsol.es\/wp-content\/uploads\/2024\/09\/Mapa_SietePicos-1024x709.jpg 1024w, https:\/\/enelsol.es\/wp-content\/uploads\/2024\/09\/Mapa_SietePicos-300x208.jpg 300w, https:\/\/enelsol.es\/wp-content\/uploads\/2024\/09\/Mapa_SietePicos-768x532.jpg 768w, https:\/\/enelsol.es\/wp-content\/uploads\/2024\/09\/Mapa_SietePicos-383x265.jpg 383w, https:\/\/enelsol.es\/wp-content\/uploads\/2024\/09\/Mapa_SietePicos.jpg 1040w\" sizes=\"auto, (max-width: 1024px) 100vw, 1024px\" \/><\/figure><div class=\"wp-block-media-text__content\">\n<p class=\"has-text-color\" style=\"color:#1e3231\">Caminaremos hasta la antigua pista de esqu\u00ed del Escaparate donde nos adentraremos en la umbr\u00eda de Siete Picos para poco despu\u00e9s tomar la senda Herreros que nos conducir\u00e1, entre espectaculares ejemplares de pino silvestre, hasta la pradera de Siete Picos. <\/p>\n<\/div><\/div>\n\n\n\n<div class=\"wp-block-media-text has-media-on-the-right is-stacked-on-mobile\" style=\"grid-template-columns:auto 39%\"><div class=\"wp-block-media-text__content\">\n<p class=\"has-text-color has-link-color wp-elements-6320e1243b855a644aa5b82c5e6877ec\" style=\"color:#1e3231\">Abandonaremos la senda Herreros para tomar el camino que nos conduce hac\u00eda Siete Picos, que en realidad son seis, y que recorreremos desde el s\u00e9ptimo hasta el segundo disfrutando de las inmejorables vistas de la sierra de Guadarrama y todos sus picos en los 360\u00ba.<\/p>\n\n\n\n<p class=\"has-text-color has-link-color wp-elements-0f65e2ce3598ece7227f938777809675\" style=\"color:#1e3231\">Por la senda de los Alevines bajaremos al collado Ventoso para continuar hasta el cerro Ventoso y descender nuevamente hasta el puerto de la Fuenfria.<\/p>\n\n\n\n<p class=\"has-text-color has-link-color wp-elements-ecf17829962ecee765f73e49a5e5cf9c\" style=\"color:#1e3231\">Por la carretera de la Rep\u00fablica buscaremos el camino Schmid que nos conducir\u00e1 de nuevo al punto de origen.<\/p>\n<\/div><figure class=\"wp-block-media-text__media\"><img loading=\"lazy\" decoding=\"async\" width=\"215\" height=\"286\" src=\"https:\/\/enelsol.es\/wp-content\/uploads\/2024\/09\/SietePicos_mini_3.jpg\" alt=\"\" class=\"wp-image-4169 size-full\"\/><\/figure><\/div>\n\n\n\n<p class=\"has-text-color\" style=\"color:#1e3231\"><span style=\"text-decoration: underline;\"><strong>Puntos de dificultad<\/strong><\/span>: Los dos descensos de la <span style=\"color: #ff6600;\"><strong>Caminata<\/strong><\/span> requieren de calzado de buen agarre y que sujete convenientemente el pie. El recorrido por las crestas de Siete Picos puede presentar alguna dificultad de orientaci\u00f3n para senderistas poco habituados.<\/p>\n\n\n\n<p class=\"has-text-color\" style=\"color:#1e3231\"><strong><span style=\"text-decoration: underline;\">Fuentes<\/span><\/strong>: Fuente de la Fuenfr\u00eda en el puerto del mismo nombre<\/p>\n\n\n\n<p class=\"has-text-color\" style=\"color:#1e3231\"><span style=\"text-decoration: underline;\"><strong>Valores naturales y p<\/strong><\/span><strong><span style=\"text-decoration: underline;\">aisaj\u00edsticos de inter\u00e9s<\/span>:<\/strong> El principal atractivo de esta <span style=\"color: #ff6600;\"><strong>Caminata<\/strong><\/span> son las crestas gran\u00edticas de Siete Picos, con sus formas caprichosas y dif\u00edciles equilibrios. Si a ello le unimos las vistas 360\u00ba de las cumbres de la Sierra de Guadarrama con todos los grandes picos en nuestro campo de visi\u00f3n, el valle de Valsa\u00edn y los \u00abpinos monumento\u00bb, de grandes dimensiones y edad, de la umbr\u00eda de Siete Picos, tendremos el coctel completo para disfrutar de lo lindo de esta bella <span style=\"color: #ff6600;\"><strong>Caminata<\/strong><\/span>. Desde la cima podremos contemplar las dos mesetas con Segovia, La granja o Madrid en el horizonte.<\/p>\n\n\n\n<p class=\"has-text-color\" style=\"color:#1e3231\"><strong><span style=\"text-decoration: underline;\">Valores hist\u00f3rico-culturales<\/span>:<\/strong> No incluidos en la <span style=\"color: #ff6600;\"><strong>Caminata<\/strong><\/span>: En las proximidades del puerto de Navacerrada se encuentran las localidades de La Granja, Cercedilla y Rascafr\u00eda. <\/p>\n\n\n\n<p class=\"has-text-color\" style=\"color:#1e3231\">En un radio de unos pocos kil\u00f3metros se encuentran los lugares citados que podr\u00e1n ser visitados de manera privada una vez finalizada la <span style=\"color: #ff6600;\"><strong>Caminata<\/strong><\/span><\/p>\n\n\n\n<p class=\"has-text-color\" style=\"color:#1e3231\"><strong><span style=\"text-decoration: underline;\">Equipo \/ Comida y Bebida<\/span>:<\/strong> no incluidos en el precio de la <span style=\"color: #ff6600;\"><strong>Caminata<\/strong><\/span><\/p>\n\n\n\n<p class=\"has-text-color\" style=\"color:#1e3231\">Es imprescindible el uso de vestimenta adecuada y adaptada a las condiciones clim\u00e1ticas y <a rel=\"noreferrer noopener\" href=\"http:\/\/www.aemet.es\" target=\"_blank\"><strong>meteorol\u00f3gicas<\/strong><\/a> de la zona y d\u00eda de la <span style=\"color: #ff6600;\"><strong>Caminata<\/strong><\/span>. Es recomendable llevar siempre en el macuto ropa de abrigo e impermeable, gorra o gorro seg\u00fan \u00e9poca, guantes y botas de monta\u00f1a. Se recomienda llevar siempre manga larga y pantal\u00f3n largo, evitaremos quemaduras por el sol, rozaduras y erosiones en la piel y picaduras de insectos. Es recomendable dejar ropa de cambio en el coche.<\/p>\n\n\n\n<p class=\"has-text-color\" style=\"color:#1e3231\">Esta <span style=\"color: #ff6600;\"><strong>Caminata<\/strong><\/span>, <a href=\"https:\/\/enelsol.es\/\/?page_id=156\" target=\"_blank\" rel=\"noreferrer noopener\">de nivel 1+ (medio-bajo)<\/a>, requiere como obligatorio el uso de <strong>botas de monta\u00f1a<\/strong>.<\/p>\n\n\n\n<p class=\"has-text-color\" style=\"color:#1e3231\">Cada <span style=\"color: #ff6600;\"><strong>Caminante<\/strong><\/span> debe llevar <strong>comida y bebida suficiente para la Caminata (al menos 1,5 litros de agua). Mochila o macuto c\u00f3modo y con capacidad suficiente para llevar todo el equipo<\/strong>. Se aconseja el uso de bastones e incluir un dispositivo de iluminaci\u00f3n (preferible luz frontal) en la mochila.<\/p>\n\n\n\n<p class=\"has-text-color\" style=\"color:#1e3231\">Recomendable llevar un <strong>protector solar para la piel y labios<\/strong>.  <\/p>\n","protected":false},"excerpt":{"rendered":"<p>Crestas y umbr\u00eda de Siete Picos por la senda Herreros 21\/09\/2024 09:00 13. km Nivel 1+ 17 \u20ac Circular 1 No Tratada Des. 580 m &hellip;<\/p>\n","protected":false},"author":1,"featured_media":4165,"parent":4179,"menu_order":2,"comment_status":"closed","ping_status":"closed","template":"","meta":{"footnotes":""},"class_list":["post-4174","page","type-page","status-publish","has-post-thumbnail","hentry"],"jetpack_sharing_enabled":true,"_links":{"self":[{"href":"https:\/\/enelsol.es\/index.php?rest_route=\/wp\/v2\/pages\/4174","targetHints":{"allow":["GET"]}}],"collection":[{"href":"https:\/\/enelsol.es\/index.php?rest_route=\/wp\/v2\/pages"}],"about":[{"href":"https:\/\/enelsol.es\/index.php?rest_route=\/wp\/v2\/types\/page"}],"author":[{"embeddable":true,"href":"https:\/\/enelsol.es\/index.php?rest_route=\/wp\/v2\/users\/1"}],"replies":[{"embeddable":true,"href":"https:\/\/enelsol.es\/index.php?rest_route=%2Fwp%2Fv2%2Fcomments&post=4174"}],"version-history":[{"count":9,"href":"https:\/\/enelsol.es\/index.php?rest_route=\/wp\/v2\/pages\/4174\/revisions"}],"predecessor-version":[{"id":4545,"href":"https:\/\/enelsol.es\/index.php?rest_route=\/wp\/v2\/pages\/4174\/revisions\/4545"}],"up":[{"embeddable":true,"href":"https:\/\/enelsol.es\/index.php?rest_route=\/wp\/v2\/pages\/4179"}],"wp:featuredmedia":[{"embeddable":true,"href":"https:\/\/enelsol.es\/index.php?rest_route=\/wp\/v2\/media\/4165"}],"wp:attachment":[{"href":"https:\/\/enelsol.es\/index.php?rest_route=%2Fwp%2Fv2%2Fmedia&parent=4174"}],"curies":[{"name":"wp","href":"https:\/\/api.w.org\/{rel}","templated":true}]}}