{"id":3,"date":"2022-03-02T13:18:34","date_gmt":"2022-03-02T13:18:34","guid":{"rendered":"https:\/\/enelsol.es\/\/?page_id=3"},"modified":"2022-05-02T20:49:22","modified_gmt":"2022-05-02T20:49:22","slug":"politica-privacidad-enelsol","status":"publish","type":"page","link":"https:\/\/enelsol.es\/?page_id=3","title":{"rendered":"Pol\u00edtica de privacidad"},"content":{"rendered":"<p style=\"padding-left: 40px;\"><strong><span style=\"color: #ff6600;\">POL\u00cdTICA DE PRIVACIDAD<\/span><\/strong><\/p>\n<p style=\"padding-left: 40px;\"><strong>\u00a0<\/strong><span style=\"color: #1e3231;\">https:\/\/enelsol.es <strong>(en adelante, el SITIO WEB), es un dominio registrado por <span style=\"color: #ff6600;\">ENELSOL<\/span>\u00a0<\/strong>\u00a0<\/span><\/p>\n<ol>\n<li><span style=\"color: #1e3231;\"><strong>IDENTIDAD DEL RESPONSABLE DEL FICHERO<\/strong><\/span><\/li>\n<\/ol>\n<p style=\"padding-left: 40px;\"><span style=\"color: #1e3231;\">La informaci\u00f3n facilitada por el <strong>USUARIO (en adelante <span style=\"color: #ff6600;\">CAMINANTE<\/span>)<\/strong> a trav\u00e9s de cualquiera de los formularios del SITIO WEB ser\u00e1 incluida en uno o varios ficheros de titularidad privada cuyo responsable y \u00fanico destinatario es <span style=\"color: #ff6600;\"><strong>ENELSOL.<\/strong><\/span><\/span><\/p>\n<ol start=\"2\">\n<li style=\"text-align: left;\"><span style=\"color: #1e3231;\"><strong>FINALIDAD DEL TRATAMIENTO<\/strong><\/span><\/li>\n<\/ol>\n<p style=\"padding-left: 40px;\"><span style=\"color: #1e3231;\"><span style=\"color: #ff6600;\"><strong>ENELSOL<\/strong><\/span> tratar\u00e1 la informaci\u00f3n facilitada por el <span style=\"color: #ff6600;\"><strong>CAMINANTE<\/strong><\/span>\u00a0con distintas finalidades, entre las que se destacan:<\/span><\/p>\n<ul>\n<li style=\"list-style-type: none;\">\n<ul>\n<li><span style=\"color: #1e3231;\">Gestionar la relaci\u00f3n contractual entre el <span style=\"color: #ff6600;\"><strong>CAMINANTE<\/strong><\/span> y <span style=\"color: #ff6600;\"><strong>ENELSOL<\/strong><\/span> y poder prestar el servicio contratado por el <span style=\"color: #ff6600;\"><strong>CAMINANTE<\/strong><\/span><\/span><\/li>\n<li><span style=\"color: #1e3231;\">Contrataci\u00f3n del seguro de accidentes para el <span style=\"color: #ff6600;\"><strong>CAMINANTE<\/strong><\/span><\/span><\/li>\n<li><span style=\"color: #1e3231;\">Mejorar la calidad de los servicios, o dise\u00f1ar unos nuevos, atendiendo a las sugerencias del <span style=\"color: #ff6600;\"><strong>CAMINANTE<\/strong><\/span><\/span><\/li>\n<li><span style=\"color: #1e3231;\">Enviar informaci\u00f3n sobre modificaciones de los servicios contratados por el <span style=\"color: #ff6600;\"><strong>CAMINANTE<\/strong><\/span><\/span><\/li>\n<li><span style=\"color: #1e3231;\">Enviar informaci\u00f3n de los servicios que haya solicitado el <span style=\"color: #ff6600;\"><strong>CAMINANTE<\/strong><\/span>, incluso sin tener una relaci\u00f3n contractual activa<\/span><\/li>\n<\/ul>\n<\/li>\n<\/ul>\n<p style=\"padding-left: 40px;\"><span style=\"color: #1e3231;\"><span style=\"color: #ff6600;\"><strong>ENELSOL<\/strong><\/span> borrar\u00e1 los datos de car\u00e1cter personal recogidos al realizar la reserva, 48 horas despu\u00e9s de finalizar el servicio contratado.<\/span><\/p>\n<p style=\"padding-left: 40px;\"><span style=\"color: #1e3231;\">En el caso que el <span style=\"color: #ff6600;\"><strong>CAMINANTE<\/strong><\/span> solicite informaci\u00f3n de futuras <span style=\"color: #ff6600;\"><strong>CAMINATAS, ENELSOL<\/strong><\/span> guardar\u00e1 \u00fanicamente la direcci\u00f3n de correo electr\u00f3nico con el fin de mantener la comunicaci\u00f3n con el solicitante.<\/span><\/p>\n<p style=\"padding-left: 40px;\"><span style=\"color: #1e3231;\">En cumplimiento con la normativa vigente relativa a al protecci\u00f3n de las personas f\u00edsicas en lo que respecta al tratamiento de datos personales y a la libre circulaci\u00f3n de estos datos (LOPD 3\/2015 de 5 diciembre y RGPD 2016\/679) as\u00ed como la normativa que fuera de aplicaci\u00f3n en su caso en el momento de la recogida, el <span style=\"color: #ff6600;\"><strong>CAMINANTE<\/strong><\/span> consiente el tratamiento de sus datos con las finalidades descritas, sin perjuicio del derecho que le asiste de revocar dicho consentimiento a trav\u00e9s de un correo electr\u00f3nico a la direcci\u00f3n <a href=\"mailto:privacidad@enelsol.es\">privacidad@enelsol.es<\/a> identific\u00e1ndose como USUARIO del SITIO WEB y concretando su solicitud o, en su caso, a trav\u00e9s de la marcaci\u00f3n de la casilla dispuesta al efecto en el propio formulario.<\/span><\/p>\n<ol start=\"3\">\n<li><span style=\"color: #1e3231;\"><strong>DESTINATARIOS DE LA INFORMACI\u00d3N<\/strong><\/span><\/li>\n<\/ol>\n<p style=\"padding-left: 40px;\"><span style=\"color: #1e3231;\">Los datos que el <span style=\"color: #ff6600;\"><strong>CAMINANTE<\/strong><\/span> haya facilitado a <span style=\"color: #ff6600;\"><strong>ENELSOL<\/strong><\/span>, no ser\u00e1n comunicados a ning\u00fan tercero, salvo que:<\/span><\/p>\n<ul>\n<li style=\"list-style-type: none;\">\n<ul>\n<li><span style=\"color: #1e3231;\">La cesi\u00f3n est\u00e9 autorizada en una ley<\/span><\/li>\n<li><span style=\"color: #1e3231;\">Sea necesario para el cumplimiento de los servicios contratados a terceras empresas, como es el caso de las empresas de seguros de accidentes<\/span><\/li>\n<li><span style=\"color: #1e3231;\">Los datos sean solicitados por el Defensor del Pueblo, Ministerio Fiscal, Jueces, Fuerzas del Orden P\u00fablico, Tribunales, etc. en el ejercicio de las funciones que tienen atribuidas<\/span><\/li>\n<\/ul>\n<\/li>\n<\/ul>\n<ol start=\"4\">\n<li><span style=\"color: #1e3231;\"><strong>BASES DE LEGITIMACI\u00d3N. CAR\u00c1CTER OBLIGATORIO O FACULTATIVO DE LA INFORMACI\u00d3N SOLICITADA<\/strong><\/span><\/li>\n<\/ol>\n<p style=\"padding-left: 40px;\"><span style=\"color: #1e3231;\">De conformidad con la normativa vigente y aplicable en protecci\u00f3n de datos de car\u00e1cter personal, le informamos que sus datos estar\u00e1n incorporados al sistema de tratamiento titularidad de <strong><span style=\"color: #ff6600;\">ENELSOL<\/span>:<\/strong><\/span><\/p>\n<ul>\n<li style=\"list-style-type: none;\">\n<ul>\n<li><span style=\"color: #1e3231;\">Finalidad: Registro de datos con la finalidad de ofrecer un servicio<\/span><\/li>\n<li><span style=\"color: #1e3231;\">Plazo de conservaci\u00f3n: hasta 48 horas despu\u00e9s de la finalizaci\u00f3n de la <span style=\"color: #ff6600;\"><strong>CAMINATA<\/strong><\/span> o mientras que se mantenga el consentimiento por parte del <span style=\"color: #ff6600;\"><strong>CAMINANTE <\/strong><\/span>en el caso de suscripci\u00f3n a informaci\u00f3n de futuras<span style=\"color: #ff6600;\"><strong> CAMINATAS<\/strong><\/span><\/span><\/li>\n<li><span style=\"color: #1e3231;\">Base leg\u00edtima: El consentimiento del interesado<\/span><\/li>\n<li><span style=\"color: #1e3231;\">Cesiones: sus datos ser\u00e1n comunicados a la empresa externa con la que se contrate el seguro de accidentes, as\u00ed mismo, se atender\u00e1n las solicitudes del Defensor del Pueblo, Ministerio Fiscal, Jueces, Orden P\u00fablico o Tribunales, en el ejercicio de las funciones que tienen atribuidas<\/span><\/li>\n<\/ul>\n<\/li>\n<\/ul>\n<p style=\"padding-left: 40px;\"><span style=\"color: #1e3231;\">La negativa a suministrar dicha informaci\u00f3n, o la facilitaci\u00f3n incorrecta, podr\u00e1 impedir hacer efectivo el servicio solicitado por el <span style=\"color: #ff6600;\"><strong>CAMINANTE<\/strong><\/span>, o la deficiente ejecuci\u00f3n de los mismos, siendo ese el \u00fanico responsable de los gastos o incidentes que pudiese ocasionar.<\/span><\/p>\n<ol start=\"5\">\n<li><span style=\"color: #1e3231;\"><strong>EJERCICIO DE DERECHOS<\/strong><\/span><\/li>\n<\/ol>\n<p style=\"padding-left: 40px;\"><span style=\"color: #1e3231;\">El <span style=\"color: #ff6600;\"><strong>CAMINANTE<\/strong><\/span> podr\u00e1 ejercer sus derechos en cuanto a los derechos de acceso, rectificaci\u00f3n, limitaci\u00f3n de tratamiento, supresi\u00f3n, portabilidad, oposici\u00f3n al tratamiento de sus datos de car\u00e1cter personal, as\u00ed como la revocaci\u00f3n del consentimiento prestado para el tratamiento de los mismos, dirigiendo su petici\u00f3n a la direcci\u00f3n <a href=\"mailto:privacidad@enelsol.es\">privacidad@enelsol.es<\/a> identific\u00e1ndose como USUARIO del SITIO WEB y concretando la informaci\u00f3n que deba ser modificada.<\/span><\/p>\n<p style=\"padding-left: 40px;\"><span style=\"color: #1e3231;\">Tambi\u00e9n podr\u00e1 dirigirse a la Autoridad de Control competente para presentar la reclamaci\u00f3n que considere oportuna.<\/span><\/p>\n<ol start=\"6\">\n<li><span style=\"color: #1e3231;\"><strong>COMPROMISOS DEL USUARIO<\/strong><\/span><\/li>\n<\/ol>\n<p style=\"padding-left: 40px;\"><span style=\"color: #1e3231;\">El <span style=\"color: #ff6600;\"><strong>CAMINANTE<\/strong><\/span> garantiza que es mayor de 18 a\u00f1os y que la informaci\u00f3n facilitada es exacta y veraz.<\/span><\/p>\n<p style=\"padding-left: 40px;\"><span style=\"color: #1e3231;\">El <span style=\"color: #ff6600;\"><strong>CAMINANTE<\/strong><\/span> se compromete a informar a <span style=\"color: #ff6600;\"><strong>ENELSOL<\/strong><\/span> de cualquier modificaci\u00f3n que sufra la informaci\u00f3n facilitada a trav\u00e9s de correo electr\u00f3nico a la direcci\u00f3n <a href=\"mailto:privacidad@enelsol.es\">privacidad@enelsol.es<\/a> identific\u00e1ndose como USUARIO del SITIO WEB y concretando la informaci\u00f3n que deba ser modificada.<\/span><\/p>\n<ol start=\"7\">\n<li><span style=\"color: #1e3231;\"><strong>DATOS DE TERCEROS FACILITADOS POR EL <span style=\"color: #ff6600;\">CAMINANTE<\/span><\/strong><\/span><\/li>\n<\/ol>\n<p style=\"padding-left: 40px;\"><span style=\"color: #1e3231;\">El <span style=\"color: #ff6600;\"><strong>CAMINANTE<\/strong><\/span> solicitante, en nombre de sus acompa\u00f1antes a la <span style=\"color: #ff6600;\"><strong>CAMINATA<\/strong><\/span>, reconoce que todos los <span style=\"color: #ff6600;\"><strong>CAMINANTES<\/strong><\/span>\u00a0han le\u00eddo \u00edntegramente las condiciones generales de contrataci\u00f3n, pol\u00edtica de privacidad, reserva y cancelaci\u00f3n, nivel y riesgos inherentes a la <span style=\"color: #ff6600;\"><strong>CAMINATA<\/strong><\/span>, as\u00ed como el resto de informaci\u00f3n legal incluida en esta p\u00e1gina web, y en consecuencia, da su consentimiento informado en nombre de todos ellos.<\/span><\/p>\n<p style=\"padding-left: 40px;\"><span style=\"color: #1e3231;\">En el caso de que participen menores, el <span style=\"color: #ff6600;\"><strong>CAMINANTE<\/strong><\/span> solicitante declara haber informado a los padres o tutores legales, habiendo obtenido de ellos el consentimiento informado.<\/span><\/p>\n<ol start=\"8\">\n<li><span style=\"color: #1e3231;\"><strong>COOKIES Y ARCHIVOS DE SEGUIMIENTO<\/strong><\/span><\/li>\n<\/ol>\n<p style=\"padding-left: 40px;\"><span style=\"color: #1e3231;\"><span style=\"color: #ff6600;\"><strong>ENELSOL<\/strong><\/span> no utiliza cookies para ning\u00fan uso, incluyendo los an\u00e1lisis estad\u00edsticos de la informaci\u00f3n.<\/span><\/p>\n<p style=\"padding-left: 40px;\"><span style=\"color: #1e3231;\"><span style=\"color: #ff6600;\"><strong>ENELSOL<\/strong><\/span> podr\u00eda utilizar, de forma indirecta cookies de la herramienta usada para el desarrollo de la p\u00e1gina web<\/span><\/p>\n<ol start=\"9\">\n<li><span style=\"color: #1e3231;\"><strong>MEDIDAS DE SEGURIDAD<\/strong><\/span><\/li>\n<\/ol>\n<p style=\"padding-left: 40px;\"><span style=\"color: #1e3231;\"><span style=\"color: #ff6600;\"><strong>ENELSOL<\/strong><\/span> ha adoptado las medidas t\u00e9cnicas que garanticen la seguridad de los datos de car\u00e1cter personal y eviten su alteraci\u00f3n o acceso no autorizado, habida cuenta del estado de la tecnolog\u00eda.<\/span><\/p>\n<p style=\"padding-left: 40px;\"><span style=\"color: #1e3231;\">No obstante, el <span style=\"color: #ff6600;\"><strong>CAMINANTE<\/strong><\/span> debe de ser consciente de que las medidas de seguridad en Internet no son inexpugnables.<\/span><\/p>\n\n\n<p><\/p>\n","protected":false},"excerpt":{"rendered":"<p>POL\u00cdTICA DE PRIVACIDAD \u00a0https:\/\/enelsol.es (en adelante, el SITIO WEB), es un dominio registrado por ENELSOL\u00a0\u00a0 IDENTIDAD DEL RESPONSABLE DEL FICHERO La informaci\u00f3n facilitada por el &hellip;<\/p>\n","protected":false},"author":1,"featured_media":0,"parent":158,"menu_order":1,"comment_status":"closed","ping_status":"closed","template":"","meta":{"footnotes":""},"class_list":["post-3","page","type-page","status-publish","hentry"],"jetpack_sharing_enabled":true,"_links":{"self":[{"href":"https:\/\/enelsol.es\/index.php?rest_route=\/wp\/v2\/pages\/3","targetHints":{"allow":["GET"]}}],"collection":[{"href":"https:\/\/enelsol.es\/index.php?rest_route=\/wp\/v2\/pages"}],"about":[{"href":"https:\/\/enelsol.es\/index.php?rest_route=\/wp\/v2\/types\/page"}],"author":[{"embeddable":true,"href":"https:\/\/enelsol.es\/index.php?rest_route=\/wp\/v2\/users\/1"}],"replies":[{"embeddable":true,"href":"https:\/\/enelsol.es\/index.php?rest_route=%2Fwp%2Fv2%2Fcomments&post=3"}],"version-history":[{"count":15,"href":"https:\/\/enelsol.es\/index.php?rest_route=\/wp\/v2\/pages\/3\/revisions"}],"predecessor-version":[{"id":1470,"href":"https:\/\/enelsol.es\/index.php?rest_route=\/wp\/v2\/pages\/3\/revisions\/1470"}],"up":[{"embeddable":true,"href":"https:\/\/enelsol.es\/index.php?rest_route=\/wp\/v2\/pages\/158"}],"wp:attachment":[{"href":"https:\/\/enelsol.es\/index.php?rest_route=%2Fwp%2Fv2%2Fmedia&parent=3"}],"curies":[{"name":"wp","href":"https:\/\/api.w.org\/{rel}","templated":true}]}}