{"id":2475,"date":"2023-01-07T20:15:17","date_gmt":"2023-01-07T20:15:17","guid":{"rendered":"https:\/\/enelsol.es\/?page_id=2475"},"modified":"2024-09-11T10:50:45","modified_gmt":"2024-09-11T10:50:45","slug":"parque-sureste","status":"publish","type":"page","link":"https:\/\/enelsol.es\/?page_id=2475","title":{"rendered":"Parque Regional del Sureste"},"content":{"rendered":"\n<p class=\"has-text-align-center has-accent-1-color has-text-color\" style=\"font-size:35px\"><strong>Parque Regional del Sureste<\/strong><\/p>\n\n\n\n<p class=\"has-text-align-justify has-text-color\" style=\"color:#1e3231\">El Parque Regional del Sureste es un espacio natural de 32.000 Ha que abarca el recorrido del r\u00edo Jarama y la confluencia con tres de sus afluentes, el Henares, el Taju\u00f1a y el Manzanares. En el parque se alternan cantiles yes\u00edferos con llanuras, olivares con bosquetes de encinas y coscoja, vegas y r\u00edos con lagunas y charcas, constituyendo un espacio con gran biodiversidad tanto de fauna como especies vegetales.<\/p>\n\n\n\n<p class=\"has-text-align-justify has-text-color\" style=\"color:#1e3231\">dentro del parque existen alrededor de 100 lagunas, de origen minero, en las se concentran gran cantidad de aves acu\u00e1ticas como \u00e1nades reales, fochas, pato cuchara, somormujos, gaviotas y que tambi\u00e9n son visitadas por cig\u00fce\u00f1as, cigui\u00f1uelas, garzas o cormoranes entre otros. <\/p>\n\n\n\n<p class=\"has-text-align-justify has-text-color\" style=\"color:#1e3231\">En los cantiles y cortados yes\u00edferos se pueden ver aves de roquedo y la visita de rapaces como el milano negro y buitres. A la ca\u00edda de la tarde, el espect\u00e1culo de cientos de milanos aterrizando en sus dormideros es algo que dif\u00edcilmente olvidaremos.<\/p>\n\n\n\n<p class=\"has-text-color\" style=\"color:#1e3231\">\u00bfQu\u00e9 m\u00e1s se puede pedir? Empecemos a <strong>caminar<\/strong><\/p>\n\n\n\n<div class=\"wp-block-group alignfull\"><div class=\"wp-block-group__inner-container is-layout-flow wp-block-group-is-layout-flow\">\n<div class=\"wp-block-media-text alignfull is-stacked-on-mobile is-vertically-aligned-top is-image-fill has-accent-1-color has-text-color has-background\" style=\"background-color:#1e3231\"><figure class=\"wp-block-media-text__media\" style=\"background-image:url(https:\/\/enelsol.es\/wp-content\/uploads\/2023\/01\/Campillo2-1024x766.jpg);background-position:50% 50%\"><img loading=\"lazy\" decoding=\"async\" width=\"1024\" height=\"766\" src=\"https:\/\/enelsol.es\/wp-content\/uploads\/2023\/01\/Campillo2-1024x766.jpg\" alt=\"\" class=\"wp-image-2492 size-full\" srcset=\"https:\/\/enelsol.es\/wp-content\/uploads\/2023\/01\/Campillo2-1024x766.jpg 1024w, https:\/\/enelsol.es\/wp-content\/uploads\/2023\/01\/Campillo2-300x224.jpg 300w, https:\/\/enelsol.es\/wp-content\/uploads\/2023\/01\/Campillo2-768x574.jpg 768w, https:\/\/enelsol.es\/wp-content\/uploads\/2023\/01\/Campillo2-383x286.jpg 383w, https:\/\/enelsol.es\/wp-content\/uploads\/2023\/01\/Campillo2.jpg 1082w\" sizes=\"auto, (max-width: 1024px) 100vw, 1024px\" \/><\/figure><div class=\"wp-block-media-text__content\">\n<p class=\"has-text-align-right has-sitebg-color has-text-color has-small-font-size\">PS-001 <img loading=\"lazy\" decoding=\"async\" width=\"33\" height=\"33\" class=\"wp-image-2442\" style=\"width: 33px;\" src=\"https:\/\/enelsol.es\/wp-content\/uploads\/2023\/01\/sureste_mini.png\" alt=\"\"><\/p>\n\n\n\n<h6 class=\"wp-block-heading alignwide has-text-align-center has-sitebg-color has-text-color has-background has-normal-font-size\" style=\"background-color:#1e3231\">Laguna de El Campillo y Soto de las Juntas<\/h6>\n\n\n\n<p class=\"has-text-align-justify has-sitebg-color has-text-color\" style=\"font-size:12px\">Caminata circular. Empieza en la estaci\u00f3n del metro de Rivas Vaciamadrid  y transcurre al pie de los cantiles yes\u00edferos de Rivas y La Mara\u00f1osa, caminando por la orilla de los r\u00edos Jarama y Manzanares y bordeando las Lagunas de El Campillo y de El Soto de las Juntas.<\/p>\n\n\n\n<div class=\"wp-block-group\"><div class=\"wp-block-group__inner-container is-layout-flow wp-block-group-is-layout-flow\">\n<div class=\"wp-block-buttons is-horizontal is-content-justification-space-between is-nowrap is-layout-flex wp-container-core-buttons-is-layout-044bd602 wp-block-buttons-is-layout-flex\">\n<div class=\"wp-block-button has-custom-width wp-block-button__width-50 has-custom-font-size is-style-fill has-small-font-size\"><a class=\"wp-block-button__link has-sitebg-background-color has-text-color has-background wp-element-button\" href=\"https:\/\/enelsol.es\/?page_id=2477\" style=\"border-radius:100px;color:#1e3231\">Leer m\u00e1s<\/a><\/div>\n\n\n\n<div class=\"wp-block-button has-custom-width wp-block-button__width-50 has-custom-font-size is-style-fill has-small-font-size\"><a class=\"wp-block-button__link has-sitebg-background-color has-text-color has-background wp-element-button\" href=\"https:\/\/enelsol.es\/\/?page_id=28\" style=\"border-radius:100px;color:#1e3231\">Reservar<\/a><\/div>\n<\/div>\n<\/div><\/div>\n<\/div><\/div>\n\n\n\n<div class=\"wp-block-columns has-background is-layout-flex wp-container-core-columns-is-layout-9d6595d7 wp-block-columns-is-layout-flex\" style=\"background-color:#1e3231\">\n<div class=\"wp-block-column is-layout-flow wp-block-column-is-layout-flow\">\n<p class=\"has-text-color has-small-font-size\" style=\"color:#1e3231\">linea<\/p>\n\n\n\n<div class=\"wp-block-media-text is-vertically-aligned-top has-accent-1-color has-text-color\" style=\"grid-template-columns:15% auto\"><figure class=\"wp-block-media-text__media\"><img loading=\"lazy\" decoding=\"async\" width=\"32\" height=\"32\" src=\"https:\/\/enelsol.es\/\/wp-content\/uploads\/2022\/03\/calendario_mini.png\" alt=\"\" class=\"wp-image-403 size-full\"\/><\/figure><div class=\"wp-block-media-text__content\">\n<p class=\"has-text-align-left has-sitebg-color has-text-color has-small-font-size\">8 de diciembre<\/p>\n<\/div><\/div>\n\n\n\n<p class=\"has-text-color has-small-font-size\" style=\"color:#1e3231\">linea<\/p>\n<\/div>\n\n\n\n<div class=\"wp-block-column is-layout-flow wp-block-column-is-layout-flow\">\n<p class=\"has-text-color has-small-font-size\" style=\"color:#1e3231\"> linea<\/p>\n\n\n\n<div class=\"wp-block-media-text alignfull\" style=\"grid-template-columns:15% auto\"><figure class=\"wp-block-media-text__media\"><img loading=\"lazy\" decoding=\"async\" width=\"33\" height=\"33\" src=\"https:\/\/enelsol.es\/\/wp-content\/uploads\/2022\/03\/itinerario_mini.png\" alt=\"\" class=\"wp-image-409 size-full\"\/><\/figure><div class=\"wp-block-media-text__content\">\n<p class=\"has-sitebg-color has-text-color has-small-font-size\">14.5 km<\/p>\n<\/div><\/div>\n\n\n\n<p class=\"has-text-color has-small-font-size\" style=\"color:#1e3231\">linea<\/p>\n<\/div>\n\n\n\n<div class=\"wp-block-column is-layout-flow wp-block-column-is-layout-flow\">\n<p class=\"has-text-color has-small-font-size\" style=\"color:#1e3231\">linea<\/p>\n\n\n\n<div class=\"wp-block-media-text alignfull is-vertically-aligned-top\" style=\"grid-template-columns:15% auto\"><figure class=\"wp-block-media-text__media\"><img loading=\"lazy\" decoding=\"async\" width=\"33\" height=\"33\" src=\"https:\/\/enelsol.es\/wp-content\/uploads\/2022\/03\/N1_mini.png\" alt=\"\" class=\"wp-image-413 size-full\"\/><\/figure><div class=\"wp-block-media-text__content\">\n<p class=\"has-sitebg-color has-text-color has-small-font-size\">Nivel 1<\/p>\n<\/div><\/div>\n\n\n\n<p class=\"has-text-color has-small-font-size\" style=\"color:#1e3231\">linea <\/p>\n<\/div>\n\n\n\n<div class=\"wp-block-column is-layout-flow wp-block-column-is-layout-flow\">\n<p class=\"has-text-color has-small-font-size\" style=\"color:#1e3231\"> linea<\/p>\n\n\n\n<div class=\"wp-block-media-text alignfull is-vertically-aligned-top\" style=\"grid-template-columns:15% auto\"><figure class=\"wp-block-media-text__media\"><img loading=\"lazy\" decoding=\"async\" width=\"33\" height=\"33\" src=\"https:\/\/enelsol.es\/\/wp-content\/uploads\/2022\/03\/euro_mini.png\" alt=\"\" class=\"wp-image-408 size-full\"\/><\/figure><div class=\"wp-block-media-text__content\">\n<p class=\"has-sitebg-color has-text-color has-small-font-size\">12 \u20ac<\/p>\n<\/div><\/div>\n\n\n\n<p class=\"has-text-color has-small-font-size\" style=\"color:#1e3231\">linea<\/p>\n<\/div>\n<\/div>\n<\/div><\/div>\n","protected":false},"excerpt":{"rendered":"<p>Parque Regional del Sureste El Parque Regional del Sureste es un espacio natural de 32.000 Ha que abarca el recorrido del r\u00edo Jarama y la &hellip;<\/p>\n","protected":false},"author":1,"featured_media":2492,"parent":2,"menu_order":7,"comment_status":"closed","ping_status":"closed","template":"","meta":{"advanced_seo_description":"","jetpack_seo_html_title":"","jetpack_seo_noindex":false,"footnotes":""},"class_list":["post-2475","page","type-page","status-publish","has-post-thumbnail","hentry"],"jetpack_sharing_enabled":true,"_links":{"self":[{"href":"https:\/\/enelsol.es\/index.php?rest_route=\/wp\/v2\/pages\/2475","targetHints":{"allow":["GET"]}}],"collection":[{"href":"https:\/\/enelsol.es\/index.php?rest_route=\/wp\/v2\/pages"}],"about":[{"href":"https:\/\/enelsol.es\/index.php?rest_route=\/wp\/v2\/types\/page"}],"author":[{"embeddable":true,"href":"https:\/\/enelsol.es\/index.php?rest_route=\/wp\/v2\/users\/1"}],"replies":[{"embeddable":true,"href":"https:\/\/enelsol.es\/index.php?rest_route=%2Fwp%2Fv2%2Fcomments&post=2475"}],"version-history":[{"count":5,"href":"https:\/\/enelsol.es\/index.php?rest_route=\/wp\/v2\/pages\/2475\/revisions"}],"predecessor-version":[{"id":2509,"href":"https:\/\/enelsol.es\/index.php?rest_route=\/wp\/v2\/pages\/2475\/revisions\/2509"}],"up":[{"embeddable":true,"href":"https:\/\/enelsol.es\/index.php?rest_route=\/wp\/v2\/pages\/2"}],"wp:featuredmedia":[{"embeddable":true,"href":"https:\/\/enelsol.es\/index.php?rest_route=\/wp\/v2\/media\/2492"}],"wp:attachment":[{"href":"https:\/\/enelsol.es\/index.php?rest_route=%2Fwp%2Fv2%2Fmedia&parent=2475"}],"curies":[{"name":"wp","href":"https:\/\/api.w.org\/{rel}","templated":true}]}}