{"id":225,"date":"2022-03-19T19:21:13","date_gmt":"2022-03-19T19:21:13","guid":{"rendered":"https:\/\/enelsol.es\/\/?page_id=225"},"modified":"2023-09-01T09:12:56","modified_gmt":"2023-09-01T09:12:56","slug":"sugerencias-contacto-enelsol","status":"publish","type":"page","link":"https:\/\/enelsol.es\/?page_id=225","title":{"rendered":"Sugerencias y contacto"},"content":{"rendered":"<p>\u00bfQuieres hacernos alg\u00fan comentario? \u00bfTe interesa alguna de las <span style=\"color: #ff6600;\"><strong>Caminantas<\/strong><\/span>\u00a0de <span style=\"color: #ff6600;\"><strong>CaminantesEnElSol<\/strong><\/span> y no la ves programada? \u00bfS\u00ed lo est\u00e1 pero no te viene bien la fecha y quieres proponernos otra? \u00bfPrefieres contratar una <span style=\"color: #ff6600;\"><strong>Caminata Privada<\/strong><\/span>?<\/p>\n<p>Cu\u00e9ntanoslo, que fecha prefieres, cuantos sois, cuantos m\u00e1s datos nos env\u00edes mejor te podremos atender.<\/p>\n<p><strong>NOTA:\u00a0<\/strong>este formulario es exclusivamente para mensajes relacionados con la actividad del senderismo y para facilitar la comunicaci\u00f3n con los caminantes. NO SON BIEN RECIBIDOS los mensajes ofreciendo servicios sexuales, comidas para animales, viviendas prefabricadas o cualquier otro tema diferente al senderismo. Tampoco son bien recibidos los mensajes en idiomas diferentes a los oficiales del estado espa\u00f1ol. Muchas gracias por no molestar.<\/p>\n<div data-test='contact-form'\n\t\t\tid='contact-form-225'\n\t\t\tclass='jetpack-contact-form-container '\n\t\t\tdata-wp-interactive='jetpack\/form' data-wp-context='{\"formId\":\"225\",\"formHash\":\"df38bb951ce428d104b6d514c42de6997a90cbaf\",\"showErrors\":false,\"errors\":[],\"fields\":[],\"isMultiStep\":false,\"useAjax\":true,\"submissionData\":null,\"formattedSubmissionData\":[],\"submissionSuccess\":false,\"submissionError\":null,\"elementId\":\"jp-form-df38bb951ce428d104b6d514c42de6997a90cbaf\",\"isSingleInputForm\":false,\"isForcedHorizontal\":false}'\n\t\t\tdata-wp-watch--scroll-to-wrapper=\"callbacks.scrollToWrapper\"\n\t\t>\n<div class=\"contact-form-submission contact-form-ajax-submission\" data-wp-bind--aria-hidden=\"state.isSuccessMessageAriaHidden\" data-wp-class--submission-success=\"context.submissionSuccess\" id=\"contact-form-success-df38bb951ce428d104b6d514c42de6997a90cbaf\" tabindex=\"-1\" aria-labelledby=\"contact-form-success-header-df38bb951ce428d104b6d514c42de6997a90cbaf\"><p class=\"go-back-message\"><a class=\"link\" role=\"button\" tabindex=\"0\" data-wp-on--click=\"actions.goBack\" href=\"\/index.php?rest_route=%2Fwp%2Fv2%2Fpages%2F225\">\u2190 Volver<\/a><\/p><h4 data-wp-bind--aria-hidden=\"state.isSuccessMessageAriaHidden\" id=\"contact-form-success-header-df38bb951ce428d104b6d514c42de6997a90cbaf\">Gracias por tu respuesta. \u2728<\/h4>\n\n<template data-wp-each--submission=\"context.formattedSubmissionData\">\n\t\t\t\t\t<div class=\"jetpack_forms_contact-form-success-summary\">\n\t\t\t\t\t\t<div class=\"field-name-wrapper\">\n\t\t\t\t\t\t\t<div class=\"field-type-icon\" data-wp-watch=\"callbacks.watchFieldTypeIcon\"><\/div>\n\t\t\t\t\t\t\t<div class=\"field-name\" data-wp-text=\"context.submission.label\" data-wp-bind--hidden=\"!context.submission.label\"><\/div>\n\t\t\t\t\t\t<\/div>\n\t\t\t\t\t\t<div class=\"field-value\" data-wp-text=\"context.submission.value\" data-wp-bind--hidden=\"!context.submission.showPlainValue\"><\/div>\n\t\t\t\t\t\t<a class=\"field-url\" data-wp-bind--href=\"context.submission.url\" data-wp-text=\"context.submission.value\" data-wp-bind--hidden=\"!context.submission.url\" target=\"_blank\" rel=\"noopener noreferrer\"><\/a>\n\t\t\t\t\t\t<div class=\"field-rating\" data-wp-bind--hidden=\"!context.submission.rating\" data-wp-watch=\"callbacks.watchRatingIcons\"><\/div>\n\t\t\t\t\t\t<div class=\"field-images\" data-wp-bind--hidden=\"!context.submission.images\">\n\t\t\t\t\t\t\t<template data-wp-each--image=\"context.submission.images\">\n\t\t\t\t\t\t\t\t<div class=\"field-image-option\" data-wp-class--is-empty=\"!context.image.src\">\n\t\t\t\t\t\t\t\t\t<figure class=\"field-image-option__image\" data-wp-class--is-empty=\"!context.image.src\">\n\t\t\t\t\t\t\t\t\t\t<img data-wp-bind--src=\"context.image.src\" data-wp-bind--hidden=\"!context.image.src\" \/>\n\t\t\t\t\t\t\t\t\t\t<img decoding=\"async\" src=\"data:image\/gif;base64,R0lGODlhAQABAAD\/ACwAAAAAAQABAAACADs=\" data-wp-bind--hidden=\"context.image.src\" \/>\n\t\t\t\t\t\t\t\t\t<\/figure>\n\t\t\t\t\t\t\t\t\t<div class=\"field-image-option__label-wrapper\">\n\t\t\t\t\t\t\t\t\t\t<span class=\"field-image-option__label-code\" data-wp-text=\"context.image.letterCode\"><\/span>\n\t\t\t\t\t\t\t\t\t\t<span class=\"field-image-option__label\" data-wp-text=\"context.image.label\" data-wp-bind--hidden=\"!context.image.label\"><\/span>\n\t\t\t\t\t\t\t\t\t<\/div>\n\t\t\t\t\t\t\t\t<\/div>\n\t\t\t\t\t\t\t<\/template>\n\t\t\t\t\t\t<\/div>\n\t\t\t\t\t\t<div class=\"field-files\" data-wp-bind--hidden=\"!context.submission.files\">\n\t\t\t\t\t\t\t<template data-wp-each--file=\"context.submission.files\">\n\t\t\t\t\t\t\t\t<div class=\"field-file\">\n\t\t\t\t\t\t\t\t\t<div class=\"field-file__thumbnail\" data-wp-style--background-image=\"context.file.previewUrl\" data-wp-style--mask-image=\"context.file.iconUrl\" data-wp-bind--hidden=\"!context.file.hasPreview\"><\/div>\n\t\t\t\t\t\t\t\t\t<svg class=\"field-file__icon\" data-wp-bind--hidden=\"context.file.hasPreview\" width=\"20\" height=\"20\" viewBox=\"0 0 24 24\" fill=\"none\" xmlns=\"http:\/\/www.w3.org\/2000\/svg\" aria-hidden=\"true\">\n\t\t\t\t\t\t\t\t\t\t<path d=\"M14 2H6C4.9 2 4 2.9 4 4V20C4 21.1 4.89 22 5.99 22H18C19.1 22 20 21.1 20 20V8L14 2ZM18 20H6V4H13V9H18V20Z\" fill=\"currentColor\"\/>\n\t\t\t\t\t\t\t\t\t<\/svg>\n\t\t\t\t\t\t\t\t\t<span class=\"field-file__name\" data-wp-text=\"context.file.name\"><\/span>\n\t\t\t\t\t\t\t\t\t<span class=\"field-file__size\" data-wp-text=\"context.file.size\"><\/span>\n\t\t\t\t\t\t\t\t<\/div>\n\t\t\t\t\t\t\t<\/template>\n\t\t\t\t\t\t<\/div>\n\t\t\t\t\t<\/div>\n\t\t\t\t<\/template><\/div><form action='https:\/\/enelsol.es\/?page_id=225'\n\t\t\t\tid='jp-form-df38bb951ce428d104b6d514c42de6997a90cbaf'\n\t\t\t\tmethod='post'\n\t\t\t\tclass='contact-form commentsblock jetpack-contact-form__form has-no-jetpack-form-layout' aria-label=\"Sugerencias y contacto\"\n\t\t\t\tdata-wp-on--submit=\"actions.onFormSubmit\"\n\t\t\t\tdata-wp-on--reset=\"actions.onFormReset\"\n\t\t\t\tdata-wp-class--submission-success=\"context.submissionSuccess\"\n\t\t\t\tdata-wp-class--is-first-step=\"state.isFirstStep\"\n\t\t\t\tdata-wp-class--is-last-step=\"state.isLastStep\"\n\t\t\t\tdata-wp-class--is-ajax-form=\"context.useAjax\"\n\t\t\t\tnovalidate >\n<input type='hidden' name='jetpack_contact_form_jwt' value='eyJ0eXAiOiJKV1QiLCJhbGciOiJIUzI1NiJ9.eyJlbmNyeXB0ZWRfYXR0cmlidXRlcyI6ImhpWW1VM0NsMXY0WlM2c3V2dzRmcVRiWG5oUU93M1doS2k2SVYzZHFPb3Z0MzFNNzM4Um14bTV4RGhFOFA0cW8vV0dHb2l2c1FrS3lwM3FtQlQ2RGdlUU9PemRLUTR4Vyt6aENLc2lOUDUwSFpmWjF2OWppa1F3Z2NTN3ZjQjd4SytRSm4rKzVBVTlncC9reXJhb01xcHZTa1JickxRQ2lmbGltWFpTVEx6cFhUY3NlV0NNcnJPTFY1eEtFZ1BWaGtMVG9qeHAybHhFWktXQWpJUlNiaWZ0WEFmWm1udVZiNjNmSkdsd0l2S0RKMkV5cXZMMjFBR3UrMVZ0dHJpeDN1ai8wc29rVDVIUXBMU1ZqakdMdE1WbTBJSUFmYWxFWGdmYzMrbDkrczBmbldiaDJqRlR5UEZyRVVRLzN2WUp0bWdaOGtVK2REb0FsM25pTEJJV3FuVUN4ZVFsUVNCL1ZNZG1Dc2tsdE5vNjFzWFR3MGpqYUNrWDlQMmlKSUN1NjdWSTVsTkt1RlB0MFkzSFhhN2dqMUYxVnBXNUxLNXFnLzVSS0R5SUVUdXQrUTZLZS9PcDR5b3NuL3pCT0FaQVVyU1M2Nm5adGRYQWVZNGRoRmhoQmFYSGY5TTNmNFlMaXphR0FHNzNGTENmSlhSR0JINkE4c1h4MnRzMTRLMkZpdTZwRDhpYjJwYW96cWZvL25mZjh4amZOR1FnY3NzUlQwRXY1ZDVvS1VsRXJSeVYrUTYzUzhUa3dRcGxLeXI4THQwZDlTNmxJZ3plM0RNRnZ4V0VGV1BoMEZpKzF0WXNMQ2JGUTVaeVpwRkowcUFIc3l0U0JFK2FNaFJCdG4rTzQzdkZKRmVKcEYrU3pESTFvZTg5bDBoeUduQzJFSEhpZmlzb3hOTm0weERmSE1rOTBYYjdtRGswQmIzS0UrR1RtbDl1SnhUdXJ3NlU0VnVHTU5IVDZEVU5MYTY3d3RUaThyanVKZ1Y1TlVidDBWYzNDY0xzNTc3dGk1T0VqR3FSSnFEbUU1N1g2ZzNhZjJUT2p1NlhRMFYzZzdMOWt1dW5ZQ0ZleURiVnZ2emtvWUMzYmpwMitma1JnTk1DRGJmUVIrU1Rhb093aWc3M2hKTGM0VFZrekhQSGxtb2dMR0NFaXhBaVdrUnVYM1NKbUJ5T01aNWlNZXA4SXYwaHVvQjcvRzVlRHZRPT0iLCJjb250ZW50IjoiW2NvbnRhY3QtZmllbGQgbGFiZWw9XCJOb21icmVcIiB0eXBlPVwibmFtZVwiIHJlcXVpcmVkPVwiMVwiXVtjb250YWN0LWZpZWxkIGxhYmVsPVwiQ29ycmVvIGVsZWN0clx1MDBmM25pY29cIiB0eXBlPVwiZW1haWxcIiByZXF1aXJlZD1cIjFcIl1bY29udGFjdC1maWVsZCBsYWJlbD1cIkluZFx1MDBlZGNhbm9zIHR1IHByb3B1ZXN0YSBvIHR1cyBjb21lbnRhcmlvcy4gVGUgcmVzcG9uZGVyZW1vcyBlbiBicmV2ZVwiIHR5cGU9XCJ0ZXh0YXJlYVwiIHJlcXVpcmVkPVwiMVwiXVtjb250YWN0LWZpZWxkIGxhYmVsPVwiXHUwMGJmUHJlZmllcmVzIENhbWluYXRhIHByaXZhZGEgKHRlIGRhbW9zIHByZXN1cHVlc3RvKT9cIiB0eXBlPVwiY2hlY2tib3gtbXVsdGlwbGVcIiByZXF1aXJlZD1cIjFcIiBvcHRpb25zPVwiU2ksTm9cIl1bY29udGFjdC1maWVsZCBsYWJlbD1cIlx1MDBiZlF1aWVyZXMgcXVlIHRlIGVudmllbW9zIGluZm9ybWFjaVx1MDBmM24gZGUgZnV0dXJhcyBDQU1JTkFUQVM_IFNpIHJlbGxlbmFzIGVzdGUgY2FtcG8gYXV0b3JpemFzIHF1ZSB0ZSBlbnZpZW1vcyBtZW5zYWplcyBkZSBjb3JyZW8tZSBjb24gaW5mb3JtYWNpXHUwMGYzbiBkZSBmdXR1cmFzIENBTUlOQVRBU1wiIHR5cGU9XCJjaGVja2JveFwiXSIsImhhc2giOiJkZjM4YmI5NTFjZTQyOGQxMDRiNmQ1MTRjNDJkZTY5OTdhOTBjYmFmIiwic291cmNlIjp7ImVudHJ5X3RpdGxlIjoiU3VnZXJlbmNpYXMgeSBjb250YWN0byIsImVudHJ5X3BhZ2UiOjEsInNvdXJjZV9pZCI6MjI1LCJzb3VyY2VfdHlwZSI6InNpbmdsZSIsInJlcXVlc3RfdXJsIjoiaHR0cHM6Ly9lbmVsc29sLmVzIn0sInZlcnNpb24iOjIsImNpcGhlciI6ImFlcy0yNTYtZ2NtIn0.5t1tliU17W8gM6xhF6roeAJ-OgPNvPg-1YG3Ufx9S4w' \/>\n\n<div style=\"\"  data-wp-interactive=\"jetpack\/form\" data-wp-context='{\"fieldId\":\"g225-nombre\",\"fieldType\":\"name\",\"fieldLabel\":\"Nombre\",\"fieldValue\":\"\",\"fieldPlaceholder\":\"\",\"fieldIsRequired\":\"1\",\"fieldErrorMessage\":\"\",\"fieldExtra\":[],\"formHash\":\"df38bb951ce428d104b6d514c42de6997a90cbaf\"}'  class='grunion-field-name-wrap grunion-field-wrap'  data-wp-init='callbacks.initializeField' data-wp-on--jetpack-form-reset='callbacks.initializeField' >\n<label\n\t\t\t\tfor='g225-nombre' class=\"grunion-field-label name\" >Nombre<span class=\"grunion-label-required\" aria-hidden=\"true\">(obligatorio)<\/span><\/label>\n<input\n\t\t\t\t\ttype='text'\n\t\t\t\t\tname='g225-nombre'\n\t\t\t\t\tid='g225-nombre'\n\t\t\t\t\tvalue=''\n\n\t\t\t\t\tdata-wp-bind--aria-invalid='state.fieldAriaInvalid'\n\t\t\t\t\tdata-wp-bind--value='state.getFieldValue'\n\t\t\t\t\taria-describedby='g225-nombre-text-error-message'\n\t\t\t\t\tdata-wp-on--input='actions.onFieldChange'\n\t\t\t\t\tdata-wp-on--blur='actions.onFieldBlur'\n\t\t\t\t\tdata-wp-class--has-value='state.hasFieldValue'\n\n\t\t\t\t\tclass='name  grunion-field' \n\t\t\t\t\trequired='true' aria-required='true'  \/>\n \n\t\t\t<div id=\"g225-nombre-text-error\" class=\"contact-form__input-error\" data-wp-class--has-errors=\"state.fieldHasErrors\">\n\t\t\t\t<span class=\"contact-form__warning-icon\" aria-hidden=\"true\">\n\t\t\t\t\t<svg width=\"16\" height=\"16\" viewBox=\"0 0 16 16\" fill=\"none\" xmlns=\"http:\/\/www.w3.org\/2000\/svg\">\n\t\t\t\t\t\t<path d=\"M8.50015 11.6402H7.50015V10.6402H8.50015V11.6402Z\" \/>\n\t\t\t\t\t\t<path d=\"M7.50015 9.64018H8.50015V6.30684H7.50015V9.64018Z\" \/>\n\t\t\t\t\t\t<path fill-rule=\"evenodd\" clip-rule=\"evenodd\" d=\"M6.98331 3.0947C7.42933 2.30177 8.57096 2.30177 9.01698 3.09469L13.8771 11.7349C14.3145 12.5126 13.7525 13.4735 12.8602 13.4735H3.14004C2.24774 13.4735 1.68575 12.5126 2.12321 11.7349L6.98331 3.0947ZM8.14541 3.58496C8.08169 3.47168 7.9186 3.47168 7.85488 3.58496L2.99478 12.2251C2.93229 12.3362 3.01257 12.4735 3.14004 12.4735H12.8602C12.9877 12.4735 13.068 12.3362 13.0055 12.2251L8.14541 3.58496Z\" \/>\n\t\t\t\t\t<\/svg>\n\t\t\t\t<\/span>\n\t\t\t\t<span data-wp-text=\"state.errorMessage\" id=\"g225-nombre-text-error-message\"><\/span>\n\t\t\t<\/div> \n\t<\/div>\n\n<div style=\"\"  data-wp-interactive=\"jetpack\/form\" data-wp-context='{\"fieldId\":\"g225-correoelectrnico\",\"fieldType\":\"email\",\"fieldLabel\":\"Correo electr\\u00f3nico\",\"fieldValue\":\"\",\"fieldPlaceholder\":\"\",\"fieldIsRequired\":\"1\",\"fieldErrorMessage\":\"\",\"fieldExtra\":[],\"formHash\":\"df38bb951ce428d104b6d514c42de6997a90cbaf\"}'  class='grunion-field-email-wrap grunion-field-wrap'  data-wp-init='callbacks.initializeField' data-wp-on--jetpack-form-reset='callbacks.initializeField' >\n<label\n\t\t\t\tfor='g225-correoelectrnico' class=\"grunion-field-label email\" >Correo electr\u00f3nico<span class=\"grunion-label-required\" aria-hidden=\"true\">(obligatorio)<\/span><\/label>\n<input\n\t\t\t\t\ttype='email'\n\t\t\t\t\tname='g225-correoelectrnico'\n\t\t\t\t\tid='g225-correoelectrnico'\n\t\t\t\t\tvalue=''\n\n\t\t\t\t\tdata-wp-bind--aria-invalid='state.fieldAriaInvalid'\n\t\t\t\t\tdata-wp-bind--value='state.getFieldValue'\n\t\t\t\t\taria-describedby='g225-correoelectrnico-email-error-message'\n\t\t\t\t\tdata-wp-on--input='actions.onFieldChange'\n\t\t\t\t\tdata-wp-on--blur='actions.onFieldBlur'\n\t\t\t\t\tdata-wp-class--has-value='state.hasFieldValue'\n\n\t\t\t\t\tclass='email  grunion-field' \n\t\t\t\t\trequired='true' aria-required='true'  \/>\n \n\t\t\t<div id=\"g225-correoelectrnico-email-error\" class=\"contact-form__input-error\" data-wp-class--has-errors=\"state.fieldHasErrors\">\n\t\t\t\t<span class=\"contact-form__warning-icon\" aria-hidden=\"true\">\n\t\t\t\t\t<svg width=\"16\" height=\"16\" viewBox=\"0 0 16 16\" fill=\"none\" xmlns=\"http:\/\/www.w3.org\/2000\/svg\">\n\t\t\t\t\t\t<path d=\"M8.50015 11.6402H7.50015V10.6402H8.50015V11.6402Z\" \/>\n\t\t\t\t\t\t<path d=\"M7.50015 9.64018H8.50015V6.30684H7.50015V9.64018Z\" \/>\n\t\t\t\t\t\t<path fill-rule=\"evenodd\" clip-rule=\"evenodd\" d=\"M6.98331 3.0947C7.42933 2.30177 8.57096 2.30177 9.01698 3.09469L13.8771 11.7349C14.3145 12.5126 13.7525 13.4735 12.8602 13.4735H3.14004C2.24774 13.4735 1.68575 12.5126 2.12321 11.7349L6.98331 3.0947ZM8.14541 3.58496C8.08169 3.47168 7.9186 3.47168 7.85488 3.58496L2.99478 12.2251C2.93229 12.3362 3.01257 12.4735 3.14004 12.4735H12.8602C12.9877 12.4735 13.068 12.3362 13.0055 12.2251L8.14541 3.58496Z\" \/>\n\t\t\t\t\t<\/svg>\n\t\t\t\t<\/span>\n\t\t\t\t<span data-wp-text=\"state.errorMessage\" id=\"g225-correoelectrnico-email-error-message\"><\/span>\n\t\t\t<\/div> \n\t<\/div>\n\n<div style=\"\"  data-wp-interactive=\"jetpack\/form\" data-wp-context='{\"fieldId\":\"g225-indcanostupropuestaotuscomentarios-teresponderemosenbreve\",\"fieldType\":\"textarea\",\"fieldLabel\":\"Ind\\u00edcanos tu propuesta o tus comentarios. Te responderemos en breve\",\"fieldValue\":\"\",\"fieldPlaceholder\":\"\",\"fieldIsRequired\":\"1\",\"fieldErrorMessage\":\"\",\"fieldExtra\":[],\"formHash\":\"df38bb951ce428d104b6d514c42de6997a90cbaf\"}'  class='grunion-field-textarea-wrap grunion-field-wrap'  data-wp-init='callbacks.initializeField' data-wp-on--jetpack-form-reset='callbacks.initializeField' >\n<label\n\t\t\t\tfor='contact-form-comment-g225-indcanostupropuestaotuscomentarios-teresponderemosenbreve' class=\"grunion-field-label textarea\" >Ind\u00edcanos tu propuesta o tus comentarios. Te responderemos en breve<span class=\"grunion-label-required\" aria-hidden=\"true\">(obligatorio)<\/span><\/label>\n<textarea\n\t\t                style=''\n\t\t                name='g225-indcanostupropuestaotuscomentarios-teresponderemosenbreve'\n\t\t                id='contact-form-comment-g225-indcanostupropuestaotuscomentarios-teresponderemosenbreve'\n\t\t                rows='20'\n\t\t\t\t\t\tdata-wp-text='state.getFieldValue'\n\t\t\t\t\t\tdata-wp-on--input='actions.onFieldChange'\n\t\t\t\t\t\tdata-wp-on--blur='actions.onFieldBlur'\n\t\t\t\t\t\tdata-wp-class--has-value='state.hasFieldValue'\n\t\t\t\t\t\taria-describedby='g225-indcanostupropuestaotuscomentarios-teresponderemosenbreve-textarea-error-message'\n\t\t\t\t\t\tdata-wp-bind--aria-invalid='state.fieldAriaInvalid'\n\t\t\t\t\t\tclass='textarea  grunion-field'  required aria-required='true'><\/textarea>\n \n\t\t\t<div id=\"g225-indcanostupropuestaotuscomentarios-teresponderemosenbreve-textarea-error\" class=\"contact-form__input-error\" data-wp-class--has-errors=\"state.fieldHasErrors\">\n\t\t\t\t<span class=\"contact-form__warning-icon\" aria-hidden=\"true\">\n\t\t\t\t\t<svg width=\"16\" height=\"16\" viewBox=\"0 0 16 16\" fill=\"none\" xmlns=\"http:\/\/www.w3.org\/2000\/svg\">\n\t\t\t\t\t\t<path d=\"M8.50015 11.6402H7.50015V10.6402H8.50015V11.6402Z\" \/>\n\t\t\t\t\t\t<path d=\"M7.50015 9.64018H8.50015V6.30684H7.50015V9.64018Z\" \/>\n\t\t\t\t\t\t<path fill-rule=\"evenodd\" clip-rule=\"evenodd\" d=\"M6.98331 3.0947C7.42933 2.30177 8.57096 2.30177 9.01698 3.09469L13.8771 11.7349C14.3145 12.5126 13.7525 13.4735 12.8602 13.4735H3.14004C2.24774 13.4735 1.68575 12.5126 2.12321 11.7349L6.98331 3.0947ZM8.14541 3.58496C8.08169 3.47168 7.9186 3.47168 7.85488 3.58496L2.99478 12.2251C2.93229 12.3362 3.01257 12.4735 3.14004 12.4735H12.8602C12.9877 12.4735 13.068 12.3362 13.0055 12.2251L8.14541 3.58496Z\" \/>\n\t\t\t\t\t<\/svg>\n\t\t\t\t<\/span>\n\t\t\t\t<span data-wp-text=\"state.errorMessage\" id=\"g225-indcanostupropuestaotuscomentarios-teresponderemosenbreve-textarea-error-message\"><\/span>\n\t\t\t<\/div>\n\t<\/div>\n\n<div style=\"\"  data-wp-interactive=\"jetpack\/form\" data-wp-context='{\"fieldId\":\"g225-prefierescaminataprivadatedamospresupuesto\",\"fieldType\":\"checkbox-multiple\",\"fieldLabel\":\"\\u00bfPrefieres Caminata privada (te damos presupuesto)?\",\"fieldValue\":\"\",\"fieldPlaceholder\":\"\",\"fieldIsRequired\":\"1\",\"fieldErrorMessage\":\"\",\"fieldExtra\":[],\"formHash\":\"df38bb951ce428d104b6d514c42de6997a90cbaf\"}'  class='grunion-field-checkbox-multiple-wrap grunion-field-wrap'  data-wp-init='callbacks.initializeField' data-wp-on--jetpack-form-reset='callbacks.initializeField' >\n<fieldset id='g225-prefierescaminataprivadatedamospresupuesto-label' class='jetpack-field-multiple__fieldset'data-required data-wp-bind--aria-invalid=\"state.fieldAriaInvalid\"><legend class=\"grunion-field-label\" ><span class=\"grunion-label-text\">\u00bfPrefieres Caminata privada (te damos presupuesto)?<\/span><span class=\"grunion-label-required\">(obligatorio)<\/span><\/legend>\n<div class='grunion-checkbox-multiple-options ' style='' ><label class='contact-form-field'><input\n\t\t\t\t\t\t\t\tid='g225-prefierescaminataprivadatedamospresupuesto-Si'\n\t\t\t\t\t\t\t\tdata-wp-on--change='actions.onMultipleFieldChange'\n\t\t\t\t\t\t\t\ttype='checkbox'\n\t\t\t\t\t\t\t\tname='g225-prefierescaminataprivadatedamospresupuesto[]'\n\t\t\t\t\t\t\t\tvalue='Si' class='checkbox-multiple  grunion-field'  \/> <span style=\"\" class='grunion-checkbox-multiple-label checkbox-multiple'><span class='grunion-field-text'>Si<\/span><\/span><\/label><label class='contact-form-field'><input\n\t\t\t\t\t\t\t\tid='g225-prefierescaminataprivadatedamospresupuesto-No'\n\t\t\t\t\t\t\t\tdata-wp-on--change='actions.onMultipleFieldChange'\n\t\t\t\t\t\t\t\ttype='checkbox'\n\t\t\t\t\t\t\t\tname='g225-prefierescaminataprivadatedamospresupuesto[]'\n\t\t\t\t\t\t\t\tvalue='No' class='checkbox-multiple  grunion-field'  \/> <span style=\"\" class='grunion-checkbox-multiple-label checkbox-multiple'><span class='grunion-field-text'>No<\/span><\/span><\/label><\/div>\n\t\t\t<div id=\"g225-prefierescaminataprivadatedamospresupuesto-select-error\" class=\"contact-form__input-error\" data-wp-class--has-errors=\"state.fieldHasErrors\">\n\t\t\t\t<span class=\"contact-form__warning-icon\" aria-hidden=\"true\">\n\t\t\t\t\t<svg width=\"16\" height=\"16\" viewBox=\"0 0 16 16\" fill=\"none\" xmlns=\"http:\/\/www.w3.org\/2000\/svg\">\n\t\t\t\t\t\t<path d=\"M8.50015 11.6402H7.50015V10.6402H8.50015V11.6402Z\" \/>\n\t\t\t\t\t\t<path d=\"M7.50015 9.64018H8.50015V6.30684H7.50015V9.64018Z\" \/>\n\t\t\t\t\t\t<path fill-rule=\"evenodd\" clip-rule=\"evenodd\" d=\"M6.98331 3.0947C7.42933 2.30177 8.57096 2.30177 9.01698 3.09469L13.8771 11.7349C14.3145 12.5126 13.7525 13.4735 12.8602 13.4735H3.14004C2.24774 13.4735 1.68575 12.5126 2.12321 11.7349L6.98331 3.0947ZM8.14541 3.58496C8.08169 3.47168 7.9186 3.47168 7.85488 3.58496L2.99478 12.2251C2.93229 12.3362 3.01257 12.4735 3.14004 12.4735H12.8602C12.9877 12.4735 13.068 12.3362 13.0055 12.2251L8.14541 3.58496Z\" \/>\n\t\t\t\t\t<\/svg>\n\t\t\t\t<\/span>\n\t\t\t\t<span data-wp-text=\"state.errorMessage\" id=\"g225-prefierescaminataprivadatedamospresupuesto-select-error-message\"><\/span>\n\t\t\t<\/div><\/fieldset>\t<\/div>\n\n<div style=\"\"  data-wp-interactive=\"jetpack\/form\" data-wp-context='{\"fieldId\":\"g225-quieresqueteenviemosinformacindefuturascaminatassirellenasestecampoautorizasqueteenviemosmensajesdecorreoeconinformacindefuturascaminatas\",\"fieldType\":\"checkbox\",\"fieldLabel\":\"\\u00bfQuieres que te enviemos informaci\\u00f3n de futuras CAMINATAS? Si rellenas este campo autorizas que te enviemos mensajes de correo-e con informaci\\u00f3n de futuras CAMINATAS\",\"fieldValue\":\"\",\"fieldPlaceholder\":\"\",\"fieldIsRequired\":\"\",\"fieldErrorMessage\":\"\",\"fieldExtra\":[],\"formHash\":\"df38bb951ce428d104b6d514c42de6997a90cbaf\"}'  class='grunion-field-checkbox-wrap grunion-field-wrap'  data-wp-init='callbacks.initializeField' data-wp-on--jetpack-form-reset='callbacks.initializeField' >\n<div class='contact-form__checkbox-wrap' style='' ><input id='g225-quieresqueteenviemosinformacindefuturascaminatassirellenasestecampoautorizasqueteenviemosmensajesdecorreoeconinformacindefuturascaminatas' type='checkbox' data-wp-on--change='actions.onFieldChange' name='g225-quieresqueteenviemosinformacindefuturascaminatassirellenasestecampoautorizasqueteenviemosmensajesdecorreoeconinformacindefuturascaminatas' value='S\u00ed' class='checkbox  grunion-field'  \/> \n<label for='g225-quieresqueteenviemosinformacindefuturascaminatassirellenasestecampoautorizasqueteenviemosmensajesdecorreoeconinformacindefuturascaminatas' class='grunion-field-label checkbox' style=''>\u00bfQuieres que te enviemos informaci\u00f3n de futuras CAMINATAS? Si rellenas este campo autorizas que te enviemos mensajes de correo-e con informaci\u00f3n de futuras CAMINATAS<\/label>\n<div class='clear-form'><\/div>\n<\/div>\n\t\t\t<div id=\"g225-quieresqueteenviemosinformacindefuturascaminatassirellenasestecampoautorizasqueteenviemosmensajesdecorreoeconinformacindefuturascaminatas-checkbox-error\" class=\"contact-form__input-error\" data-wp-class--has-errors=\"state.fieldHasErrors\">\n\t\t\t\t<span class=\"contact-form__warning-icon\" aria-hidden=\"true\">\n\t\t\t\t\t<svg width=\"16\" height=\"16\" viewBox=\"0 0 16 16\" fill=\"none\" xmlns=\"http:\/\/www.w3.org\/2000\/svg\">\n\t\t\t\t\t\t<path d=\"M8.50015 11.6402H7.50015V10.6402H8.50015V11.6402Z\" \/>\n\t\t\t\t\t\t<path d=\"M7.50015 9.64018H8.50015V6.30684H7.50015V9.64018Z\" \/>\n\t\t\t\t\t\t<path fill-rule=\"evenodd\" clip-rule=\"evenodd\" d=\"M6.98331 3.0947C7.42933 2.30177 8.57096 2.30177 9.01698 3.09469L13.8771 11.7349C14.3145 12.5126 13.7525 13.4735 12.8602 13.4735H3.14004C2.24774 13.4735 1.68575 12.5126 2.12321 11.7349L6.98331 3.0947ZM8.14541 3.58496C8.08169 3.47168 7.9186 3.47168 7.85488 3.58496L2.99478 12.2251C2.93229 12.3362 3.01257 12.4735 3.14004 12.4735H12.8602C12.9877 12.4735 13.068 12.3362 13.0055 12.2251L8.14541 3.58496Z\" \/>\n\t\t\t\t\t<\/svg>\n\t\t\t\t<\/span>\n\t\t\t\t<span data-wp-text=\"state.errorMessage\" id=\"g225-quieresqueteenviemosinformacindefuturascaminatassirellenasestecampoautorizasqueteenviemosmensajesdecorreoeconinformacindefuturascaminatas-checkbox-error-message\"><\/span>\n\t\t\t<\/div>\t<\/div>\n\t<p class='contact-submit'>\n<div class=\"contact-form__error\" data-wp-class--show-errors=\"state.showFormErrors\"><span class=\"contact-form__warning-icon\" aria-hidden=\"true\"><i><\/i><\/span><span class=\"contact-form__error-message\" tabindex=\"-1\" data-wp-watch=\"callbacks.focusOnValidationError\" data-wp-text=\"state.getFormErrorMessage\"><\/span><ul aria-label=\"Errores del formulario\">\n\t\t\t\t<template data-wp-each=\"state.getErrorList\" data-wp-key=\"context.item.id\">\n\t\t\t\t\t<li><a data-wp-bind--href=\"context.item.anchor\" data-wp-on--click=\"actions.scrollIntoView\" data-wp-text=\"context.item.label\"><\/a><\/li>\n\t\t\t\t<\/template>\n\t\t\t\t<\/ul><\/div><div class=\"contact-form__error\" data-wp-class--show-errors=\"state.showSubmissionError\" data-wp-text=\"context.submissionError\" tabindex=\"-1\" data-wp-watch=\"callbacks.focusOnSubmissionError\"><\/div>\t\t<button type='submit' class='pushbutton-wide'>Enviar<\/button>\t\t<input type='hidden' name='contact-form-id' value='225' \/>\n\t\t<input type='hidden' name='action' value='grunion-contact-form' \/>\n\t\t<input type='hidden' name='contact-form-hash' value='df38bb951ce428d104b6d514c42de6997a90cbaf' \/>\n\t<\/p>\n<\/form>\n<\/div>\n<p><span style=\"color: #000000;\">Si nos env\u00edas este formulario nos autorizas a responderte por correo-e<\/span><\/p>\n<p><span style=\"color: #000000;\">Tambi\u00e9n puedes contactar con nosotros por correo electr\u00f3nico (<span style=\"color: #1e3231;\"><a href=\"mailto:caminantes@enelsol.es\">caminantes@enelsol.es<\/a><\/span>), por tel\u00e9fono o whatsapp (648 822 608). Horario de atenci\u00f3n, 9:00 a 14:30 y 17:30 a 19:30 de lunes a viernes excepto martes.\u00a0<\/span><\/p>\n<p><span style=\"color: #000000;\"><span style=\"color: #ff6600;\"><strong>ENELSOL <\/strong><\/span>no guarda ning\u00fan dato personal de los <span style=\"color: #ff6600;\"><strong>CAMINANTES<\/strong><\/span>\u00a0que contactan con nosotros a trav\u00e9s de este formulario. Los que te solicitamos son exclusivamente para poder responder a las propuestas y comentarios que nos hac\u00e9is los <span style=\"color: #ff6600;\"><strong>CAMINANTES. <\/strong><\/span><\/span><span style=\"color: #000000;\">Solamente si has marcado la casilla de solicitud de informaci\u00f3n de futuras <span style=\"color: #ff6600;\"><strong>CAMINATAS<\/strong><\/span> conservaremos, exclusivamente, tu direcci\u00f3n de correo electr\u00f3nico para realizar los env\u00edos. Puedes cancelar la suscripci\u00f3n enviando correo electr\u00f3nico a <span style=\"color: #1e3231;\"><a href=\"mailto:privacidad@enelsol.es\">privacidad@enelsol.es<\/a><\/span><\/span><\/p>\n<p><span style=\"color: #000000;\">Consulta nuestra<a href=\"https:\/\/enelsol.es\/\/?page_id=3\"> pol\u00edtica de privacidad<\/a><\/span><\/p>\n","protected":false},"excerpt":{"rendered":"<p>\u00bfQuieres hacernos alg\u00fan comentario? \u00bfTe interesa alguna de las Caminantas\u00a0de CaminantesEnElSol y no la ves programada? \u00bfS\u00ed lo est\u00e1 pero no te viene bien la &hellip;<\/p>\n","protected":false},"author":1,"featured_media":0,"parent":0,"menu_order":0,"comment_status":"closed","ping_status":"closed","template":"","meta":{"advanced_seo_description":"","jetpack_seo_html_title":"","jetpack_seo_noindex":false,"footnotes":""},"class_list":["post-225","page","type-page","status-publish","hentry"],"jetpack_sharing_enabled":true,"_links":{"self":[{"href":"https:\/\/enelsol.es\/index.php?rest_route=\/wp\/v2\/pages\/225","targetHints":{"allow":["GET"]}}],"collection":[{"href":"https:\/\/enelsol.es\/index.php?rest_route=\/wp\/v2\/pages"}],"about":[{"href":"https:\/\/enelsol.es\/index.php?rest_route=\/wp\/v2\/types\/page"}],"author":[{"embeddable":true,"href":"https:\/\/enelsol.es\/index.php?rest_route=\/wp\/v2\/users\/1"}],"replies":[{"embeddable":true,"href":"https:\/\/enelsol.es\/index.php?rest_route=%2Fwp%2Fv2%2Fcomments&post=225"}],"version-history":[{"count":12,"href":"https:\/\/enelsol.es\/index.php?rest_route=\/wp\/v2\/pages\/225\/revisions"}],"predecessor-version":[{"id":3180,"href":"https:\/\/enelsol.es\/index.php?rest_route=\/wp\/v2\/pages\/225\/revisions\/3180"}],"wp:attachment":[{"href":"https:\/\/enelsol.es\/index.php?rest_route=%2Fwp%2Fv2%2Fmedia&parent=225"}],"curies":[{"name":"wp","href":"https:\/\/api.w.org\/{rel}","templated":true}]}}