{"id":156,"date":"2022-03-18T23:07:58","date_gmt":"2022-03-18T23:07:58","guid":{"rendered":"https:\/\/enelsol.es\/\/?page_id=156"},"modified":"2022-05-02T20:40:11","modified_gmt":"2022-05-02T20:40:11","slug":"nivel-senderismo","status":"publish","type":"page","link":"https:\/\/enelsol.es\/?page_id=156","title":{"rendered":"Determina tu nivel"},"content":{"rendered":"<p><strong><span style=\"color: #ed7e32;\">\u00bfC\u00daAL ES MI NIVEL?<\/span><\/strong><\/p>\n<p><span style=\"color: #1e3231;\">El <strong>nivel de dificultad<\/strong> de una <strong><span style=\"color: #ed7e32;\">Caminata<\/span><\/strong> es algo subjetivo y variable seg\u00fan el d\u00eda y como nos hayamos levantado. Lo que para unos puede resultar muy sencillo para otros puede ser una tortura interminable. Teniendo esto en cuenta, se trata de dar unos criterios b\u00e1sicos, entendibles por todos, con el fin de intentar objetivar el esfuerzo necesario para realizar una <strong><span style=\"color: #ed7e32;\">Caminata<\/span><\/strong>, a\u00fan a sabiendas de que es imposible llegar a una categorizaci\u00f3n exacta. Cada uno es responsable de valorar su estado de forma y las condiciones en que se encuentra para valorar su participaci\u00f3n en una <strong><span style=\"color: #ed7e32;\">Caminata<\/span><\/strong> concreta<\/span><\/p>\n<p><span style=\"color: #1e3231;\"><strong>NIVEL 1<\/strong>: <strong><span style=\"color: #ed7e32;\">Caminatas<\/span><\/strong>\u00a0para principiantes, suaves, escasas pendientes. Recomendable el uso de botas de monta\u00f1a. Suelen tener duraci\u00f3n de ma\u00f1ana permitiendo regresar a comer a casa.<\/span><\/p>\n<p><span style=\"color: #1e3231;\"><strong>NIVEL 1+<\/strong>: <strong><span style=\"color: #ed7e32;\">Caminatas<\/span><\/strong>\u00a0para personas acostumbradas a caminar, distancias entre 15 y 18 km, similares a las de N2 pero con desniveles inferiores a N2.Podr\u00edan ser fuertes para los principiantes. Obligatorio el uso de botas de monta\u00f1a.<\/span><\/p>\n<p><span style=\"color: #1e3231;\"><strong>NIVEL 2<\/strong>: Adecuado para los que salen habitualmente a caminar por la monta\u00f1a. Distancias entre 15 y 18 km y desniveles entre 400 y 700 m a ritmo tranquilo. Obligatorio el uso de botas de monta\u00f1a y material adecuado. Recomendable bastones de trekking<\/span><\/p>\n<p><span style=\"color: #1e3231;\"><strong>NIVEL 2+<\/strong>: Rutas exigentes para <strong><span style=\"color: #ed7e32;\">Caminantes<\/span><\/strong>\u00a0experimentados, en buena forma y con buen equipo. Distancias de 20 o m\u00e1s km, y desniveles que pueden llegar a los 1000 m.\u00a0\u00a0<\/span><\/p>\n<p><span style=\"color: #1e3231;\"><strong>NIVEL 3<\/strong>: Igual que el 2+ pero con distancias y desniveles superiores<\/span><\/p>\n<p>\u00a0<\/p>\n\n\n<p><\/p>\n","protected":false},"excerpt":{"rendered":"<p>\u00bfC\u00daAL ES MI NIVEL? El nivel de dificultad de una Caminata es algo subjetivo y variable seg\u00fan el d\u00eda y como nos hayamos levantado. Lo &hellip;<\/p>\n","protected":false},"author":1,"featured_media":0,"parent":0,"menu_order":0,"comment_status":"closed","ping_status":"closed","template":"","meta":{"advanced_seo_description":"","jetpack_seo_html_title":"","jetpack_seo_noindex":false,"footnotes":""},"class_list":["post-156","page","type-page","status-publish","hentry"],"jetpack_sharing_enabled":true,"_links":{"self":[{"href":"https:\/\/enelsol.es\/index.php?rest_route=\/wp\/v2\/pages\/156","targetHints":{"allow":["GET"]}}],"collection":[{"href":"https:\/\/enelsol.es\/index.php?rest_route=\/wp\/v2\/pages"}],"about":[{"href":"https:\/\/enelsol.es\/index.php?rest_route=\/wp\/v2\/types\/page"}],"author":[{"embeddable":true,"href":"https:\/\/enelsol.es\/index.php?rest_route=\/wp\/v2\/users\/1"}],"replies":[{"embeddable":true,"href":"https:\/\/enelsol.es\/index.php?rest_route=%2Fwp%2Fv2%2Fcomments&post=156"}],"version-history":[{"count":10,"href":"https:\/\/enelsol.es\/index.php?rest_route=\/wp\/v2\/pages\/156\/revisions"}],"predecessor-version":[{"id":1306,"href":"https:\/\/enelsol.es\/index.php?rest_route=\/wp\/v2\/pages\/156\/revisions\/1306"}],"wp:attachment":[{"href":"https:\/\/enelsol.es\/index.php?rest_route=%2Fwp%2Fv2%2Fmedia&parent=156"}],"curies":[{"name":"wp","href":"https:\/\/api.w.org\/{rel}","templated":true}]}}