{"id":154,"date":"2022-03-18T23:06:07","date_gmt":"2022-03-18T23:06:07","guid":{"rendered":"https:\/\/enelsol.es\/\/?page_id=154"},"modified":"2022-05-23T21:59:24","modified_gmt":"2022-05-23T21:59:24","slug":"quienes-somos","status":"publish","type":"page","link":"https:\/\/enelsol.es\/?page_id=154","title":{"rendered":"Quienes somos"},"content":{"rendered":"<p><span style=\"color: #1e3200;\">Apasionados por la monta\u00f1a y la naturaleza desde que tenemos recuerdos, hemos recorrido las principales rutas de las monta\u00f1as espa\u00f1olas y en especial las de la Sierra de Guadarrama. Tras muchos a\u00f1os c\u00f3mo gu\u00edas ben\u00e9volos nos hemos decidido a dar el paso y convertir nuestra pasi\u00f3n\u00a0 en una actividad de gu\u00eda de grupos.<\/span><\/p>\n<p><span style=\"color: #1e3200;\">Hemos obtenido el t\u00edtulo de Gu\u00eda de Senderismo en Media y Baja monta\u00f1a. <\/span><span style=\"color: #1e3200;\">Como pensamos que esto no es suficiente, nunca salimos de <span style=\"color: #ff6600;\"><strong>CAMINATA<\/strong><\/span> sin asegurarnos, no en vano hemos sido delegado de prevenci\u00f3n, seguridad y salud durante 30 a\u00f1os, por lo que contamos con los seguros de responsabilidad civil y accidentes obligatorios y voluntarios, tanto para nosotros como para quienes <strong><span style=\"color: #ff6600;\">CAMINAN<\/span><\/strong> con nosotros<\/span><\/p>\n<p><span style=\"color: #1e3200;\">Nuestra propuesta es salir al monte con otra mirada. Desde <span style=\"color: #ff6600;\"><strong>CAMINANTES ENELSOL<\/strong><\/span>\u00a0te proponemos <span style=\"color: #ff6600;\"><strong>CAMINATAS<\/strong><\/span> tem\u00e1ticas, unidas por un hilo conductor que nos ayude a dar un enfoque diferente, una mirada distinta a nuestras salidas al monte. Te proponemos disfrutar del paisaje, de los detalles, de nuestro esfuerzo, de las curiosidades y an\u00e9cdotas de los lugares por los que pasemos. No proponemos <span style=\"color: #ff6600;\"><strong>CAMINATAS<\/strong><\/span> \u00abca\u00f1eras\u00bb, si es esto lo que buscas no te lo podemos ofrecer, nuestra intenci\u00f3n es que en nuestras retinas queden todos aquellos detalles y recuerdos inolvidables que nos har\u00e1n m\u00e1s llevadero el devenir de los d\u00edas&#8230; hasta la siguiente <span style=\"color: #ff6600;\"><strong>CAMINATA<\/strong><\/span>.<\/span><\/p>\n","protected":false},"excerpt":{"rendered":"<p>Apasionados por la monta\u00f1a y la naturaleza desde que tenemos recuerdos, hemos recorrido las principales rutas de las monta\u00f1as espa\u00f1olas y en especial las de &hellip;<\/p>\n","protected":false},"author":1,"featured_media":0,"parent":0,"menu_order":0,"comment_status":"closed","ping_status":"closed","template":"","meta":{"advanced_seo_description":"","jetpack_seo_html_title":"","jetpack_seo_noindex":false,"footnotes":""},"class_list":["post-154","page","type-page","status-publish","hentry"],"jetpack_sharing_enabled":true,"_links":{"self":[{"href":"https:\/\/enelsol.es\/index.php?rest_route=\/wp\/v2\/pages\/154","targetHints":{"allow":["GET"]}}],"collection":[{"href":"https:\/\/enelsol.es\/index.php?rest_route=\/wp\/v2\/pages"}],"about":[{"href":"https:\/\/enelsol.es\/index.php?rest_route=\/wp\/v2\/types\/page"}],"author":[{"embeddable":true,"href":"https:\/\/enelsol.es\/index.php?rest_route=\/wp\/v2\/users\/1"}],"replies":[{"embeddable":true,"href":"https:\/\/enelsol.es\/index.php?rest_route=%2Fwp%2Fv2%2Fcomments&post=154"}],"version-history":[{"count":6,"href":"https:\/\/enelsol.es\/index.php?rest_route=\/wp\/v2\/pages\/154\/revisions"}],"predecessor-version":[{"id":1552,"href":"https:\/\/enelsol.es\/index.php?rest_route=\/wp\/v2\/pages\/154\/revisions\/1552"}],"wp:attachment":[{"href":"https:\/\/enelsol.es\/index.php?rest_route=%2Fwp%2Fv2%2Fmedia&parent=154"}],"curies":[{"name":"wp","href":"https:\/\/api.w.org\/{rel}","templated":true}]}}