{"id":124,"date":"2022-03-17T22:18:43","date_gmt":"2022-03-17T22:18:43","guid":{"rendered":"https:\/\/enelsol.es\/\/?page_id=124"},"modified":"2026-05-09T12:59:29","modified_gmt":"2026-05-09T12:59:29","slug":"senderismo-bandoleros","status":"publish","type":"page","link":"https:\/\/enelsol.es\/?page_id=124","title":{"rendered":"Tras las Huellas de los Bandoleros"},"content":{"rendered":"\n<p class=\"has-text-color\" style=\"color:#1e3231\">El fen\u00f3meno del bandolerismo ha existido, desde muy antiguo, en toda Europa. Existen cr\u00f3nicas de la \u00e9poca Romana que lo atestiguan. As\u00ed los bandoleros, asaltacaminos, golfines, facinerosos o monf\u00edes (nombres que se les atribuyeron) camparon a sus anchas y se adue\u00f1aron de los caminos sin que las autoridades pudieran evitarlo hasta bien entrado el siglo XIX, como deja patente el dicho de \u00aba buenas horas mangas verdes\u00bb.<\/p>\n\n\n\n<p class=\"has-text-color\" style=\"color:#1e3231\">En Espa\u00f1a, por diversas circunstancias, crisis econ\u00f3mica y social, desarraigo de guerrilleros tras las guerras de la Independencia y Carlistas, cuestiones de honor o simplemente ganas de aventura, hizo que el fen\u00f3meno del bandidaje se incrementara entre finales del siglo XVIII y mediados del XIX.  hasta que la creaci\u00f3n de la Guardia Civil y los severos castigos lograron erradicar el problema.<\/p>\n\n\n\n<p class=\"has-text-color\" style=\"color:#1e3231\">Aunque lo que ha quedado de ellos ha sido una visi\u00f3n rom\u00e1ntica reflejada en los escritos de los viajeros extranjeros de entonces, de los que \u00abJorgito el ingl\u00e9s\u00bb puede ser el m\u00e1s destacado, en los que narran la historia de bandidos que robaban a los ricos para alimentar a los pobres, como reflej\u00f3 la serie Curro Jimenez basada en un bandolero real, la realidad es bien distinta, ya que muchos de aquellos facinerosos se caracterizaron por actos crueles y sanguinarios.<\/p>\n\n\n\n<p class=\"has-text-color\" style=\"color:#1e3231\">El territorio de la actual comunidad de Madrid en general y la Sierra de Guadarrama en particular, no fue una excepci\u00f3n y aunque el bandolersimo en la zona centro no tuvo la relevancia que en el sur, \u00aba robar a Sierra Morena\u00bb dec\u00eda el dicho, no es menos cierto que la Sierra del Drag\u00f3n fue testigo de numerosos asaltos, asesinatos, secuestros y persecuciones.<\/p>\n\n\n\n<p class=\"has-text-color\" style=\"color:#33291f\">\u00bfQuieres saber porqu\u00e9 el nombre del Cancho de los Muertos? \u00bfQu\u00e9 ocurri\u00f3 en el Tolmo? \u00bfQui\u00e9n utilizaba los \u00e1rboles para cometer sus asaltos o esconder sus botines? \u00bfQu\u00e9 bandoleros y bandas operaron en la zona centro? \u00bfCu\u00e1l es el origen del nombre Bandolero? \u00bfQui\u00e9n fue la Tuerta? \u00bfD\u00f3nde estaba la Venta Pesadilla? \u00bfSe ocult\u00f3 Luis Candelas realmente en la Pedriza? Si <strong><strong><strong><strong><span style=\"color: #1e3231;\"><strong><span style=\"color: #ff6600;\">CAMINAS<\/span><\/strong><\/span><\/strong><\/strong><\/strong><\/strong> con nosotros encontrar\u00e1s respuesta a estas preguntas y a muchas m\u00e1s. \u00a1<strong><strong><strong><strong><span style=\"color: #1e3231;\"><strong><span style=\"color: #ff6600;\">TE ESPERAMOS<\/span><\/strong><\/span><\/strong><\/strong><\/strong><\/strong>  en nuestras <strong><strong><strong><strong><strong><span style=\"color: #1e3231;\"><strong><span style=\"color: #ff6600;\">CAMINATAS<\/span><\/strong><\/span><\/strong><\/strong><\/strong><\/strong> <\/strong>!<\/p>\n\n\n\n<div class=\"wp-block-group alignfull\"><div class=\"wp-block-group__inner-container is-layout-flow wp-block-group-is-layout-flow\">\n<div class=\"wp-block-media-text alignfull is-stacked-on-mobile is-vertically-aligned-top is-image-fill has-accent-1-color has-text-color has-background\" style=\"background-color:#1e3231\"><figure class=\"wp-block-media-text__media\" style=\"background-image:url(https:\/\/enelsol.es\/wp-content\/uploads\/2022\/05\/bandoleros_pedriza_1-1024x766.jpg);background-position:50% 50%\"><img loading=\"lazy\" decoding=\"async\" width=\"1024\" height=\"766\" src=\"https:\/\/enelsol.es\/wp-content\/uploads\/2022\/05\/bandoleros_pedriza_1-1024x766.jpg\" alt=\"\" class=\"wp-image-1592 size-full\" srcset=\"https:\/\/enelsol.es\/wp-content\/uploads\/2022\/05\/bandoleros_pedriza_1-1024x766.jpg 1024w, https:\/\/enelsol.es\/wp-content\/uploads\/2022\/05\/bandoleros_pedriza_1-300x224.jpg 300w, https:\/\/enelsol.es\/wp-content\/uploads\/2022\/05\/bandoleros_pedriza_1-768x574.jpg 768w, https:\/\/enelsol.es\/wp-content\/uploads\/2022\/05\/bandoleros_pedriza_1-383x286.jpg 383w, https:\/\/enelsol.es\/wp-content\/uploads\/2022\/05\/bandoleros_pedriza_1.jpg 1082w\" sizes=\"auto, (max-width: 1024px) 100vw, 1024px\" \/><\/figure><div class=\"wp-block-media-text__content\">\n<p class=\"has-text-align-right has-sitebg-color has-text-color has-small-font-size\">HB-001 \/  AS-007 <img loading=\"lazy\" decoding=\"async\" width=\"33\" height=\"33\" class=\"wp-image-984\" style=\"width: 33px;\" src=\"https:\/\/enelsol.es\/wp-content\/uploads\/2022\/04\/huellas_mini.png\" alt=\"\"><\/p>\n\n\n\n<h6 class=\"wp-block-heading alignwide has-text-align-center has-sitebg-color has-text-color has-background has-normal-font-size\" style=\"background-color:#1e3231\"><strong>Bandoleros en La Pedriza<\/strong><\/h6>\n\n\n\n<p class=\"has-sitebg-color has-text-color\" style=\"font-size:12px\">Ruta de ida y vuelta por La Pedriza. Desde Manzanares el Real hasta El Tolmo y la base  del Hueso, all\u00ed nos daremos la vuelta. para regresar por Cantocochino hasta el punto de inicio.<\/p>\n\n\n\n<p class=\"has-sitebg-color has-text-color\" style=\"font-size:12px\">Para los m\u00e1s animosos, la Caminata se puede alargar visitando el Alcornoque del Bandolero, \u00e1rbol singular de m\u00e1s de 300 a\u00f1os.<\/p>\n\n\n\n<div class=\"wp-block-group\"><div class=\"wp-block-group__inner-container is-layout-flow wp-block-group-is-layout-flow\">\n<div class=\"wp-block-buttons is-horizontal is-content-justification-space-between is-nowrap is-layout-flex wp-container-core-buttons-is-layout-044bd602 wp-block-buttons-is-layout-flex\">\n<div class=\"wp-block-button has-custom-width wp-block-button__width-50 has-custom-font-size is-style-fill has-small-font-size\"><a class=\"wp-block-button__link has-sitebg-background-color has-text-color has-background wp-element-button\" href=\"https:\/\/enelsol.es\/?page_id=1607\" style=\"border-radius:100px;color:#1e3231\">Leer m\u00e1s<\/a><\/div>\n\n\n\n<div class=\"wp-block-button has-custom-width wp-block-button__width-50 has-custom-font-size is-style-fill has-small-font-size\"><a class=\"wp-block-button__link has-sitebg-background-color has-text-color has-background wp-element-button\" href=\"https:\/\/enelsol.es\/\/?page_id=28\" style=\"border-radius:100px;color:#1e3231\">Reservar<\/a><\/div>\n<\/div>\n<\/div><\/div>\n<\/div><\/div>\n\n\n\n<div class=\"wp-block-columns has-background is-layout-flex wp-container-core-columns-is-layout-9d6595d7 wp-block-columns-is-layout-flex\" style=\"background-color:#1e3231\">\n<div class=\"wp-block-column is-layout-flow wp-block-column-is-layout-flow\" style=\"flex-basis:1px\"><\/div>\n\n\n\n<div class=\"wp-block-column is-vertically-aligned-center is-layout-flow wp-block-column-is-layout-flow\">\n<p class=\"has-text-color has-small-font-size\" style=\"color:#1e3231\">L\u00ednea de relleno<\/p>\n\n\n\n<div class=\"wp-block-media-text is-vertically-aligned-top has-accent-1-color has-text-color\" style=\"grid-template-columns:15% auto\"><figure class=\"wp-block-media-text__media\"><img loading=\"lazy\" decoding=\"async\" width=\"32\" height=\"32\" src=\"https:\/\/enelsol.es\/\/wp-content\/uploads\/2022\/03\/calendario_mini.png\" alt=\"\" class=\"wp-image-403 size-full\"\/><\/figure><div class=\"wp-block-media-text__content\">\n<p class=\"has-text-align-left has-sitebg-color has-text-color has-small-font-size\">12 octubre 2024<\/p>\n<\/div><\/div>\n\n\n\n<p class=\"has-text-color has-small-font-size\" style=\"color:#1e3231\">L\u00ednea de relleno<\/p>\n<\/div>\n\n\n\n<div class=\"wp-block-column is-layout-flow wp-block-column-is-layout-flow\">\n<p class=\"has-text-color has-small-font-size\" style=\"color:#1e3231\">L\u00ednea de relleno<\/p>\n\n\n\n<div class=\"wp-block-media-text alignfull is-vertically-aligned-center\" style=\"grid-template-columns:15% auto\"><figure class=\"wp-block-media-text__media\"><img loading=\"lazy\" decoding=\"async\" width=\"33\" height=\"33\" src=\"https:\/\/enelsol.es\/\/wp-content\/uploads\/2022\/03\/itinerario_mini.png\" alt=\"\" class=\"wp-image-409 size-full\"\/><\/figure><div class=\"wp-block-media-text__content\">\n<p class=\"has-sitebg-color has-text-color has-small-font-size\">12 km <\/p>\n<\/div><\/div>\n\n\n\n<p class=\"has-text-color has-small-font-size\" style=\"color:#1e3231\">L\u00ednea de relleno<\/p>\n<\/div>\n\n\n\n<div class=\"wp-block-column is-layout-flow wp-block-column-is-layout-flow\">\n<p class=\"has-text-color has-small-font-size\" style=\"color:#1e3231\">L\u00ednea de relleno<\/p>\n\n\n\n<div class=\"wp-block-media-text alignfull is-vertically-aligned-center\" style=\"grid-template-columns:15% auto\"><figure class=\"wp-block-media-text__media\"><img loading=\"lazy\" decoding=\"async\" width=\"33\" height=\"33\" src=\"https:\/\/enelsol.es\/wp-content\/uploads\/2022\/03\/N1_mini.png\" alt=\"\" class=\"wp-image-413 size-full\"\/><\/figure><div class=\"wp-block-media-text__content\">\n<p class=\"has-sitebg-color has-text-color has-small-font-size\">Nivel  1+<\/p>\n<\/div><\/div>\n\n\n\n<p class=\"has-text-color has-small-font-size\" style=\"color:#1e3231\">L\u00ednea de relleno<\/p>\n<\/div>\n\n\n\n<div class=\"wp-block-column is-layout-flow wp-block-column-is-layout-flow\">\n<p class=\"has-text-color has-small-font-size\" style=\"color:#1e3231\">L\u00ednea de relleno<\/p>\n\n\n\n<div class=\"wp-block-media-text alignfull is-vertically-aligned-center\" style=\"grid-template-columns:15% auto\"><figure class=\"wp-block-media-text__media\"><img loading=\"lazy\" decoding=\"async\" width=\"33\" height=\"33\" src=\"https:\/\/enelsol.es\/\/wp-content\/uploads\/2022\/03\/euro_mini.png\" alt=\"\" class=\"wp-image-408 size-full\"\/><\/figure><div class=\"wp-block-media-text__content\">\n<p class=\"has-sitebg-color has-text-color has-small-font-size\">17 \u20ac<\/p>\n<\/div><\/div>\n\n\n\n<p class=\"has-text-color has-small-font-size\" style=\"color:#1e3231\">L\u00ednea de relleno<\/p>\n<\/div>\n<\/div>\n<\/div><\/div>\n\n\n\n<p class=\"has-sitebg-color has-text-color has-link-color wp-elements-f306afb9d21bab070df56952c1a77350\">.<\/p>\n\n\n\n<div class=\"wp-block-group alignfull\"><div class=\"wp-block-group__inner-container is-layout-flow wp-block-group-is-layout-flow\">\n<div class=\"wp-block-media-text alignfull has-media-on-the-right is-stacked-on-mobile is-vertically-aligned-top is-image-fill has-accent-1-color has-text-color has-background\" style=\"background-color:#1e3231\"><div class=\"wp-block-media-text__content\">\n<p class=\"has-text-align-left has-sitebg-color has-text-color has-small-font-size\">HB-002 <img loading=\"lazy\" decoding=\"async\" width=\"33\" height=\"33\" class=\"wp-image-984\" style=\"width: 33px;\" src=\"https:\/\/enelsol.es\/wp-content\/uploads\/2022\/04\/huellas_mini.png\" alt=\"\"><\/p>\n\n\n\n<h6 class=\"wp-block-heading alignwide has-text-align-center has-sitebg-color has-text-color has-background has-normal-font-size\" style=\"background-color:#1e3231\">Mata de los Ladrones y altos del Hontanar<\/h6>\n\n\n\n<p class=\"has-text-align-justify has-sitebg-color has-text-color\" style=\"font-size:12px\">Caminata de ida y vuelta por el espectacular robledal de La Mata de los Ladrones, entre Pinilla del Valle y los altos del Hontanar, un magnifico mirador del Valle del Lozoya, Cuerda Larga y los Montes Carpetanos, situado sobre el embalse de Pinilla. <\/p>\n\n\n\n<p class=\"has-text-align-justify has-sitebg-color has-text-color\" style=\"font-size:12px\">El nombre del robledal, Mata de los Ladrones, deriva de los hechos de bandolerismo que all\u00ed sucedieron.<\/p>\n\n\n\n<div class=\"wp-block-group\"><div class=\"wp-block-group__inner-container is-layout-flow wp-block-group-is-layout-flow\">\n<div class=\"wp-block-buttons is-horizontal is-content-justification-space-between is-nowrap is-layout-flex wp-container-core-buttons-is-layout-044bd602 wp-block-buttons-is-layout-flex\">\n<div class=\"wp-block-button has-custom-width wp-block-button__width-50 has-custom-font-size is-style-fill has-small-font-size\"><a class=\"wp-block-button__link has-sitebg-background-color has-text-color has-background wp-element-button\" href=\"https:\/\/enelsol.es\/?page_id=2121\" style=\"border-radius:100px;color:#1e3231\" target=\"_blank\" rel=\"noreferrer noopener\">Leer m\u00e1s<\/a><\/div>\n\n\n\n<div class=\"wp-block-button has-custom-width wp-block-button__width-50 has-custom-font-size is-style-fill has-small-font-size\"><a class=\"wp-block-button__link has-sitebg-background-color has-text-color has-background wp-element-button\" href=\"https:\/\/enelsol.es\/\/?page_id=28\" style=\"border-radius:100px;color:#1e3231\">Reservar<\/a><\/div>\n<\/div>\n<\/div><\/div>\n<\/div><figure class=\"wp-block-media-text__media\" style=\"background-image:url(https:\/\/enelsol.es\/wp-content\/uploads\/2022\/10\/Mata_1-1024x725.jpg);background-position:50% 50%\"><img loading=\"lazy\" decoding=\"async\" width=\"1024\" height=\"725\" src=\"https:\/\/enelsol.es\/wp-content\/uploads\/2022\/10\/Mata_1-1024x725.jpg\" alt=\"\" class=\"wp-image-2189 size-full\" srcset=\"https:\/\/enelsol.es\/wp-content\/uploads\/2022\/10\/Mata_1-1024x725.jpg 1024w, https:\/\/enelsol.es\/wp-content\/uploads\/2022\/10\/Mata_1-300x212.jpg 300w, https:\/\/enelsol.es\/wp-content\/uploads\/2022\/10\/Mata_1-768x544.jpg 768w, https:\/\/enelsol.es\/wp-content\/uploads\/2022\/10\/Mata_1-383x271.jpg 383w, https:\/\/enelsol.es\/wp-content\/uploads\/2022\/10\/Mata_1.jpg 1082w\" sizes=\"auto, (max-width: 1024px) 100vw, 1024px\" \/><\/figure><\/div>\n\n\n\n<div class=\"wp-block-columns has-background is-layout-flex wp-container-core-columns-is-layout-9d6595d7 wp-block-columns-is-layout-flex\" style=\"background-color:#1e3231\">\n<div class=\"wp-block-column is-layout-flow wp-block-column-is-layout-flow\" style=\"flex-basis:1px\"><\/div>\n\n\n\n<div class=\"wp-block-column is-vertically-aligned-center is-layout-flow wp-block-column-is-layout-flow\">\n<p class=\"has-text-color has-small-font-size\" style=\"color:#1e3231\">L\u00ednea de relleno<\/p>\n\n\n\n<div class=\"wp-block-media-text is-vertically-aligned-top has-accent-1-color has-text-color\" style=\"grid-template-columns:15% auto\"><figure class=\"wp-block-media-text__media\"><img loading=\"lazy\" decoding=\"async\" width=\"32\" height=\"32\" src=\"https:\/\/enelsol.es\/\/wp-content\/uploads\/2022\/03\/calendario_mini.png\" alt=\"\" class=\"wp-image-403 size-full\"\/><\/figure><div class=\"wp-block-media-text__content\">\n<p class=\"has-text-align-left has-sitebg-color has-text-color has-small-font-size\">17 de diciembre<\/p>\n<\/div><\/div>\n\n\n\n<p class=\"has-text-color has-link-color wp-elements-2a850426005cb65ded6938f20a6a5806\" style=\"color:#1e3132\">.<\/p>\n<\/div>\n\n\n\n<div class=\"wp-block-column is-layout-flow wp-block-column-is-layout-flow\">\n<p class=\"has-text-color has-small-font-size\" style=\"color:#1e3231\">L\u00ednea de relleno<\/p>\n\n\n\n<div class=\"wp-block-media-text alignfull is-vertically-aligned-center\" style=\"grid-template-columns:15% auto\"><figure class=\"wp-block-media-text__media\"><img loading=\"lazy\" decoding=\"async\" width=\"33\" height=\"33\" src=\"https:\/\/enelsol.es\/\/wp-content\/uploads\/2022\/03\/itinerario_mini.png\" alt=\"\" class=\"wp-image-409 size-full\"\/><\/figure><div class=\"wp-block-media-text__content\">\n<p class=\"has-sitebg-color has-text-color has-small-font-size\">15 km<\/p>\n<\/div><\/div>\n<\/div>\n\n\n\n<div class=\"wp-block-column is-layout-flow wp-block-column-is-layout-flow\">\n<p class=\"has-text-color has-small-font-size\" style=\"color:#1e3231\">L\u00ednea de relleno<\/p>\n\n\n\n<div class=\"wp-block-media-text alignfull is-vertically-aligned-center\" style=\"grid-template-columns:15% auto\"><figure class=\"wp-block-media-text__media\"><img loading=\"lazy\" decoding=\"async\" width=\"33\" height=\"33\" src=\"https:\/\/enelsol.es\/wp-content\/uploads\/2022\/03\/N1_mini.png\" alt=\"\" class=\"wp-image-413 size-full\"\/><\/figure><div class=\"wp-block-media-text__content\">\n<p class=\"has-sitebg-color has-text-color has-small-font-size\">Nivel 1+<\/p>\n<\/div><\/div>\n<\/div>\n\n\n\n<div class=\"wp-block-column is-layout-flow wp-block-column-is-layout-flow\">\n<p class=\"has-text-color has-small-font-size\" style=\"color:#1e3231\">L\u00ednea de relleno<\/p>\n\n\n\n<div class=\"wp-block-media-text alignfull is-vertically-aligned-center\" style=\"grid-template-columns:15% auto\"><figure class=\"wp-block-media-text__media\"><img loading=\"lazy\" decoding=\"async\" width=\"33\" height=\"33\" src=\"https:\/\/enelsol.es\/\/wp-content\/uploads\/2022\/03\/euro_mini.png\" alt=\"\" class=\"wp-image-408 size-full\"\/><\/figure><div class=\"wp-block-media-text__content\">\n<p class=\"has-sitebg-color has-text-color has-small-font-size\">15 \u20ac<\/p>\n<\/div><\/div>\n<\/div>\n<\/div>\n<\/div><\/div>\n\n\n\n<div class=\"wp-block-media-text alignfull is-stacked-on-mobile is-vertically-aligned-top is-image-fill-element has-accent-1-color has-text-color has-background\" style=\"background-color:#1e3231\"><figure class=\"wp-block-media-text__media\"><img loading=\"lazy\" decoding=\"async\" width=\"1024\" height=\"768\" src=\"https:\/\/enelsol.es\/wp-content\/uploads\/2026\/05\/Mierlo_2-1024x768.jpg\" alt=\"\" class=\"wp-image-6592 size-full\" style=\"object-position:50% 50%\" srcset=\"https:\/\/enelsol.es\/wp-content\/uploads\/2026\/05\/Mierlo_2-1024x768.jpg 1024w, https:\/\/enelsol.es\/wp-content\/uploads\/2026\/05\/Mierlo_2-300x225.jpg 300w, https:\/\/enelsol.es\/wp-content\/uploads\/2026\/05\/Mierlo_2-768x576.jpg 768w, https:\/\/enelsol.es\/wp-content\/uploads\/2026\/05\/Mierlo_2-383x287.jpg 383w, https:\/\/enelsol.es\/wp-content\/uploads\/2026\/05\/Mierlo_2.jpg 1082w\" sizes=\"auto, (max-width: 1024px) 100vw, 1024px\" \/><\/figure><div class=\"wp-block-media-text__content\">\n<p class=\"has-text-align-right has-sitebg-color has-text-color has-small-font-size\">HB-003<img loading=\"lazy\" decoding=\"async\" width=\"33\" height=\"33\" class=\"wp-image-986\" style=\"width: 33px;\" src=\"https:\/\/enelsol.es\/\/wp-content\/uploads\/2022\/04\/arbol_mini.png\" alt=\"\"><\/p>\n\n\n\n<h6 class=\"wp-block-heading alignwide has-text-align-center has-sitebg-color has-text-color has-background has-normal-font-size\" style=\"background-color:#1e3231\"><strong><strong>La Cruz del Mierlo, de La Pedriza a Los Porrones<\/strong><\/strong><\/h6>\n\n\n\n<p class=\"has-sitebg-color has-text-color\" style=\"font-size:12px\">Caminata circular que nos lleva por lugares relevantes de la historia del bandolerismo en La Pedriza en el que destacan el Alcornoque del Bandolero y la Cruz del Mierlo.<\/p>\n\n\n\n<p class=\"has-sitebg-color has-text-color\" style=\"font-size:12px\">Miradores con vistas excepcionales de toda la Pedriza, Cuerda Larga, las cumbres y la llanura con el embalse al fondo. Para completar dos alcornoques, \u00e1rboles centenarios incluidos en el cat\u00e1logo de \u00e1rboles singulares de la CAM .<\/p>\n\n\n\n<div class=\"wp-block-group\"><div class=\"wp-block-group__inner-container is-layout-flow wp-block-group-is-layout-flow\">\n<div class=\"wp-block-buttons is-horizontal is-content-justification-space-between is-nowrap is-layout-flex wp-container-core-buttons-is-layout-044bd602 wp-block-buttons-is-layout-flex\">\n<div class=\"wp-block-button has-custom-width wp-block-button__width-50 is-style-fill\"><a class=\"wp-block-button__link has-sitebg-background-color has-text-color has-background has-small-font-size has-custom-font-size wp-element-button\" href=\"https:\/\/enelsol.es\/?page_id=6701\" style=\"border-radius:100px;color:#1e3231\" target=\"_blank\" rel=\"noreferrer noopener\">Leer m\u00e1s<\/a><\/div>\n\n\n\n<div class=\"wp-block-button has-custom-width wp-block-button__width-50 is-style-fill\"><a class=\"wp-block-button__link has-sitebg-background-color has-text-color has-background has-small-font-size has-custom-font-size wp-element-button\" href=\"https:\/\/enelsol.es\/\/?page_id=28\" style=\"border-radius:100px;color:#1e3231\">Reservar<\/a><\/div>\n<\/div>\n<\/div><\/div>\n<\/div><\/div>\n\n\n\n<div class=\"wp-block-columns has-background is-layout-flex wp-container-core-columns-is-layout-9d6595d7 wp-block-columns-is-layout-flex\" style=\"background-color:#1e3231\">\n<div class=\"wp-block-column is-layout-flow wp-block-column-is-layout-flow\">\n<p class=\"has-text-color has-small-font-size\" style=\"color:#1e3231\">linea<\/p>\n\n\n\n<div class=\"wp-block-media-text is-vertically-aligned-top has-accent-1-color has-text-color\" style=\"grid-template-columns:15% auto\"><figure class=\"wp-block-media-text__media\"><img loading=\"lazy\" decoding=\"async\" width=\"32\" height=\"32\" src=\"https:\/\/enelsol.es\/\/wp-content\/uploads\/2022\/03\/calendario_mini.png\" alt=\"\" class=\"wp-image-403 size-full\"\/><\/figure><div class=\"wp-block-media-text__content\">\n<p class=\"has-text-align-left has-sitebg-color has-text-color has-small-font-size\">6 de junio 2026<\/p>\n<\/div><\/div>\n\n\n\n<p class=\"has-text-color has-small-font-size\" style=\"color:#1e3231\">linea<\/p>\n<\/div>\n\n\n\n<div class=\"wp-block-column is-layout-flow wp-block-column-is-layout-flow\">\n<p class=\"has-text-color has-small-font-size\" style=\"color:#1e3231\"> linea<\/p>\n\n\n\n<div class=\"wp-block-media-text alignfull\" style=\"grid-template-columns:15% auto\"><figure class=\"wp-block-media-text__media\"><img loading=\"lazy\" decoding=\"async\" width=\"33\" height=\"33\" src=\"https:\/\/enelsol.es\/\/wp-content\/uploads\/2022\/03\/itinerario_mini.png\" alt=\"\" class=\"wp-image-409 size-full\"\/><\/figure><div class=\"wp-block-media-text__content\">\n<p class=\"has-sitebg-color has-text-color has-small-font-size\">15.5 km<\/p>\n<\/div><\/div>\n\n\n\n<p class=\"has-text-color has-small-font-size\" style=\"color:#1e3231\">linea<\/p>\n<\/div>\n\n\n\n<div class=\"wp-block-column is-layout-flow wp-block-column-is-layout-flow\">\n<p class=\"has-text-color has-small-font-size\" style=\"color:#1e3231\">linea<\/p>\n\n\n\n<div class=\"wp-block-media-text alignfull is-vertically-aligned-top\" style=\"grid-template-columns:15% auto\"><figure class=\"wp-block-media-text__media\"><img loading=\"lazy\" decoding=\"async\" width=\"33\" height=\"33\" src=\"https:\/\/enelsol.es\/\/wp-content\/uploads\/2022\/03\/N2_mini.png\" alt=\"\" class=\"wp-image-414 size-full\"\/><\/figure><div class=\"wp-block-media-text__content\">\n<p class=\"has-sitebg-color has-text-color has-small-font-size\">Nivel 1+<\/p>\n<\/div><\/div>\n\n\n\n<p class=\"has-text-color has-small-font-size\" style=\"color:#1e3231\">linea <\/p>\n<\/div>\n\n\n\n<div class=\"wp-block-column is-layout-flow wp-block-column-is-layout-flow\">\n<p class=\"has-text-color has-small-font-size\" style=\"color:#1e3231\"> linea<\/p>\n\n\n\n<div class=\"wp-block-media-text alignfull is-vertically-aligned-top\" style=\"grid-template-columns:15% auto\"><figure class=\"wp-block-media-text__media\"><img loading=\"lazy\" decoding=\"async\" width=\"33\" height=\"33\" src=\"https:\/\/enelsol.es\/\/wp-content\/uploads\/2022\/03\/euro_mini.png\" alt=\"\" class=\"wp-image-408 size-full\"\/><\/figure><div class=\"wp-block-media-text__content\">\n<p class=\"has-sitebg-color has-text-color has-small-font-size\">17  \u20ac<\/p>\n<\/div><\/div>\n\n\n\n<p class=\"has-text-color has-small-font-size\" style=\"color:#1e3231\">linea<\/p>\n<\/div>\n<\/div>\n","protected":false},"excerpt":{"rendered":"<p>El fen\u00f3meno del bandolerismo ha existido, desde muy antiguo, en toda Europa. Existen cr\u00f3nicas de la \u00e9poca Romana que lo atestiguan. As\u00ed los bandoleros, asaltacaminos, &hellip;<\/p>\n","protected":false},"author":1,"featured_media":0,"parent":2,"menu_order":2,"comment_status":"closed","ping_status":"closed","template":"","meta":{"advanced_seo_description":"","jetpack_seo_html_title":"","jetpack_seo_noindex":false,"footnotes":""},"class_list":["post-124","page","type-page","status-publish","hentry"],"jetpack_sharing_enabled":true,"_links":{"self":[{"href":"https:\/\/enelsol.es\/index.php?rest_route=\/wp\/v2\/pages\/124","targetHints":{"allow":["GET"]}}],"collection":[{"href":"https:\/\/enelsol.es\/index.php?rest_route=\/wp\/v2\/pages"}],"about":[{"href":"https:\/\/enelsol.es\/index.php?rest_route=\/wp\/v2\/types\/page"}],"author":[{"embeddable":true,"href":"https:\/\/enelsol.es\/index.php?rest_route=\/wp\/v2\/users\/1"}],"replies":[{"embeddable":true,"href":"https:\/\/enelsol.es\/index.php?rest_route=%2Fwp%2Fv2%2Fcomments&post=124"}],"version-history":[{"count":17,"href":"https:\/\/enelsol.es\/index.php?rest_route=\/wp\/v2\/pages\/124\/revisions"}],"predecessor-version":[{"id":6693,"href":"https:\/\/enelsol.es\/index.php?rest_route=\/wp\/v2\/pages\/124\/revisions\/6693"}],"up":[{"embeddable":true,"href":"https:\/\/enelsol.es\/index.php?rest_route=\/wp\/v2\/pages\/2"}],"wp:attachment":[{"href":"https:\/\/enelsol.es\/index.php?rest_route=%2Fwp%2Fv2%2Fmedia&parent=124"}],"curies":[{"name":"wp","href":"https:\/\/api.w.org\/{rel}","templated":true}]}}