{"id":119,"date":"2022-03-17T22:15:47","date_gmt":"2022-03-17T22:15:47","guid":{"rendered":"https:\/\/enelsol.es\/\/?page_id=119"},"modified":"2022-09-05T17:45:17","modified_gmt":"2022-09-05T17:45:17","slug":"vias-verdes","status":"publish","type":"page","link":"https:\/\/enelsol.es\/?page_id=119","title":{"rendered":"V\u00edas Verdes"},"content":{"rendered":"\n<p class=\"has-text-align-center has-accent-1-color has-text-color\" style=\"font-size:35px\"><strong>\u00bfQu\u00e9 son las V\u00edas Verdes?<\/strong><\/p>\n\n\n\n<p class=\"has-text-align-justify has-text-color\" style=\"color:#1e3231\">Las <a rel=\"noreferrer noopener\" href=\"https:\/\/www.viasverdes.com\/\" target=\"_blank\">V\u00edas Verdes<\/a> son antiguos trazados de ferrocarril en desuso que la Fundaci\u00f3n de los Ferrocarriles Espa\u00f1oles ha recuperado para ser recorridos a pie y en bicicleta. Son en general trayectos c\u00f3modos, sin pendiente apreciable que invitan a una c\u00f3moda  <span style=\"color: #ff6600;\"><strong>Caminata<\/strong><\/span>.<\/p>\n\n\n\n<p class=\"has-text-align-justify has-text-color\" style=\"color:#1e3231\">En Espa\u00f1a, existen m\u00e1s de 3.200 kil\u00f3metros de infraestructuras ferroviarias en desuso que han sido reconvertidas en itinerarios cicloturistas y senderistas en el marco del&nbsp;<strong>Programa V\u00edas Verdes<\/strong>, coordinado por la&nbsp;<strong>Fundaci\u00f3n de los Ferrocarriles Espa\u00f1oles.<\/strong><\/p>\n\n\n\n<p class=\"has-text-color\" style=\"color:#1e3231\">En la Comunidad de Madrid existen varios itinerarios habilitados para recorrer  <span style=\"color: #ff6600;\"><strong>Caminando<\/strong><\/span>, todos ellos en el entorno de los principales r\u00edos de la comunidad, Guadarrama, Taju\u00f1a y Alberche.<\/p>\n\n\n\n<div class=\"wp-block-group alignfull\"><div class=\"wp-block-group__inner-container is-layout-flow wp-block-group-is-layout-flow\">\n<div class=\"wp-block-media-text alignfull is-stacked-on-mobile is-vertically-aligned-top is-image-fill-element has-accent-1-color has-text-color has-background\" style=\"background-color:#1e3231\"><figure class=\"wp-block-media-text__media\"><img loading=\"lazy\" decoding=\"async\" width=\"1024\" height=\"766\" src=\"https:\/\/enelsol.es\/wp-content\/uploads\/2022\/09\/VVAlberche_1-1024x766.jpg\" alt=\"\" class=\"wp-image-1971 size-full\" style=\"object-position:50% 50%\" srcset=\"https:\/\/enelsol.es\/wp-content\/uploads\/2022\/09\/VVAlberche_1-1024x766.jpg 1024w, https:\/\/enelsol.es\/wp-content\/uploads\/2022\/09\/VVAlberche_1-300x224.jpg 300w, https:\/\/enelsol.es\/wp-content\/uploads\/2022\/09\/VVAlberche_1-768x574.jpg 768w, https:\/\/enelsol.es\/wp-content\/uploads\/2022\/09\/VVAlberche_1-383x286.jpg 383w, https:\/\/enelsol.es\/wp-content\/uploads\/2022\/09\/VVAlberche_1.jpg 1082w\" sizes=\"auto, (max-width: 1024px) 100vw, 1024px\" \/><\/figure><div class=\"wp-block-media-text__content\">\n<p class=\"has-text-align-right has-sitebg-color has-text-color has-small-font-size\">VV-001 <img loading=\"lazy\" decoding=\"async\" width=\"33\" height=\"33\" class=\"wp-image-986\" style=\"width: 33px;\" src=\"https:\/\/enelsol.es\/\/wp-content\/uploads\/2022\/04\/arbol_mini.png\" alt=\"\"><\/p>\n\n\n\n<h6 class=\"wp-block-heading alignwide has-text-align-center has-sitebg-color has-text-color has-background has-normal-font-size\" style=\"background-color:#1e3231\">V\u00eda Verde del Alberche<\/h6>\n\n\n\n<p class=\"has-text-align-justify has-sitebg-color has-text-color\" style=\"font-size:12px\">Caminata semi-circular por la Tierra de Pinares, entre las sierras de Gredos y Guadarrama. <\/p>\n\n\n\n<p class=\"has-text-align-justify has-sitebg-color has-text-color\" style=\"font-size:12px\">Comienza en la cola del embalse de Picadas, al pie del muro del pantano de San Juan, y recorre el embalse hasta la presa. El regreso se hace, parcialmente, por el mismo camino. El tramo final transita a media ladera, entre los pinos, desde donde se disfruta de magn\u00edficas vistas de todo el entorno.<\/p>\n\n\n\n<div class=\"wp-block-group\"><div class=\"wp-block-group__inner-container is-layout-flow wp-block-group-is-layout-flow\">\n<div class=\"wp-block-buttons is-horizontal is-content-justification-space-between is-nowrap is-layout-flex wp-container-core-buttons-is-layout-044bd602 wp-block-buttons-is-layout-flex\">\n<div class=\"wp-block-button has-custom-width wp-block-button__width-50 is-style-fill\"><a class=\"wp-block-button__link has-sitebg-background-color has-text-color has-background has-small-font-size has-custom-font-size wp-element-button\" href=\"https:\/\/enelsol.es\/?page_id=1980\" style=\"border-radius:100px;color:#1e3231\">Leer m\u00e1s<\/a><\/div>\n\n\n\n<div class=\"wp-block-button has-custom-width wp-block-button__width-50 is-style-fill\"><a class=\"wp-block-button__link has-sitebg-background-color has-text-color has-background has-small-font-size has-custom-font-size wp-element-button\" href=\"https:\/\/enelsol.es\/\/?page_id=28\" style=\"border-radius:100px;color:#1e3231\">Reservar<\/a><\/div>\n<\/div>\n<\/div><\/div>\n<\/div><\/div>\n\n\n\n<div class=\"wp-block-columns has-background is-layout-flex wp-container-core-columns-is-layout-9d6595d7 wp-block-columns-is-layout-flex\" style=\"background-color:#1e3231\">\n<div class=\"wp-block-column is-layout-flow wp-block-column-is-layout-flow\">\n<p class=\"has-text-color has-small-font-size\" style=\"color:#1e3231\">linea<\/p>\n\n\n\n<div class=\"wp-block-media-text is-vertically-aligned-top has-accent-1-color has-text-color\" style=\"grid-template-columns:15% auto\"><figure class=\"wp-block-media-text__media\"><img loading=\"lazy\" decoding=\"async\" width=\"32\" height=\"32\" src=\"https:\/\/enelsol.es\/\/wp-content\/uploads\/2022\/03\/calendario_mini.png\" alt=\"\" class=\"wp-image-403 size-full\"\/><\/figure><div class=\"wp-block-media-text__content\">\n<p class=\"has-text-align-left has-sitebg-color has-text-color has-small-font-size\">Octubre 2025<\/p>\n<\/div><\/div>\n\n\n\n<p class=\"has-text-color has-small-font-size\" style=\"color:#1e3231\">linea<\/p>\n<\/div>\n\n\n\n<div class=\"wp-block-column is-layout-flow wp-block-column-is-layout-flow\">\n<p class=\"has-text-color has-small-font-size\" style=\"color:#1e3231\"> linea<\/p>\n\n\n\n<div class=\"wp-block-media-text alignfull\" style=\"grid-template-columns:15% auto\"><figure class=\"wp-block-media-text__media\"><img loading=\"lazy\" decoding=\"async\" width=\"33\" height=\"33\" src=\"https:\/\/enelsol.es\/\/wp-content\/uploads\/2022\/03\/itinerario_mini.png\" alt=\"\" class=\"wp-image-409 size-full\"\/><\/figure><div class=\"wp-block-media-text__content\">\n<p class=\"has-sitebg-color has-text-color has-small-font-size\">14 km<\/p>\n<\/div><\/div>\n\n\n\n<p class=\"has-text-color has-small-font-size\" style=\"color:#1e3231\">linea<\/p>\n<\/div>\n\n\n\n<div class=\"wp-block-column is-layout-flow wp-block-column-is-layout-flow\">\n<p class=\"has-text-color has-small-font-size\" style=\"color:#1e3231\">linea<\/p>\n\n\n\n<div class=\"wp-block-media-text alignfull is-vertically-aligned-top\" style=\"grid-template-columns:15% auto\"><figure class=\"wp-block-media-text__media\"><img loading=\"lazy\" decoding=\"async\" width=\"33\" height=\"33\" src=\"https:\/\/enelsol.es\/wp-content\/uploads\/2022\/03\/N1_mini.png\" alt=\"\" class=\"wp-image-413 size-full\"\/><\/figure><div class=\"wp-block-media-text__content\">\n<p class=\"has-sitebg-color has-text-color has-small-font-size\">Nivel 1 (bajo)<\/p>\n<\/div><\/div>\n\n\n\n<p class=\"has-text-color has-small-font-size\" style=\"color:#1e3231\">linea <\/p>\n<\/div>\n\n\n\n<div class=\"wp-block-column is-layout-flow wp-block-column-is-layout-flow\">\n<p class=\"has-text-color has-small-font-size\" style=\"color:#1e3231\"> linea<\/p>\n\n\n\n<div class=\"wp-block-media-text alignfull is-vertically-aligned-top\" style=\"grid-template-columns:15% auto\"><figure class=\"wp-block-media-text__media\"><img loading=\"lazy\" decoding=\"async\" width=\"33\" height=\"33\" src=\"https:\/\/enelsol.es\/\/wp-content\/uploads\/2022\/03\/euro_mini.png\" alt=\"\" class=\"wp-image-408 size-full\"\/><\/figure><div class=\"wp-block-media-text__content\">\n<p class=\"has-sitebg-color has-text-color has-small-font-size\">17 \u20ac<\/p>\n<\/div><\/div>\n\n\n\n<p class=\"has-text-color has-small-font-size\" style=\"color:#1e3231\">linea<\/p>\n<\/div>\n<\/div>\n<\/div><\/div>\n","protected":false},"excerpt":{"rendered":"<p>\u00bfQu\u00e9 son las V\u00edas Verdes? Las V\u00edas Verdes son antiguos trazados de ferrocarril en desuso que la Fundaci\u00f3n de los Ferrocarriles Espa\u00f1oles ha recuperado para &hellip;<\/p>\n","protected":false},"author":1,"featured_media":0,"parent":2,"menu_order":3,"comment_status":"closed","ping_status":"closed","template":"","meta":{"advanced_seo_description":"","jetpack_seo_html_title":"","jetpack_seo_noindex":false,"footnotes":""},"class_list":["post-119","page","type-page","status-publish","hentry"],"jetpack_sharing_enabled":true,"_links":{"self":[{"href":"https:\/\/enelsol.es\/index.php?rest_route=\/wp\/v2\/pages\/119","targetHints":{"allow":["GET"]}}],"collection":[{"href":"https:\/\/enelsol.es\/index.php?rest_route=\/wp\/v2\/pages"}],"about":[{"href":"https:\/\/enelsol.es\/index.php?rest_route=\/wp\/v2\/types\/page"}],"author":[{"embeddable":true,"href":"https:\/\/enelsol.es\/index.php?rest_route=\/wp\/v2\/users\/1"}],"replies":[{"embeddable":true,"href":"https:\/\/enelsol.es\/index.php?rest_route=%2Fwp%2Fv2%2Fcomments&post=119"}],"version-history":[{"count":7,"href":"https:\/\/enelsol.es\/index.php?rest_route=\/wp\/v2\/pages\/119\/revisions"}],"predecessor-version":[{"id":2004,"href":"https:\/\/enelsol.es\/index.php?rest_route=\/wp\/v2\/pages\/119\/revisions\/2004"}],"up":[{"embeddable":true,"href":"https:\/\/enelsol.es\/index.php?rest_route=\/wp\/v2\/pages\/2"}],"wp:attachment":[{"href":"https:\/\/enelsol.es\/index.php?rest_route=%2Fwp%2Fv2%2Fmedia&parent=119"}],"curies":[{"name":"wp","href":"https:\/\/api.w.org\/{rel}","templated":true}]}}